{"id":42914,"date":"2026-04-29T00:52:22","date_gmt":"2026-04-29T00:52:22","guid":{"rendered":"https:\/\/agrotechtyres.com\/product\/480-45-17-ceat-floatation-plus-tl-18pr-pneu\/"},"modified":"2026-04-29T00:52:22","modified_gmt":"2026-04-29T00:52:22","slug":"480-45-17-ceat-floatation-plus-tl-18pr-pneu","status":"publish","type":"product","link":"https:\/\/agrotechtyres.com\/fr\/produit\/480-45-17-ceat-floatation-plus-tl-18pr-pneu\/","title":{"rendered":"480\/45-17 CEAT FLOATATION PLUS TL 18PR Pneu"},"content":{"rendered":"<p>Le 480\/45-17 CEAT FLOATATION PLUS TL 18PR Pneu est un pneu diagonal TL con\u00e7u pour applications de flottation. Il offre une performance stable, une bonne durabilit\u00e9 et une utilisation fiable pour les \u00e9quipements agricoles, industriels et de construction.<\/p>\n<p>Caract\u00e9ristiques principales : dimension 480\/45-17, marque CEAT, mod\u00e8le FLOATATION PLUS, construction diagonal, version TL. V\u00e9rifiez la disponibilit\u00e9 et les options de livraison avec AgroTech Solution.<\/p>\n","protected":false},"excerpt":{"rendered":"<p>Pneu agro-industriel pour applications de flottation, con\u00e7u pour offrir des performances fiables dans des conditions exigeantes.<\/p>\n","protected":false},"featured_media":41107,"comment_status":"open","ping_status":"closed","template":"","meta":{"inline_featured_image":false},"product_brand":[],"product_cat":[2633],"product_tag":[1691,2278,1675,1664,1680,2279,1929,1665],"class_list":{"0":"post-42914","1":"product","2":"type-product","3":"status-publish","4":"has-post-thumbnail","6":"product_cat-pneus-agro-industriels","7":"product_tag-18pr","8":"product_tag-480-45-17","9":"product_tag-agro-industrial","10":"product_tag-bias","11":"product_tag-ceat","12":"product_tag-floatation-plus","13":"product_tag-flotation","14":"product_tag-tl","15":"pa_application-flottaison","16":"pa_brand-ceat","17":"pa_construction-diagonal","18":"pa_model-floatation-plus-fr","19":"pa_pr-18-fr-2","20":"pa_profile-45-fr-2","21":"pa_rim-diameter-17-fr-2","22":"pa_tl-tt-tl-fr","23":"pa_tyre-size-480-45-17-fr","24":"pa_width-480-fr-2","26":"first","27":"instock","28":"taxable","29":"shipping-taxable","30":"purchasable","31":"product-type-simple"},"_links":{"self":[{"href":"https:\/\/agrotechtyres.com\/fr\/wp-json\/wp\/v2\/product\/42914","targetHints":{"allow":["GET"]}}],"collection":[{"href":"https:\/\/agrotechtyres.com\/fr\/wp-json\/wp\/v2\/product"}],"about":[{"href":"https:\/\/agrotechtyres.com\/fr\/wp-json\/wp\/v2\/types\/product"}],"replies":[{"embeddable":true,"href":"https:\/\/agrotechtyres.com\/fr\/wp-json\/wp\/v2\/comments?post=42914"}],"version-history":[{"count":0,"href":"https:\/\/agrotechtyres.com\/fr\/wp-json\/wp\/v2\/product\/42914\/revisions"}],"wp:featuredmedia":[{"embeddable":true,"href":"https:\/\/agrotechtyres.com\/fr\/wp-json\/wp\/v2\/media\/41107"}],"wp:attachment":[{"href":"https:\/\/agrotechtyres.com\/fr\/wp-json\/wp\/v2\/media?parent=42914"}],"wp:term":[{"taxonomy":"product_brand","embeddable":true,"href":"https:\/\/agrotechtyres.com\/fr\/wp-json\/wp\/v2\/product_brand?post=42914"},{"taxonomy":"product_cat","embeddable":true,"href":"https:\/\/agrotechtyres.com\/fr\/wp-json\/wp\/v2\/product_cat?post=42914"},{"taxonomy":"product_tag","embeddable":true,"href":"https:\/\/agrotechtyres.com\/fr\/wp-json\/wp\/v2\/product_tag?post=42914"}],"curies":[{"name":"wp","href":"https:\/\/api.w.org\/{rel}","templated":true}]}}