{"id":42907,"date":"2026-04-29T00:52:21","date_gmt":"2026-04-29T00:52:21","guid":{"rendered":"https:\/\/agrotechtyres.com\/product\/445-95r25-174f-177e-cm770-westlake-tl-eu-and-set-air-seal-ring-pneu\/"},"modified":"2026-04-29T00:52:21","modified_gmt":"2026-04-29T00:52:21","slug":"445-95r25-174f-177e-cm770-westlake-tl-eu-and-set-air-seal-ring-pneu","status":"publish","type":"product","link":"https:\/\/agrotechtyres.com\/fr\/produit\/445-95r25-174f-177e-cm770-westlake-tl-eu-and-set-air-seal-ring-pneu\/","title":{"rendered":"445\/95R25 (174F\/177E) CM770 WESTLAKE TL EU&#038;SET Air Seal Ring Pneu"},"content":{"rendered":"<p>Le 445\/95R25 (174F\/177E) CM770 WESTLAKE TL EU&amp;SET Air Seal Ring Pneu est un pneu diagonal TL con\u00e7u pour chargeuses, engins industriels et machines de construction. Il offre une performance stable, une bonne durabilit\u00e9 et une utilisation fiable pour les \u00e9quipements agricoles, industriels et de construction.<\/p>\n<p>Caract\u00e9ristiques principales : dimension 445\/95R25, marque WESTLAKE, mod\u00e8le CM770 Air Seal Ring, construction diagonal, version TL. V\u00e9rifiez la disponibilit\u00e9 et les options de livraison avec AgroTech Solution.<\/p>\n","protected":false},"excerpt":{"rendered":"<p>Pneu pour engins de chantier pour chargeuses, engins industriels et machines de construction, con\u00e7u pour offrir des performances fiables dans des conditions exigeantes.<\/p>\n","protected":false},"featured_media":38662,"comment_status":"open","ping_status":"closed","template":"","meta":{"inline_featured_image":false},"product_brand":[],"product_cat":[2634],"product_tag":[2241,2240,1664,2161,1662,1663,1665,1670],"class_list":{"0":"post-42907","1":"product","2":"type-product","3":"status-publish","4":"has-post-thumbnail","6":"product_cat-pneus-de-construction","7":"product_tag-174f-177e","8":"product_tag-445-95r25","9":"product_tag-bias","10":"product_tag-cm770-air-seal-ring","11":"product_tag-construction","12":"product_tag-cwl-other-industrial-construction","13":"product_tag-tl","14":"product_tag-westlake","15":"pa_application-cwl-autres-applications-industrielles-et-construction","16":"pa_brand-westlake","17":"pa_construction-diagonal","18":"pa_load-index-174f-177e-fr-2","19":"pa_model-cm770-air-seal-ring-fr","20":"pa_profile-95-fr-2","21":"pa_rim-diameter-25-fr-2","22":"pa_tl-tt-tl-fr","23":"pa_tyre-size-445-95r25-fr","24":"pa_width-445-fr-2","26":"first","27":"outofstock","28":"taxable","29":"shipping-taxable","30":"purchasable","31":"product-type-simple"},"_links":{"self":[{"href":"https:\/\/agrotechtyres.com\/fr\/wp-json\/wp\/v2\/product\/42907","targetHints":{"allow":["GET"]}}],"collection":[{"href":"https:\/\/agrotechtyres.com\/fr\/wp-json\/wp\/v2\/product"}],"about":[{"href":"https:\/\/agrotechtyres.com\/fr\/wp-json\/wp\/v2\/types\/product"}],"replies":[{"embeddable":true,"href":"https:\/\/agrotechtyres.com\/fr\/wp-json\/wp\/v2\/comments?post=42907"}],"version-history":[{"count":0,"href":"https:\/\/agrotechtyres.com\/fr\/wp-json\/wp\/v2\/product\/42907\/revisions"}],"wp:featuredmedia":[{"embeddable":true,"href":"https:\/\/agrotechtyres.com\/fr\/wp-json\/wp\/v2\/media\/38662"}],"wp:attachment":[{"href":"https:\/\/agrotechtyres.com\/fr\/wp-json\/wp\/v2\/media?parent=42907"}],"wp:term":[{"taxonomy":"product_brand","embeddable":true,"href":"https:\/\/agrotechtyres.com\/fr\/wp-json\/wp\/v2\/product_brand?post=42907"},{"taxonomy":"product_cat","embeddable":true,"href":"https:\/\/agrotechtyres.com\/fr\/wp-json\/wp\/v2\/product_cat?post=42907"},{"taxonomy":"product_tag","embeddable":true,"href":"https:\/\/agrotechtyres.com\/fr\/wp-json\/wp\/v2\/product_tag?post=42907"}],"curies":[{"name":"wp","href":"https:\/\/api.w.org\/{rel}","templated":true}]}}