{"id":42891,"date":"2026-04-29T00:52:18","date_gmt":"2026-04-29T00:52:18","guid":{"rendered":"https:\/\/agrotechtyres.com\/product\/405-70-24-ceat-mpt-800-tl-14pr-pneu\/"},"modified":"2026-04-29T00:52:18","modified_gmt":"2026-04-29T00:52:18","slug":"405-70-24-ceat-mpt-800-tl-14pr-pneu","status":"publish","type":"product","link":"https:\/\/agrotechtyres.com\/fr\/produit\/405-70-24-ceat-mpt-800-tl-14pr-pneu\/","title":{"rendered":"405\/70-24 CEAT MPT 800 TL 14PR Pneu"},"content":{"rendered":"<p>Le 405\/70-24 CEAT MPT 800 TL 14PR Pneu est un pneu diagonal TL con\u00e7u pour chariots t\u00e9lescopiques. Il offre une performance stable, une bonne durabilit\u00e9 et une utilisation fiable pour les \u00e9quipements agricoles, industriels et de construction.<\/p>\n<p>Caract\u00e9ristiques principales : dimension 405\/70-24, marque CEAT, mod\u00e8le MPT 800, construction diagonal, version TL. V\u00e9rifiez la disponibilit\u00e9 et les options de livraison avec AgroTech Solution.<\/p>\n","protected":false},"excerpt":{"rendered":"<p>Pneu pour engins de chantier pour chariots t\u00e9lescopiques, con\u00e7u pour offrir des performances fiables dans des conditions exigeantes.<\/p>\n","protected":false},"featured_media":37984,"comment_status":"open","ping_status":"closed","template":"","meta":{"inline_featured_image":false},"product_brand":[],"product_cat":[2634],"product_tag":[1677,2209,1664,1680,1662,2210,1682,1665],"class_list":{"0":"post-42891","1":"product","2":"type-product","3":"status-publish","4":"has-post-thumbnail","6":"product_cat-pneus-de-construction","7":"product_tag-14pr","8":"product_tag-405-70-24","9":"product_tag-bias","10":"product_tag-ceat","11":"product_tag-construction","12":"product_tag-mpt-800","13":"product_tag-telehandler","14":"product_tag-tl","15":"pa_application-chariot-telescopique","16":"pa_brand-ceat","17":"pa_construction-diagonal","18":"pa_model-mpt-800-fr","19":"pa_pr-14-fr","20":"pa_profile-70-fr-2","21":"pa_rim-diameter-24-fr-2","22":"pa_tl-tt-tl-fr","23":"pa_tyre-size-405-70-24-fr","24":"pa_width-405-fr-2","26":"first","27":"instock","28":"taxable","29":"shipping-taxable","30":"purchasable","31":"product-type-simple"},"_links":{"self":[{"href":"https:\/\/agrotechtyres.com\/fr\/wp-json\/wp\/v2\/product\/42891","targetHints":{"allow":["GET"]}}],"collection":[{"href":"https:\/\/agrotechtyres.com\/fr\/wp-json\/wp\/v2\/product"}],"about":[{"href":"https:\/\/agrotechtyres.com\/fr\/wp-json\/wp\/v2\/types\/product"}],"replies":[{"embeddable":true,"href":"https:\/\/agrotechtyres.com\/fr\/wp-json\/wp\/v2\/comments?post=42891"}],"version-history":[{"count":0,"href":"https:\/\/agrotechtyres.com\/fr\/wp-json\/wp\/v2\/product\/42891\/revisions"}],"wp:featuredmedia":[{"embeddable":true,"href":"https:\/\/agrotechtyres.com\/fr\/wp-json\/wp\/v2\/media\/37984"}],"wp:attachment":[{"href":"https:\/\/agrotechtyres.com\/fr\/wp-json\/wp\/v2\/media?parent=42891"}],"wp:term":[{"taxonomy":"product_brand","embeddable":true,"href":"https:\/\/agrotechtyres.com\/fr\/wp-json\/wp\/v2\/product_brand?post=42891"},{"taxonomy":"product_cat","embeddable":true,"href":"https:\/\/agrotechtyres.com\/fr\/wp-json\/wp\/v2\/product_cat?post=42891"},{"taxonomy":"product_tag","embeddable":true,"href":"https:\/\/agrotechtyres.com\/fr\/wp-json\/wp\/v2\/product_tag?post=42891"}],"curies":[{"name":"wp","href":"https:\/\/api.w.org\/{rel}","templated":true}]}}