{"id":42882,"date":"2026-04-29T00:52:17","date_gmt":"2026-04-29T00:52:17","guid":{"rendered":"https:\/\/agrotechtyres.com\/product\/400-60-15-5-14pr-vk105-flot-king-pneu\/"},"modified":"2026-04-29T00:52:17","modified_gmt":"2026-04-29T00:52:17","slug":"400-60-15-5-14pr-vk105-flot-king-pneu","status":"publish","type":"product","link":"https:\/\/agrotechtyres.com\/fr\/produit\/400-60-15-5-14pr-vk105-flot-king-pneu\/","title":{"rendered":"400\/60-15.5 14PR VK105 FLOT KING Pneu"},"content":{"rendered":"<p>Le 400\/60-15.5 14PR VK105 FLOT KING Pneu est un pneu diagonal TL con\u00e7u pour applications de flottation. Il offre une performance stable, une bonne durabilit\u00e9 et une utilisation fiable pour les \u00e9quipements agricoles, industriels et de construction.<\/p>\n<p>Caract\u00e9ristiques principales : dimension 400\/60-15.5, marque VK, mod\u00e8le VK105 FLOT KING, construction diagonal, version TL. V\u00e9rifiez la disponibilit\u00e9 et les options de livraison avec AgroTech Solution.<\/p>\n","protected":false},"excerpt":{"rendered":"<p>Pneu agro-industriel pour applications de flottation, con\u00e7u pour offrir des performances fiables dans des conditions exigeantes.<\/p>\n","protected":false},"featured_media":41115,"comment_status":"open","ping_status":"closed","template":"","meta":{"inline_featured_image":false},"product_brand":[],"product_cat":[2633],"product_tag":[1677,2196,1675,1664,1929,1665,1659,2197],"class_list":{"0":"post-42882","1":"product","2":"type-product","3":"status-publish","4":"has-post-thumbnail","6":"product_cat-pneus-agro-industriels","7":"product_tag-14pr","8":"product_tag-400-60-15-5","9":"product_tag-agro-industrial","10":"product_tag-bias","11":"product_tag-flotation","12":"product_tag-tl","13":"product_tag-vk","14":"product_tag-vk105-flot-king","15":"pa_application-flottaison","16":"pa_brand-vk","17":"pa_construction-diagonal","18":"pa_model-vk105-flot-king-fr","19":"pa_pr-14-fr","20":"pa_profile-60-fr","21":"pa_rim-diameter-15-5-fr-2","22":"pa_tl-tt-tl-fr","23":"pa_tyre-size-400-60-15-5-fr","24":"pa_width-400-fr-2","26":"first","27":"instock","28":"taxable","29":"shipping-taxable","30":"purchasable","31":"product-type-simple"},"_links":{"self":[{"href":"https:\/\/agrotechtyres.com\/fr\/wp-json\/wp\/v2\/product\/42882","targetHints":{"allow":["GET"]}}],"collection":[{"href":"https:\/\/agrotechtyres.com\/fr\/wp-json\/wp\/v2\/product"}],"about":[{"href":"https:\/\/agrotechtyres.com\/fr\/wp-json\/wp\/v2\/types\/product"}],"replies":[{"embeddable":true,"href":"https:\/\/agrotechtyres.com\/fr\/wp-json\/wp\/v2\/comments?post=42882"}],"version-history":[{"count":0,"href":"https:\/\/agrotechtyres.com\/fr\/wp-json\/wp\/v2\/product\/42882\/revisions"}],"wp:featuredmedia":[{"embeddable":true,"href":"https:\/\/agrotechtyres.com\/fr\/wp-json\/wp\/v2\/media\/41115"}],"wp:attachment":[{"href":"https:\/\/agrotechtyres.com\/fr\/wp-json\/wp\/v2\/media?parent=42882"}],"wp:term":[{"taxonomy":"product_brand","embeddable":true,"href":"https:\/\/agrotechtyres.com\/fr\/wp-json\/wp\/v2\/product_brand?post=42882"},{"taxonomy":"product_cat","embeddable":true,"href":"https:\/\/agrotechtyres.com\/fr\/wp-json\/wp\/v2\/product_cat?post=42882"},{"taxonomy":"product_tag","embeddable":true,"href":"https:\/\/agrotechtyres.com\/fr\/wp-json\/wp\/v2\/product_tag?post=42882"}],"curies":[{"name":"wp","href":"https:\/\/api.w.org\/{rel}","templated":true}]}}