{"id":42881,"date":"2026-04-29T00:52:17","date_gmt":"2026-04-29T00:52:17","guid":{"rendered":"https:\/\/agrotechtyres.com\/product\/400-55-22-5-ceat-t422-value-pro-tl-16pr-pneu\/"},"modified":"2026-04-29T00:52:17","modified_gmt":"2026-04-29T00:52:17","slug":"400-55-22-5-ceat-t422-value-pro-tl-16pr-pneu","status":"publish","type":"product","link":"https:\/\/agrotechtyres.com\/fr\/produit\/400-55-22-5-ceat-t422-value-pro-tl-16pr-pneu\/","title":{"rendered":"400\/55-22.5 CEAT T422 VALUE PRO TL 16PR Pneu"},"content":{"rendered":"<p>Le 400\/55-22.5 CEAT T422 VALUE PRO TL 16PR Pneu est un pneu diagonal TL con\u00e7u pour outils et \u00e9quipements attel\u00e9s. Il offre une performance stable, une bonne durabilit\u00e9 et une utilisation fiable pour les \u00e9quipements agricoles, industriels et de construction.<\/p>\n<p>Caract\u00e9ristiques principales : dimension 400\/55-22.5, marque CEAT, mod\u00e8le T422 VALUE PRO, construction diagonal, version TL. V\u00e9rifiez la disponibilit\u00e9 et les options de livraison avec AgroTech Solution.<\/p>\n","protected":false},"excerpt":{"rendered":"<p>Pneu agro-industriel pour outils et \u00e9quipements attel\u00e9s, con\u00e7u pour offrir des performances fiables dans des conditions exigeantes.<\/p>\n","protected":false},"featured_media":37916,"comment_status":"open","ping_status":"closed","template":"","meta":{"inline_featured_image":false},"product_brand":[],"product_cat":[2633],"product_tag":[1688,2194,1675,1664,1680,1676,2195,1665],"class_list":{"0":"post-42881","1":"product","2":"type-product","3":"status-publish","4":"has-post-thumbnail","6":"product_cat-pneus-agro-industriels","7":"product_tag-16pr","8":"product_tag-400-55-22-5","9":"product_tag-agro-industrial","10":"product_tag-bias","11":"product_tag-ceat","12":"product_tag-implement","13":"product_tag-t422-value-pro","14":"product_tag-tl","15":"pa_application-outils-agricoles","16":"pa_brand-ceat","17":"pa_construction-diagonal","18":"pa_model-t422-value-pro-fr","19":"pa_pr-16-fr-2","20":"pa_profile-55-fr-2","21":"pa_rim-diameter-22-5-fr-2","22":"pa_tl-tt-tl-fr","23":"pa_tyre-size-400-55-22-5-fr","24":"pa_width-400-fr-2","26":"first","27":"instock","28":"taxable","29":"shipping-taxable","30":"purchasable","31":"product-type-simple"},"_links":{"self":[{"href":"https:\/\/agrotechtyres.com\/fr\/wp-json\/wp\/v2\/product\/42881","targetHints":{"allow":["GET"]}}],"collection":[{"href":"https:\/\/agrotechtyres.com\/fr\/wp-json\/wp\/v2\/product"}],"about":[{"href":"https:\/\/agrotechtyres.com\/fr\/wp-json\/wp\/v2\/types\/product"}],"replies":[{"embeddable":true,"href":"https:\/\/agrotechtyres.com\/fr\/wp-json\/wp\/v2\/comments?post=42881"}],"version-history":[{"count":0,"href":"https:\/\/agrotechtyres.com\/fr\/wp-json\/wp\/v2\/product\/42881\/revisions"}],"wp:featuredmedia":[{"embeddable":true,"href":"https:\/\/agrotechtyres.com\/fr\/wp-json\/wp\/v2\/media\/37916"}],"wp:attachment":[{"href":"https:\/\/agrotechtyres.com\/fr\/wp-json\/wp\/v2\/media?parent=42881"}],"wp:term":[{"taxonomy":"product_brand","embeddable":true,"href":"https:\/\/agrotechtyres.com\/fr\/wp-json\/wp\/v2\/product_brand?post=42881"},{"taxonomy":"product_cat","embeddable":true,"href":"https:\/\/agrotechtyres.com\/fr\/wp-json\/wp\/v2\/product_cat?post=42881"},{"taxonomy":"product_tag","embeddable":true,"href":"https:\/\/agrotechtyres.com\/fr\/wp-json\/wp\/v2\/product_tag?post=42881"}],"curies":[{"name":"wp","href":"https:\/\/api.w.org\/{rel}","templated":true}]}}