{"id":42866,"date":"2026-04-29T00:52:06","date_gmt":"2026-04-29T00:52:06","guid":{"rendered":"https:\/\/agrotechtyres.com\/product\/360-70r20-ceat-farmax-r70-tl-120d-123a8-pneu\/"},"modified":"2026-04-29T00:52:06","modified_gmt":"2026-04-29T00:52:06","slug":"360-70r20-ceat-farmax-r70-tl-120d-123a8-pneu","status":"publish","type":"product","link":"https:\/\/agrotechtyres.com\/fr\/produit\/360-70r20-ceat-farmax-r70-tl-120d-123a8-pneu\/","title":{"rendered":"360\/70R20 CEAT FARMAX R70 TL 120D\/123A8 Pneu"},"content":{"rendered":"<p>Le 360\/70R20 CEAT FARMAX R70 TL 120D\/123A8 Pneu est un pneu radial TL con\u00e7u pour tracteurs. Il offre une performance stable, une bonne durabilit\u00e9 et une utilisation fiable pour les \u00e9quipements agricoles, industriels et de construction.<\/p>\n<p>Caract\u00e9ristiques principales : dimension 360\/70R20, marque CEAT, mod\u00e8le FARMAX R70, construction radial, version TL. V\u00e9rifiez la disponibilit\u00e9 et les options de livraison avec AgroTech Solution.<\/p>\n","protected":false},"excerpt":{"rendered":"<p>Pneu agricole pour tracteurs, con\u00e7u pour offrir des performances fiables dans des conditions exigeantes.<\/p>\n","protected":false},"featured_media":38036,"comment_status":"open","ping_status":"closed","template":"","meta":{"inline_featured_image":false},"product_brand":[],"product_cat":[1622],"product_tag":[2130,2129,1702,1680,2044,1696,1665,1703],"class_list":{"0":"post-42866","1":"product","2":"type-product","3":"status-publish","4":"has-post-thumbnail","6":"product_cat-pneus-agricoles","7":"product_tag-120d-123a8","8":"product_tag-360-70r20","9":"product_tag-agriculture","10":"product_tag-ceat","11":"product_tag-farmax-r70","12":"product_tag-radial","13":"product_tag-tl","14":"product_tag-tractor","15":"pa_application-tracteur","16":"pa_brand-ceat","17":"pa_construction-radial","18":"pa_load-index-120d-123a8-fr-2","19":"pa_model-farmax-r70-fr","20":"pa_profile-70-fr-2","21":"pa_rim-diameter-20-fr-2","22":"pa_tl-tt-tl-fr","23":"pa_tyre-size-360-70r20-fr","24":"pa_width-360-fr-2","26":"first","27":"instock","28":"taxable","29":"shipping-taxable","30":"purchasable","31":"product-type-simple"},"_links":{"self":[{"href":"https:\/\/agrotechtyres.com\/fr\/wp-json\/wp\/v2\/product\/42866","targetHints":{"allow":["GET"]}}],"collection":[{"href":"https:\/\/agrotechtyres.com\/fr\/wp-json\/wp\/v2\/product"}],"about":[{"href":"https:\/\/agrotechtyres.com\/fr\/wp-json\/wp\/v2\/types\/product"}],"replies":[{"embeddable":true,"href":"https:\/\/agrotechtyres.com\/fr\/wp-json\/wp\/v2\/comments?post=42866"}],"version-history":[{"count":0,"href":"https:\/\/agrotechtyres.com\/fr\/wp-json\/wp\/v2\/product\/42866\/revisions"}],"wp:featuredmedia":[{"embeddable":true,"href":"https:\/\/agrotechtyres.com\/fr\/wp-json\/wp\/v2\/media\/38036"}],"wp:attachment":[{"href":"https:\/\/agrotechtyres.com\/fr\/wp-json\/wp\/v2\/media?parent=42866"}],"wp:term":[{"taxonomy":"product_brand","embeddable":true,"href":"https:\/\/agrotechtyres.com\/fr\/wp-json\/wp\/v2\/product_brand?post=42866"},{"taxonomy":"product_cat","embeddable":true,"href":"https:\/\/agrotechtyres.com\/fr\/wp-json\/wp\/v2\/product_cat?post=42866"},{"taxonomy":"product_tag","embeddable":true,"href":"https:\/\/agrotechtyres.com\/fr\/wp-json\/wp\/v2\/product_tag?post=42866"}],"curies":[{"name":"wp","href":"https:\/\/api.w.org\/{rel}","templated":true}]}}