{"id":42842,"date":"2026-04-29T00:52:02","date_gmt":"2026-04-29T00:52:02","guid":{"rendered":"https:\/\/agrotechtyres.com\/product\/30-5l-32-18pr-cb558-westlake-tl-pneu\/"},"modified":"2026-04-29T00:52:02","modified_gmt":"2026-04-29T00:52:02","slug":"30-5l-32-18pr-cb558-westlake-tl-pneu","status":"publish","type":"product","link":"https:\/\/agrotechtyres.com\/fr\/produit\/30-5l-32-18pr-cb558-westlake-tl-pneu\/","title":{"rendered":"30.5L-32-18PR CB558 WESTLAKE TL Pneu"},"content":{"rendered":"<p>Le 30.5L-32-18PR CB558 WESTLAKE TL Pneu est un pneu diagonal TL con\u00e7u pour chargeuses, engins industriels et machines de construction. Il offre une performance stable, une bonne durabilit\u00e9 et une utilisation fiable pour les \u00e9quipements agricoles, industriels et de construction.<\/p>\n<p>Caract\u00e9ristiques principales : dimension 30.5L-32, marque WESTLAKE, mod\u00e8le CB558, construction diagonal, version TL. V\u00e9rifiez la disponibilit\u00e9 et les options de livraison avec AgroTech Solution.<\/p>\n","protected":false},"excerpt":{"rendered":"<p>Pneu pour engins de chantier pour chargeuses, engins industriels et machines de construction, con\u00e7u pour offrir des performances fiables dans des conditions exigeantes.<\/p>\n","protected":false},"featured_media":41103,"comment_status":"open","ping_status":"closed","template":"","meta":{"inline_featured_image":false},"product_brand":[],"product_cat":[2634],"product_tag":[1691,2067,1664,2068,1662,1663,1665,1670],"class_list":{"0":"post-42842","1":"product","2":"type-product","3":"status-publish","4":"has-post-thumbnail","6":"product_cat-pneus-de-construction","7":"product_tag-18pr","8":"product_tag-30-5l-32","9":"product_tag-bias","10":"product_tag-cb558","11":"product_tag-construction","12":"product_tag-cwl-other-industrial-construction","13":"product_tag-tl","14":"product_tag-westlake","15":"pa_application-cwl-autres-applications-industrielles-et-construction","16":"pa_brand-westlake","17":"pa_construction-diagonal","18":"pa_model-cb558-fr","19":"pa_pr-18-fr-2","20":"pa_rim-diameter-32-fr-2","21":"pa_tl-tt-tl-fr","22":"pa_tyre-size-30-5l-32-fr","23":"pa_width-30-5-fr","25":"first","26":"instock","27":"taxable","28":"shipping-taxable","29":"purchasable","30":"product-type-simple"},"_links":{"self":[{"href":"https:\/\/agrotechtyres.com\/fr\/wp-json\/wp\/v2\/product\/42842","targetHints":{"allow":["GET"]}}],"collection":[{"href":"https:\/\/agrotechtyres.com\/fr\/wp-json\/wp\/v2\/product"}],"about":[{"href":"https:\/\/agrotechtyres.com\/fr\/wp-json\/wp\/v2\/types\/product"}],"replies":[{"embeddable":true,"href":"https:\/\/agrotechtyres.com\/fr\/wp-json\/wp\/v2\/comments?post=42842"}],"version-history":[{"count":0,"href":"https:\/\/agrotechtyres.com\/fr\/wp-json\/wp\/v2\/product\/42842\/revisions"}],"wp:featuredmedia":[{"embeddable":true,"href":"https:\/\/agrotechtyres.com\/fr\/wp-json\/wp\/v2\/media\/41103"}],"wp:attachment":[{"href":"https:\/\/agrotechtyres.com\/fr\/wp-json\/wp\/v2\/media?parent=42842"}],"wp:term":[{"taxonomy":"product_brand","embeddable":true,"href":"https:\/\/agrotechtyres.com\/fr\/wp-json\/wp\/v2\/product_brand?post=42842"},{"taxonomy":"product_cat","embeddable":true,"href":"https:\/\/agrotechtyres.com\/fr\/wp-json\/wp\/v2\/product_cat?post=42842"},{"taxonomy":"product_tag","embeddable":true,"href":"https:\/\/agrotechtyres.com\/fr\/wp-json\/wp\/v2\/product_tag?post=42842"}],"curies":[{"name":"wp","href":"https:\/\/api.w.org\/{rel}","templated":true}]}}