{"id":42839,"date":"2026-04-29T00:52:02","date_gmt":"2026-04-29T00:52:02","guid":{"rendered":"https:\/\/agrotechtyres.com\/product\/29-5r25-216a2-cb773-westlake-l5-tl-cutting-resistance-eu-and-set-air-seal-ring-pneu\/"},"modified":"2026-04-29T00:52:02","modified_gmt":"2026-04-29T00:52:02","slug":"29-5r25-216a2-cb773-westlake-l5-tl-cutting-resistance-eu-and-set-air-seal-ring-pneu","status":"publish","type":"product","link":"https:\/\/agrotechtyres.com\/fr\/produit\/29-5r25-216a2-cb773-westlake-l5-tl-cutting-resistance-eu-and-set-air-seal-ring-pneu\/","title":{"rendered":"29.5R25 ( 216A2) CB773 WESTLAKE L5 TL Cutting Resistance EU&#038;SET Air Seal Ring Pneu"},"content":{"rendered":"<p>Le 29.5R25 ( 216A2) CB773 WESTLAKE L5 TL Cutting Resistance EU&amp;SET Air Seal Ring Pneu est un pneu radial TL con\u00e7u pour engins de terrassement. Il offre une performance stable, une bonne durabilit\u00e9 et une utilisation fiable pour les \u00e9quipements agricoles, industriels et de construction.<\/p>\n<p>Caract\u00e9ristiques principales : dimension 29.5R25, marque WESTLAKE, mod\u00e8le CB773 L5 Cutting Resistance Air Seal Ring, construction radial, version TL. V\u00e9rifiez la disponibilit\u00e9 et les options de livraison avec AgroTech Solution.<\/p>\n","protected":false},"excerpt":{"rendered":"<p>Pneu pour exploitation mini\u00e8re pour engins de terrassement, con\u00e7u pour offrir des performances fiables dans des conditions exigeantes.<\/p>\n","protected":false},"featured_media":38608,"comment_status":"open","ping_status":"closed","template":"","meta":{"inline_featured_image":false},"product_brand":[],"product_cat":[2637],"product_tag":[2063,2062,1978,1867,1866,1696,1665,1670],"class_list":{"0":"post-42839","1":"product","2":"type-product","3":"status-publish","4":"has-post-thumbnail","6":"product_cat-pneus-miniers","7":"product_tag-216a2","8":"product_tag-29-5r25","9":"product_tag-cb773-l5-cutting-resistance-air-seal-ring","10":"product_tag-earthmover","11":"product_tag-mining","12":"product_tag-radial","13":"product_tag-tl","14":"product_tag-westlake","15":"pa_application-engins-de-terrassement","16":"pa_brand-westlake","17":"pa_construction-radial","18":"pa_load-index-216a2-fr-2","19":"pa_model-cb773-l5-cutting-resistance-air-seal-ring-fr","20":"pa_tl-tt-tl-fr","21":"pa_tread-type-l5-fr-2","22":"pa_tyre-size-29-5r25-fr","24":"first","25":"instock","26":"taxable","27":"shipping-taxable","28":"purchasable","29":"product-type-simple"},"_links":{"self":[{"href":"https:\/\/agrotechtyres.com\/fr\/wp-json\/wp\/v2\/product\/42839","targetHints":{"allow":["GET"]}}],"collection":[{"href":"https:\/\/agrotechtyres.com\/fr\/wp-json\/wp\/v2\/product"}],"about":[{"href":"https:\/\/agrotechtyres.com\/fr\/wp-json\/wp\/v2\/types\/product"}],"replies":[{"embeddable":true,"href":"https:\/\/agrotechtyres.com\/fr\/wp-json\/wp\/v2\/comments?post=42839"}],"version-history":[{"count":0,"href":"https:\/\/agrotechtyres.com\/fr\/wp-json\/wp\/v2\/product\/42839\/revisions"}],"wp:featuredmedia":[{"embeddable":true,"href":"https:\/\/agrotechtyres.com\/fr\/wp-json\/wp\/v2\/media\/38608"}],"wp:attachment":[{"href":"https:\/\/agrotechtyres.com\/fr\/wp-json\/wp\/v2\/media?parent=42839"}],"wp:term":[{"taxonomy":"product_brand","embeddable":true,"href":"https:\/\/agrotechtyres.com\/fr\/wp-json\/wp\/v2\/product_brand?post=42839"},{"taxonomy":"product_cat","embeddable":true,"href":"https:\/\/agrotechtyres.com\/fr\/wp-json\/wp\/v2\/product_cat?post=42839"},{"taxonomy":"product_tag","embeddable":true,"href":"https:\/\/agrotechtyres.com\/fr\/wp-json\/wp\/v2\/product_tag?post=42839"}],"curies":[{"name":"wp","href":"https:\/\/api.w.org\/{rel}","templated":true}]}}