{"id":42828,"date":"2026-04-29T00:52:00","date_gmt":"2026-04-29T00:52:00","guid":{"rendered":"https:\/\/agrotechtyres.com\/product\/27-10-12-8-0r-cl403s-westlake-simple-pneu\/"},"modified":"2026-04-29T00:52:00","modified_gmt":"2026-04-29T00:52:00","slug":"27-10-12-8-0r-cl403s-westlake-simple-pneu","status":"publish","type":"product","link":"https:\/\/agrotechtyres.com\/fr\/produit\/27-10-12-8-0r-cl403s-westlake-simple-pneu\/","title":{"rendered":"27?10-12\/8.0R CL403S WESTLAKE SIMPLE Pneu"},"content":{"rendered":"<p>Le 27?10-12\/8.0R CL403S WESTLAKE SIMPLE Pneu est un pneu diagonal TL con\u00e7u pour chariots \u00e9l\u00e9vateurs. Il offre une performance stable, une bonne durabilit\u00e9 et une utilisation fiable pour les \u00e9quipements agricoles, industriels et de construction.<\/p>\n<p>Caract\u00e9ristiques principales : marque WESTLAKE, mod\u00e8le 27?10-12\/8.0R CL403S SIMPLE, construction diagonal, version TL. V\u00e9rifiez la disponibilit\u00e9 et les options de livraison avec AgroTech Solution.<\/p>\n","protected":false},"excerpt":{"rendered":"<p>Pneu industriel pour chariots \u00e9l\u00e9vateurs, con\u00e7u pour offrir des performances fiables dans des conditions exigeantes.<\/p>\n","protected":false},"featured_media":38619,"comment_status":"open","ping_status":"closed","template":"","meta":{"inline_featured_image":false},"product_brand":[],"product_cat":[2635],"product_tag":[2040,1664,1857,1856,1665,1670],"class_list":{"0":"post-42828","1":"product","2":"type-product","3":"status-publish","4":"has-post-thumbnail","6":"product_cat-pneus-industriels","7":"product_tag-2710-12-8-0r-cl403s-simple","8":"product_tag-bias","9":"product_tag-forklift","10":"product_tag-industrial","11":"product_tag-tl","12":"product_tag-westlake","13":"pa_application-chariot-elevateur","14":"pa_brand-westlake","15":"pa_construction-diagonal","16":"pa_model-2710-12-8-0r-cl403s-simple-fr","17":"pa_tl-tt-tl-fr","18":"pa_tread-type-l4","20":"first","21":"outofstock","22":"taxable","23":"shipping-taxable","24":"purchasable","25":"product-type-simple"},"_links":{"self":[{"href":"https:\/\/agrotechtyres.com\/fr\/wp-json\/wp\/v2\/product\/42828","targetHints":{"allow":["GET"]}}],"collection":[{"href":"https:\/\/agrotechtyres.com\/fr\/wp-json\/wp\/v2\/product"}],"about":[{"href":"https:\/\/agrotechtyres.com\/fr\/wp-json\/wp\/v2\/types\/product"}],"replies":[{"embeddable":true,"href":"https:\/\/agrotechtyres.com\/fr\/wp-json\/wp\/v2\/comments?post=42828"}],"version-history":[{"count":0,"href":"https:\/\/agrotechtyres.com\/fr\/wp-json\/wp\/v2\/product\/42828\/revisions"}],"wp:featuredmedia":[{"embeddable":true,"href":"https:\/\/agrotechtyres.com\/fr\/wp-json\/wp\/v2\/media\/38619"}],"wp:attachment":[{"href":"https:\/\/agrotechtyres.com\/fr\/wp-json\/wp\/v2\/media?parent=42828"}],"wp:term":[{"taxonomy":"product_brand","embeddable":true,"href":"https:\/\/agrotechtyres.com\/fr\/wp-json\/wp\/v2\/product_brand?post=42828"},{"taxonomy":"product_cat","embeddable":true,"href":"https:\/\/agrotechtyres.com\/fr\/wp-json\/wp\/v2\/product_cat?post=42828"},{"taxonomy":"product_tag","embeddable":true,"href":"https:\/\/agrotechtyres.com\/fr\/wp-json\/wp\/v2\/product_tag?post=42828"}],"curies":[{"name":"wp","href":"https:\/\/api.w.org\/{rel}","templated":true}]}}