{"id":42822,"date":"2026-04-29T00:51:46","date_gmt":"2026-04-29T00:51:46","guid":{"rendered":"https:\/\/agrotechtyres.com\/product\/26-5r25-193b-209a2-pr-cb792-westlake-e3-l3-tl-cutting-resistance-eu-and-set-air-seal-ring-pneu\/"},"modified":"2026-04-29T00:51:46","modified_gmt":"2026-04-29T00:51:46","slug":"26-5r25-193b-209a2-pr-cb792-westlake-e3-l3-tl-cutting-resistance-eu-and-set-air-seal-ring-pneu","status":"publish","type":"product","link":"https:\/\/agrotechtyres.com\/fr\/produit\/26-5r25-193b-209a2-pr-cb792-westlake-e3-l3-tl-cutting-resistance-eu-and-set-air-seal-ring-pneu\/","title":{"rendered":"26.5R25(193B\/209A2)PR CB792 WESTLAKE E3\/L3 TL Cutting Resistance EU&#038;SET Air Seal Ring Pneu"},"content":{"rendered":"<p>Le 26.5R25(193B\/209A2)PR CB792 WESTLAKE E3\/L3 TL Cutting Resistance EU&amp;SET Air Seal Ring Pneu est un pneu radial TL con\u00e7u pour chargeuses. Il offre une performance stable, une bonne durabilit\u00e9 et une utilisation fiable pour les \u00e9quipements agricoles, industriels et de construction.<\/p>\n<p>Caract\u00e9ristiques principales : dimension 26.5R25, marque WESTLAKE, mod\u00e8le PR CB792 E3\/L3 Cutting Resistance Air Seal Ring, construction radial, version TL. V\u00e9rifiez la disponibilit\u00e9 et les options de livraison avec AgroTech Solution.<\/p>\n","protected":false},"excerpt":{"rendered":"<p>Pneu pour engins de chantier pour chargeuses, con\u00e7u pour offrir des performances fiables dans des conditions exigeantes.<\/p>\n","protected":false},"featured_media":38874,"comment_status":"open","ping_status":"closed","template":"","meta":{"inline_featured_image":false},"product_brand":[],"product_cat":[2634],"product_tag":[2000,1998,1662,1672,2030,1696,1665,1670],"class_list":{"0":"post-42822","1":"product","2":"type-product","3":"status-publish","4":"has-post-thumbnail","6":"product_cat-pneus-de-construction","7":"product_tag-193b-209a2","8":"product_tag-26-5r25","9":"product_tag-construction","10":"product_tag-loader","11":"product_tag-pr-cb792-e3-l3-cutting-resistance-air-seal-ring","12":"product_tag-radial","13":"product_tag-tl","14":"product_tag-westlake","15":"pa_application-chargeuse","16":"pa_brand-westlake","17":"pa_construction-radial","18":"pa_load-index-193b-209a2-fr-2","19":"pa_model-pr-cb792-e3-l3-cutting-resistance-air-seal-ring-fr","20":"pa_tl-tt-tl-fr","21":"pa_tread-type-e3-l3-fr","22":"pa_tyre-size-26-5r25-fr","24":"first","25":"instock","26":"taxable","27":"shipping-taxable","28":"purchasable","29":"product-type-simple"},"_links":{"self":[{"href":"https:\/\/agrotechtyres.com\/fr\/wp-json\/wp\/v2\/product\/42822","targetHints":{"allow":["GET"]}}],"collection":[{"href":"https:\/\/agrotechtyres.com\/fr\/wp-json\/wp\/v2\/product"}],"about":[{"href":"https:\/\/agrotechtyres.com\/fr\/wp-json\/wp\/v2\/types\/product"}],"replies":[{"embeddable":true,"href":"https:\/\/agrotechtyres.com\/fr\/wp-json\/wp\/v2\/comments?post=42822"}],"version-history":[{"count":0,"href":"https:\/\/agrotechtyres.com\/fr\/wp-json\/wp\/v2\/product\/42822\/revisions"}],"wp:featuredmedia":[{"embeddable":true,"href":"https:\/\/agrotechtyres.com\/fr\/wp-json\/wp\/v2\/media\/38874"}],"wp:attachment":[{"href":"https:\/\/agrotechtyres.com\/fr\/wp-json\/wp\/v2\/media?parent=42822"}],"wp:term":[{"taxonomy":"product_brand","embeddable":true,"href":"https:\/\/agrotechtyres.com\/fr\/wp-json\/wp\/v2\/product_brand?post=42822"},{"taxonomy":"product_cat","embeddable":true,"href":"https:\/\/agrotechtyres.com\/fr\/wp-json\/wp\/v2\/product_cat?post=42822"},{"taxonomy":"product_tag","embeddable":true,"href":"https:\/\/agrotechtyres.com\/fr\/wp-json\/wp\/v2\/product_tag?post=42822"}],"curies":[{"name":"wp","href":"https:\/\/api.w.org\/{rel}","templated":true}]}}