{"id":42802,"date":"2026-04-29T00:51:43","date_gmt":"2026-04-29T00:51:43","guid":{"rendered":"https:\/\/agrotechtyres.com\/product\/23-5-25-ttf-24-e3-l3-hawkway-pneu\/"},"modified":"2026-04-29T00:51:43","modified_gmt":"2026-04-29T00:51:43","slug":"23-5-25-ttf-24-e3-l3-hawkway-pneu","status":"publish","type":"product","link":"https:\/\/agrotechtyres.com\/fr\/produit\/23-5-25-ttf-24-e3-l3-hawkway-pneu\/","title":{"rendered":"23.5-25 TTF 24 E3\/L3 HAWKWAY Pneu"},"content":{"rendered":"<p>Le 23.5-25 TTF 24 E3\/L3 HAWKWAY Pneu est un pneu diagonal TT con\u00e7u pour chargeuses. Il offre une performance stable, une bonne durabilit\u00e9 et une utilisation fiable pour les \u00e9quipements agricoles, industriels et de construction.<\/p>\n<p>Caract\u00e9ristiques principales : dimension 23.5-25, marque HAWKWAY, mod\u00e8le 24 E3\/L3 HAWKWAY, construction diagonal, version TT. V\u00e9rifiez la disponibilit\u00e9 et les options de livraison avec AgroTech Solution.<\/p>\n","protected":false},"excerpt":{"rendered":"<p>Pneu pour engins de chantier pour chargeuses, con\u00e7u pour offrir des performances fiables dans des conditions exigeantes.<\/p>\n","protected":false},"featured_media":38320,"comment_status":"open","ping_status":"closed","template":"","meta":{"inline_featured_image":false},"product_brand":[],"product_cat":[2634],"product_tag":[1969,1970,1664,1662,1912,1672,1687],"class_list":{"0":"post-42802","1":"product","2":"type-product","3":"status-publish","4":"has-post-thumbnail","6":"product_cat-pneus-de-construction","7":"product_tag-23-5-25","8":"product_tag-24-e3-l3-hawkway","9":"product_tag-bias","10":"product_tag-construction","11":"product_tag-hawkway","12":"product_tag-loader","13":"product_tag-tt","14":"pa_application-chargeuse","15":"pa_brand-hawkway","16":"pa_construction-diagonal","17":"pa_model-24-e3-l3-hawkway-fr","18":"pa_rim-diameter-25-fr-2","19":"pa_tl-tt-tt-fr-2","20":"pa_tread-type-e3-l3-fr","21":"pa_tyre-size-23-5-25-fr","22":"pa_width-23-5","24":"first","25":"outofstock","26":"taxable","27":"shipping-taxable","28":"purchasable","29":"product-type-simple"},"_links":{"self":[{"href":"https:\/\/agrotechtyres.com\/fr\/wp-json\/wp\/v2\/product\/42802","targetHints":{"allow":["GET"]}}],"collection":[{"href":"https:\/\/agrotechtyres.com\/fr\/wp-json\/wp\/v2\/product"}],"about":[{"href":"https:\/\/agrotechtyres.com\/fr\/wp-json\/wp\/v2\/types\/product"}],"replies":[{"embeddable":true,"href":"https:\/\/agrotechtyres.com\/fr\/wp-json\/wp\/v2\/comments?post=42802"}],"version-history":[{"count":0,"href":"https:\/\/agrotechtyres.com\/fr\/wp-json\/wp\/v2\/product\/42802\/revisions"}],"wp:featuredmedia":[{"embeddable":true,"href":"https:\/\/agrotechtyres.com\/fr\/wp-json\/wp\/v2\/media\/38320"}],"wp:attachment":[{"href":"https:\/\/agrotechtyres.com\/fr\/wp-json\/wp\/v2\/media?parent=42802"}],"wp:term":[{"taxonomy":"product_brand","embeddable":true,"href":"https:\/\/agrotechtyres.com\/fr\/wp-json\/wp\/v2\/product_brand?post=42802"},{"taxonomy":"product_cat","embeddable":true,"href":"https:\/\/agrotechtyres.com\/fr\/wp-json\/wp\/v2\/product_cat?post=42802"},{"taxonomy":"product_tag","embeddable":true,"href":"https:\/\/agrotechtyres.com\/fr\/wp-json\/wp\/v2\/product_tag?post=42802"}],"curies":[{"name":"wp","href":"https:\/\/api.w.org\/{rel}","templated":true}]}}