{"id":42792,"date":"2026-04-29T00:51:41","date_gmt":"2026-04-29T00:51:41","guid":{"rendered":"https:\/\/agrotechtyres.com\/product\/20-5-25-ceat-loader-xl-tl-16pr-pneu\/"},"modified":"2026-04-29T00:51:41","modified_gmt":"2026-04-29T00:51:41","slug":"20-5-25-ceat-loader-xl-tl-16pr-pneu","status":"publish","type":"product","link":"https:\/\/agrotechtyres.com\/fr\/produit\/20-5-25-ceat-loader-xl-tl-16pr-pneu\/","title":{"rendered":"20.5-25 CEAT LOADER XL TL 16PR Pneu"},"content":{"rendered":"<p>Le 20.5-25 CEAT LOADER XL TL 16PR Pneu est un pneu diagonal TL con\u00e7u pour chargeuses. Il offre une performance stable, une bonne durabilit\u00e9 et une utilisation fiable pour les \u00e9quipements agricoles, industriels et de construction.<\/p>\n<p>Caract\u00e9ristiques principales : dimension 20.5-25, marque CEAT, mod\u00e8le LOADER XL, construction diagonal, version TL. V\u00e9rifiez la disponibilit\u00e9 et les options de livraison avec AgroTech Solution.<\/p>\n","protected":false},"excerpt":{"rendered":"<p>Pneu pour engins de chantier pour chargeuses, con\u00e7u pour offrir des performances fiables dans des conditions exigeantes.<\/p>\n","protected":false},"featured_media":38439,"comment_status":"open","ping_status":"closed","template":"","meta":{"inline_featured_image":false},"product_brand":[],"product_cat":[2634],"product_tag":[1688,1932,1664,1680,1662,1672,1933,1665],"class_list":{"0":"post-42792","1":"product","2":"type-product","3":"status-publish","4":"has-post-thumbnail","6":"product_cat-pneus-de-construction","7":"product_tag-16pr","8":"product_tag-20-5-25","9":"product_tag-bias","10":"product_tag-ceat","11":"product_tag-construction","12":"product_tag-loader","13":"product_tag-loader-xl","14":"product_tag-tl","15":"pa_application-chargeuse","16":"pa_brand-ceat","17":"pa_construction-diagonal","18":"pa_model-loader-xl-fr","19":"pa_pr-16-fr-2","20":"pa_rim-diameter-25-fr-2","21":"pa_tl-tt-tl-fr","22":"pa_tyre-size-20-5-25-fr","23":"pa_width-20-5-fr-2","25":"first","26":"instock","27":"taxable","28":"shipping-taxable","29":"purchasable","30":"product-type-simple"},"_links":{"self":[{"href":"https:\/\/agrotechtyres.com\/fr\/wp-json\/wp\/v2\/product\/42792","targetHints":{"allow":["GET"]}}],"collection":[{"href":"https:\/\/agrotechtyres.com\/fr\/wp-json\/wp\/v2\/product"}],"about":[{"href":"https:\/\/agrotechtyres.com\/fr\/wp-json\/wp\/v2\/types\/product"}],"replies":[{"embeddable":true,"href":"https:\/\/agrotechtyres.com\/fr\/wp-json\/wp\/v2\/comments?post=42792"}],"version-history":[{"count":0,"href":"https:\/\/agrotechtyres.com\/fr\/wp-json\/wp\/v2\/product\/42792\/revisions"}],"wp:featuredmedia":[{"embeddable":true,"href":"https:\/\/agrotechtyres.com\/fr\/wp-json\/wp\/v2\/media\/38439"}],"wp:attachment":[{"href":"https:\/\/agrotechtyres.com\/fr\/wp-json\/wp\/v2\/media?parent=42792"}],"wp:term":[{"taxonomy":"product_brand","embeddable":true,"href":"https:\/\/agrotechtyres.com\/fr\/wp-json\/wp\/v2\/product_brand?post=42792"},{"taxonomy":"product_cat","embeddable":true,"href":"https:\/\/agrotechtyres.com\/fr\/wp-json\/wp\/v2\/product_cat?post=42792"},{"taxonomy":"product_tag","embeddable":true,"href":"https:\/\/agrotechtyres.com\/fr\/wp-json\/wp\/v2\/product_tag?post=42792"}],"curies":[{"name":"wp","href":"https:\/\/api.w.org\/{rel}","templated":true}]}}