{"id":42787,"date":"2026-04-29T00:51:41","date_gmt":"2026-04-29T00:51:41","guid":{"rendered":"https:\/\/agrotechtyres.com\/product\/18x7-8-4-33r-cl403s-westlake-pneu\/"},"modified":"2026-04-29T00:51:41","modified_gmt":"2026-04-29T00:51:41","slug":"18x7-8-4-33r-cl403s-westlake-pneu","status":"publish","type":"product","link":"https:\/\/agrotechtyres.com\/fr\/produit\/18x7-8-4-33r-cl403s-westlake-pneu\/","title":{"rendered":"18X7-8\/4.33R CL403S WESTLAKE Pneu"},"content":{"rendered":"<p>Le 18X7-8\/4.33R CL403S WESTLAKE Pneu est un pneu diagonal TL con\u00e7u pour chariots \u00e9l\u00e9vateurs. Il offre une performance stable, une bonne durabilit\u00e9 et une utilisation fiable pour les \u00e9quipements agricoles, industriels et de construction.<\/p>\n<p>Caract\u00e9ristiques principales : dimension 18X7-8, marque WESTLAKE, mod\u00e8le \/4. CL403S, construction diagonal, version TL. V\u00e9rifiez la disponibilit\u00e9 et les options de livraison avec AgroTech Solution.<\/p>\n","protected":false},"excerpt":{"rendered":"<p>Pneu industriel pour chariots \u00e9l\u00e9vateurs, con\u00e7u pour offrir des performances fiables dans des conditions exigeantes.<\/p>\n","protected":false},"featured_media":38852,"comment_status":"open","ping_status":"closed","template":"","meta":{"inline_featured_image":false},"product_brand":[],"product_cat":[2635],"product_tag":[1855,1923,1858,1664,1857,1856,1665,1670],"class_list":{"0":"post-42787","1":"product","2":"type-product","3":"status-publish","4":"has-post-thumbnail","6":"product_cat-pneus-industriels","7":"product_tag-4-cl403s","8":"product_tag-18x7-8","9":"product_tag-33r","10":"product_tag-bias","11":"product_tag-forklift","12":"product_tag-industrial","13":"product_tag-tl","14":"product_tag-westlake","15":"pa_application-chariot-elevateur","16":"pa_brand-westlake","17":"pa_construction-diagonal","18":"pa_load-index-33r-fr-2","19":"pa_model-4-cl403s-fr","20":"pa_rim-diameter-8-fr-2","21":"pa_tl-tt-tl-fr","22":"pa_tread-type-l4","23":"pa_tyre-size-18x7-8-fr","24":"pa_width-7-fr-2","26":"first","27":"instock","28":"taxable","29":"shipping-taxable","30":"purchasable","31":"product-type-simple"},"_links":{"self":[{"href":"https:\/\/agrotechtyres.com\/fr\/wp-json\/wp\/v2\/product\/42787","targetHints":{"allow":["GET"]}}],"collection":[{"href":"https:\/\/agrotechtyres.com\/fr\/wp-json\/wp\/v2\/product"}],"about":[{"href":"https:\/\/agrotechtyres.com\/fr\/wp-json\/wp\/v2\/types\/product"}],"replies":[{"embeddable":true,"href":"https:\/\/agrotechtyres.com\/fr\/wp-json\/wp\/v2\/comments?post=42787"}],"version-history":[{"count":0,"href":"https:\/\/agrotechtyres.com\/fr\/wp-json\/wp\/v2\/product\/42787\/revisions"}],"wp:featuredmedia":[{"embeddable":true,"href":"https:\/\/agrotechtyres.com\/fr\/wp-json\/wp\/v2\/media\/38852"}],"wp:attachment":[{"href":"https:\/\/agrotechtyres.com\/fr\/wp-json\/wp\/v2\/media?parent=42787"}],"wp:term":[{"taxonomy":"product_brand","embeddable":true,"href":"https:\/\/agrotechtyres.com\/fr\/wp-json\/wp\/v2\/product_brand?post=42787"},{"taxonomy":"product_cat","embeddable":true,"href":"https:\/\/agrotechtyres.com\/fr\/wp-json\/wp\/v2\/product_cat?post=42787"},{"taxonomy":"product_tag","embeddable":true,"href":"https:\/\/agrotechtyres.com\/fr\/wp-json\/wp\/v2\/product_tag?post=42787"}],"curies":[{"name":"wp","href":"https:\/\/api.w.org\/{rel}","templated":true}]}}