{"id":42763,"date":"2026-04-29T00:50:59","date_gmt":"2026-04-29T00:50:59","guid":{"rendered":"https:\/\/agrotechtyres.com\/product\/17-5-25-ttf-20-e3-l3-hawkway-pneu\/"},"modified":"2026-04-29T00:50:59","modified_gmt":"2026-04-29T00:50:59","slug":"17-5-25-ttf-20-e3-l3-hawkway-pneu","status":"publish","type":"product","link":"https:\/\/agrotechtyres.com\/fr\/produit\/17-5-25-ttf-20-e3-l3-hawkway-pneu\/","title":{"rendered":"17.5-25 TTF 20 E3\/L3 HAWKWAY Pneu"},"content":{"rendered":"<p>Le 17.5-25 TTF 20 E3\/L3 HAWKWAY Pneu est un pneu diagonal TT con\u00e7u pour chargeuses. Il offre une performance stable, une bonne durabilit\u00e9 et une utilisation fiable pour les \u00e9quipements agricoles, industriels et de construction.<\/p>\n<p>Caract\u00e9ristiques principales : dimension 17.5-25, marque VK, mod\u00e8le 20 E3\/L3 HAWKWAY, construction diagonal, version TT. V\u00e9rifiez la disponibilit\u00e9 et les options de livraison avec AgroTech Solution.<\/p>\n","protected":false},"excerpt":{"rendered":"<p>Pneu pour engins de chantier pour chargeuses, con\u00e7u pour offrir des performances fiables dans des conditions exigeantes.<\/p>\n","protected":false},"featured_media":41472,"comment_status":"open","ping_status":"closed","template":"","meta":{"inline_featured_image":false},"product_brand":[],"product_cat":[2634],"product_tag":[1864,1898,1718,1664,1662,1672,1687,1659],"class_list":{"0":"post-42763","1":"product","2":"type-product","3":"status-publish","4":"has-post-thumbnail","6":"product_cat-pneus-de-construction","7":"product_tag-17-5-25","8":"product_tag-20-e3-l3-hawkway","9":"product_tag-20pr","10":"product_tag-bias","11":"product_tag-construction","12":"product_tag-loader","13":"product_tag-tt","14":"product_tag-vk","15":"pa_application-chargeuse","16":"pa_brand-vk","17":"pa_construction-diagonal","18":"pa_model-20-e3-l3-hawkway-fr","19":"pa_pr-20-fr-2","20":"pa_rim-diameter-25-fr-2","21":"pa_tl-tt-tt-fr-2","22":"pa_tread-type-e3-l3-fr","23":"pa_tyre-size-17-5-25-fr","24":"pa_width-17-5-fr-2","26":"first","27":"outofstock","28":"taxable","29":"shipping-taxable","30":"purchasable","31":"product-type-simple"},"_links":{"self":[{"href":"https:\/\/agrotechtyres.com\/fr\/wp-json\/wp\/v2\/product\/42763","targetHints":{"allow":["GET"]}}],"collection":[{"href":"https:\/\/agrotechtyres.com\/fr\/wp-json\/wp\/v2\/product"}],"about":[{"href":"https:\/\/agrotechtyres.com\/fr\/wp-json\/wp\/v2\/types\/product"}],"replies":[{"embeddable":true,"href":"https:\/\/agrotechtyres.com\/fr\/wp-json\/wp\/v2\/comments?post=42763"}],"version-history":[{"count":0,"href":"https:\/\/agrotechtyres.com\/fr\/wp-json\/wp\/v2\/product\/42763\/revisions"}],"wp:featuredmedia":[{"embeddable":true,"href":"https:\/\/agrotechtyres.com\/fr\/wp-json\/wp\/v2\/media\/41472"}],"wp:attachment":[{"href":"https:\/\/agrotechtyres.com\/fr\/wp-json\/wp\/v2\/media?parent=42763"}],"wp:term":[{"taxonomy":"product_brand","embeddable":true,"href":"https:\/\/agrotechtyres.com\/fr\/wp-json\/wp\/v2\/product_brand?post=42763"},{"taxonomy":"product_cat","embeddable":true,"href":"https:\/\/agrotechtyres.com\/fr\/wp-json\/wp\/v2\/product_cat?post=42763"},{"taxonomy":"product_tag","embeddable":true,"href":"https:\/\/agrotechtyres.com\/fr\/wp-json\/wp\/v2\/product_tag?post=42763"}],"curies":[{"name":"wp","href":"https:\/\/api.w.org\/{rel}","templated":true}]}}