{"id":42760,"date":"2026-04-29T00:50:58","date_gmt":"2026-04-29T00:50:58","guid":{"rendered":"https:\/\/agrotechtyres.com\/product\/17-5-25-16pr-vk223-max-grader-plus-pneu\/"},"modified":"2026-04-29T00:50:58","modified_gmt":"2026-04-29T00:50:58","slug":"17-5-25-16pr-vk223-max-grader-plus-pneu","status":"publish","type":"product","link":"https:\/\/agrotechtyres.com\/fr\/produit\/17-5-25-16pr-vk223-max-grader-plus-pneu\/","title":{"rendered":"17.5-25 16PR VK223 MAX GRADER PLUS Pneu"},"content":{"rendered":"<p>Le 17.5-25 16PR VK223 MAX GRADER PLUS Pneu est un pneu diagonal TL con\u00e7u pour niveleuses. Il offre une performance stable, une bonne durabilit\u00e9 et une utilisation fiable pour les \u00e9quipements agricoles, industriels et de construction.<\/p>\n<p>Caract\u00e9ristiques principales : dimension 17.5-25, marque VK, mod\u00e8le VK223 MAX GRADER PLUS, construction diagonal, version TL. V\u00e9rifiez la disponibilit\u00e9 et les options de livraison avec AgroTech Solution.<\/p>\n","protected":false},"excerpt":{"rendered":"<p>Pneu pour engins de chantier pour niveleuses, con\u00e7u pour offrir des performances fiables dans des conditions exigeantes.<\/p>\n","protected":false},"featured_media":41475,"comment_status":"open","ping_status":"closed","template":"","meta":{"inline_featured_image":false},"product_brand":[],"product_cat":[2634],"product_tag":[1688,1864,1664,1662,1777,1665,1659,1826],"class_list":{"0":"post-42760","1":"product","2":"type-product","3":"status-publish","4":"has-post-thumbnail","6":"product_cat-pneus-de-construction","7":"product_tag-16pr","8":"product_tag-17-5-25","9":"product_tag-bias","10":"product_tag-construction","11":"product_tag-grader","12":"product_tag-tl","13":"product_tag-vk","14":"product_tag-vk223-max-grader-plus","15":"pa_application-niveleuse","16":"pa_brand-vk","17":"pa_construction-diagonal","18":"pa_model-vk223-max-grader-plus-fr","19":"pa_pr-16-fr-2","20":"pa_rim-diameter-25-fr-2","21":"pa_tl-tt-tl-fr","22":"pa_tyre-size-17-5-25-fr","23":"pa_width-17-5-fr-2","25":"first","26":"instock","27":"taxable","28":"shipping-taxable","29":"purchasable","30":"product-type-simple"},"_links":{"self":[{"href":"https:\/\/agrotechtyres.com\/fr\/wp-json\/wp\/v2\/product\/42760","targetHints":{"allow":["GET"]}}],"collection":[{"href":"https:\/\/agrotechtyres.com\/fr\/wp-json\/wp\/v2\/product"}],"about":[{"href":"https:\/\/agrotechtyres.com\/fr\/wp-json\/wp\/v2\/types\/product"}],"replies":[{"embeddable":true,"href":"https:\/\/agrotechtyres.com\/fr\/wp-json\/wp\/v2\/comments?post=42760"}],"version-history":[{"count":0,"href":"https:\/\/agrotechtyres.com\/fr\/wp-json\/wp\/v2\/product\/42760\/revisions"}],"wp:featuredmedia":[{"embeddable":true,"href":"https:\/\/agrotechtyres.com\/fr\/wp-json\/wp\/v2\/media\/41475"}],"wp:attachment":[{"href":"https:\/\/agrotechtyres.com\/fr\/wp-json\/wp\/v2\/media?parent=42760"}],"wp:term":[{"taxonomy":"product_brand","embeddable":true,"href":"https:\/\/agrotechtyres.com\/fr\/wp-json\/wp\/v2\/product_brand?post=42760"},{"taxonomy":"product_cat","embeddable":true,"href":"https:\/\/agrotechtyres.com\/fr\/wp-json\/wp\/v2\/product_cat?post=42760"},{"taxonomy":"product_tag","embeddable":true,"href":"https:\/\/agrotechtyres.com\/fr\/wp-json\/wp\/v2\/product_tag?post=42760"}],"curies":[{"name":"wp","href":"https:\/\/api.w.org\/{rel}","templated":true}]}}