{"id":42735,"date":"2026-04-29T00:50:52","date_gmt":"2026-04-29T00:50:52","guid":{"rendered":"https:\/\/agrotechtyres.com\/product\/15-5-25-loader-xl-tl-12pr-g2-l2-pneu\/"},"modified":"2026-04-29T00:50:52","modified_gmt":"2026-04-29T00:50:52","slug":"15-5-25-loader-xl-tl-12pr-g2-l2-pneu","status":"publish","type":"product","link":"https:\/\/agrotechtyres.com\/fr\/produit\/15-5-25-loader-xl-tl-12pr-g2-l2-pneu\/","title":{"rendered":"15.5-25 LOADER XL TL 12PR G2\/L2 Pneu"},"content":{"rendered":"<p>Le 15.5-25 LOADER XL TL 12PR G2\/L2 Pneu est un pneu diagonal TL con\u00e7u pour niveleuses. Il offre une performance stable, une bonne durabilit\u00e9 et une utilisation fiable pour les \u00e9quipements agricoles, industriels et de construction.<\/p>\n<p>Caract\u00e9ristiques principales : dimension 15.5-25, mod\u00e8le LOADER XL G2\/L2, construction diagonal, version TL. V\u00e9rifiez la disponibilit\u00e9 et les options de livraison avec AgroTech Solution.<\/p>\n","protected":false},"excerpt":{"rendered":"<p>Pneu pour engins de chantier pour niveleuses, con\u00e7u pour offrir des performances fiables dans des conditions exigeantes.<\/p>\n","protected":false},"featured_media":41474,"comment_status":"open","ping_status":"closed","template":"","meta":{"inline_featured_image":false},"product_brand":[],"product_cat":[2634],"product_tag":[1668,1825,1664,1662,1777,1827,1665],"class_list":{"0":"post-42735","1":"product","2":"type-product","3":"status-publish","4":"has-post-thumbnail","6":"product_cat-pneus-de-construction","7":"product_tag-12pr","8":"product_tag-15-5-25","9":"product_tag-bias","10":"product_tag-construction","11":"product_tag-grader","12":"product_tag-loader-xl-g2-l2","13":"product_tag-tl","14":"pa_application-niveleuse","15":"pa_construction-diagonal","16":"pa_model-loader-xl-g2-l2-fr","17":"pa_pr-12-fr-2","18":"pa_rim-diameter-25-fr-2","19":"pa_tl-tt-tl-fr","20":"pa_tread-type-g2-l2-fr-2","21":"pa_tyre-size-15-5-25-fr","22":"pa_width-15-5-fr-2","24":"first","25":"instock","26":"taxable","27":"shipping-taxable","28":"purchasable","29":"product-type-simple"},"_links":{"self":[{"href":"https:\/\/agrotechtyres.com\/fr\/wp-json\/wp\/v2\/product\/42735","targetHints":{"allow":["GET"]}}],"collection":[{"href":"https:\/\/agrotechtyres.com\/fr\/wp-json\/wp\/v2\/product"}],"about":[{"href":"https:\/\/agrotechtyres.com\/fr\/wp-json\/wp\/v2\/types\/product"}],"replies":[{"embeddable":true,"href":"https:\/\/agrotechtyres.com\/fr\/wp-json\/wp\/v2\/comments?post=42735"}],"version-history":[{"count":0,"href":"https:\/\/agrotechtyres.com\/fr\/wp-json\/wp\/v2\/product\/42735\/revisions"}],"wp:featuredmedia":[{"embeddable":true,"href":"https:\/\/agrotechtyres.com\/fr\/wp-json\/wp\/v2\/media\/41474"}],"wp:attachment":[{"href":"https:\/\/agrotechtyres.com\/fr\/wp-json\/wp\/v2\/media?parent=42735"}],"wp:term":[{"taxonomy":"product_brand","embeddable":true,"href":"https:\/\/agrotechtyres.com\/fr\/wp-json\/wp\/v2\/product_brand?post=42735"},{"taxonomy":"product_cat","embeddable":true,"href":"https:\/\/agrotechtyres.com\/fr\/wp-json\/wp\/v2\/product_cat?post=42735"},{"taxonomy":"product_tag","embeddable":true,"href":"https:\/\/agrotechtyres.com\/fr\/wp-json\/wp\/v2\/product_tag?post=42735"}],"curies":[{"name":"wp","href":"https:\/\/api.w.org\/{rel}","templated":true}]}}