{"id":42727,"date":"2026-04-29T00:50:50","date_gmt":"2026-04-29T00:50:50","guid":{"rendered":"https:\/\/agrotechtyres.com\/product\/14-9-24-8pr-vk100-irrigation-pneu\/"},"modified":"2026-04-29T00:50:50","modified_gmt":"2026-04-29T00:50:50","slug":"14-9-24-8pr-vk100-irrigation-pneu","status":"publish","type":"product","link":"https:\/\/agrotechtyres.com\/fr\/produit\/14-9-24-8pr-vk100-irrigation-pneu\/","title":{"rendered":"14.9-24 8PR VK100 IRRIGATION Pneu"},"content":{"rendered":"<p>Le 14.9-24 8PR VK100 IRRIGATION Pneu est un pneu diagonal TT con\u00e7u pour syst\u00e8mes d\u2019irrigation. Il offre une performance stable, une bonne durabilit\u00e9 et une utilisation fiable pour les \u00e9quipements agricoles, industriels et de construction.<\/p>\n<p>Caract\u00e9ristiques principales : dimension 14.9-24, marque VK, mod\u00e8le VK100 IRRIGATION, construction diagonal, version TT. V\u00e9rifiez la disponibilit\u00e9 et les options de livraison avec AgroTech Solution.<\/p>\n","protected":false},"excerpt":{"rendered":"<p>Pneu agricole pour syst\u00e8mes d\u2019irrigation, con\u00e7u pour offrir des performances fiables dans des conditions exigeantes.<\/p>\n","protected":false},"featured_media":38464,"comment_status":"open","ping_status":"closed","template":"","meta":{"inline_featured_image":false},"product_brand":[],"product_cat":[1622],"product_tag":[1796,1704,1702,1664,1798,1687,1659,1797],"class_list":{"0":"post-42727","1":"product","2":"type-product","3":"status-publish","4":"has-post-thumbnail","6":"product_cat-pneus-agricoles","7":"product_tag-14-9-24","8":"product_tag-8pr","9":"product_tag-agriculture","10":"product_tag-bias","11":"product_tag-irrigation","12":"product_tag-tt","13":"product_tag-vk","14":"product_tag-vk100-irrigation","15":"pa_application-irrigation","16":"pa_brand-vk","17":"pa_construction-diagonal","18":"pa_model-vk100-irrigation-fr","19":"pa_pr-8-fr-2","20":"pa_rim-diameter-24-fr-2","21":"pa_tl-tt-tt-fr-2","22":"pa_tyre-size-14-9-24-fr","23":"pa_width-14-9-fr-2","25":"first","26":"outofstock","27":"taxable","28":"shipping-taxable","29":"purchasable","30":"product-type-simple"},"_links":{"self":[{"href":"https:\/\/agrotechtyres.com\/fr\/wp-json\/wp\/v2\/product\/42727","targetHints":{"allow":["GET"]}}],"collection":[{"href":"https:\/\/agrotechtyres.com\/fr\/wp-json\/wp\/v2\/product"}],"about":[{"href":"https:\/\/agrotechtyres.com\/fr\/wp-json\/wp\/v2\/types\/product"}],"replies":[{"embeddable":true,"href":"https:\/\/agrotechtyres.com\/fr\/wp-json\/wp\/v2\/comments?post=42727"}],"version-history":[{"count":0,"href":"https:\/\/agrotechtyres.com\/fr\/wp-json\/wp\/v2\/product\/42727\/revisions"}],"wp:featuredmedia":[{"embeddable":true,"href":"https:\/\/agrotechtyres.com\/fr\/wp-json\/wp\/v2\/media\/38464"}],"wp:attachment":[{"href":"https:\/\/agrotechtyres.com\/fr\/wp-json\/wp\/v2\/media?parent=42727"}],"wp:term":[{"taxonomy":"product_brand","embeddable":true,"href":"https:\/\/agrotechtyres.com\/fr\/wp-json\/wp\/v2\/product_brand?post=42727"},{"taxonomy":"product_cat","embeddable":true,"href":"https:\/\/agrotechtyres.com\/fr\/wp-json\/wp\/v2\/product_cat?post=42727"},{"taxonomy":"product_tag","embeddable":true,"href":"https:\/\/agrotechtyres.com\/fr\/wp-json\/wp\/v2\/product_tag?post=42727"}],"curies":[{"name":"wp","href":"https:\/\/api.w.org\/{rel}","templated":true}]}}