{"id":42723,"date":"2026-04-29T00:50:49","date_gmt":"2026-04-29T00:50:49","guid":{"rendered":"https:\/\/agrotechtyres.com\/product\/14-00-24-28pr-e3-l3-westlake-and-set-pneu\/"},"modified":"2026-04-29T00:50:49","modified_gmt":"2026-04-29T00:50:49","slug":"14-00-24-28pr-e3-l3-westlake-and-set-pneu","status":"publish","type":"product","link":"https:\/\/agrotechtyres.com\/fr\/produit\/14-00-24-28pr-e3-l3-westlake-and-set-pneu\/","title":{"rendered":"14.00-24-28PR[E3\/L3]WESTLAKE&#038;SET Pneu"},"content":{"rendered":"<p>Le 14.00-24-28PR[E3\/L3]WESTLAKE&amp;SET Pneu est un pneu diagonal TT con\u00e7u pour chargeuses. Il offre une performance stable, une bonne durabilit\u00e9 et une utilisation fiable pour les \u00e9quipements agricoles, industriels et de construction.<\/p>\n<p>Caract\u00e9ristiques principales : dimension 14.00-24, marque WESTLAKE, mod\u00e8le [E3\/L3], construction diagonal, version TT. V\u00e9rifiez la disponibilit\u00e9 et les options de livraison avec AgroTech Solution.<\/p>\n","protected":false},"excerpt":{"rendered":"<p>Pneu pour engins de chantier pour chargeuses, con\u00e7u pour offrir des performances fiables dans des conditions exigeantes.<\/p>\n","protected":false},"featured_media":38687,"comment_status":"open","ping_status":"closed","template":"","meta":{"inline_featured_image":false},"product_brand":[],"product_cat":[2634],"product_tag":[1789,1787,1790,1664,1662,1672,1687,1670],"class_list":{"0":"post-42723","1":"product","2":"type-product","3":"status-publish","4":"has-post-thumbnail","6":"product_cat-pneus-de-construction","7":"product_tag-e3-l3","8":"product_tag-14-00-24","9":"product_tag-28pr","10":"product_tag-bias","11":"product_tag-construction","12":"product_tag-loader","13":"product_tag-tt","14":"product_tag-westlake","15":"pa_application-chargeuse","16":"pa_brand-westlake","17":"pa_construction-diagonal","18":"pa_model-e3-l3-2-fr","19":"pa_pr-28-fr","20":"pa_rim-diameter-24-fr-2","21":"pa_tl-tt-tt-fr-2","22":"pa_tread-type-e3-l3-fr","23":"pa_tyre-size-14-00-24-fr","24":"pa_width-14-fr","26":"first","27":"outofstock","28":"taxable","29":"shipping-taxable","30":"purchasable","31":"product-type-simple"},"_links":{"self":[{"href":"https:\/\/agrotechtyres.com\/fr\/wp-json\/wp\/v2\/product\/42723","targetHints":{"allow":["GET"]}}],"collection":[{"href":"https:\/\/agrotechtyres.com\/fr\/wp-json\/wp\/v2\/product"}],"about":[{"href":"https:\/\/agrotechtyres.com\/fr\/wp-json\/wp\/v2\/types\/product"}],"replies":[{"embeddable":true,"href":"https:\/\/agrotechtyres.com\/fr\/wp-json\/wp\/v2\/comments?post=42723"}],"version-history":[{"count":0,"href":"https:\/\/agrotechtyres.com\/fr\/wp-json\/wp\/v2\/product\/42723\/revisions"}],"wp:featuredmedia":[{"embeddable":true,"href":"https:\/\/agrotechtyres.com\/fr\/wp-json\/wp\/v2\/media\/38687"}],"wp:attachment":[{"href":"https:\/\/agrotechtyres.com\/fr\/wp-json\/wp\/v2\/media?parent=42723"}],"wp:term":[{"taxonomy":"product_brand","embeddable":true,"href":"https:\/\/agrotechtyres.com\/fr\/wp-json\/wp\/v2\/product_brand?post=42723"},{"taxonomy":"product_cat","embeddable":true,"href":"https:\/\/agrotechtyres.com\/fr\/wp-json\/wp\/v2\/product_cat?post=42723"},{"taxonomy":"product_tag","embeddable":true,"href":"https:\/\/agrotechtyres.com\/fr\/wp-json\/wp\/v2\/product_tag?post=42723"}],"curies":[{"name":"wp","href":"https:\/\/api.w.org\/{rel}","templated":true}]}}