{"id":42711,"date":"2026-04-29T00:50:39","date_gmt":"2026-04-29T00:50:39","guid":{"rendered":"https:\/\/agrotechtyres.com\/product\/12-5-80-18-14pr-el53-westlake-tl-pneu\/"},"modified":"2026-04-29T00:50:39","modified_gmt":"2026-04-29T00:50:39","slug":"12-5-80-18-14pr-el53-westlake-tl-pneu","status":"publish","type":"product","link":"https:\/\/agrotechtyres.com\/fr\/produit\/12-5-80-18-14pr-el53-westlake-tl-pneu\/","title":{"rendered":"12.5\/80-18-14PR EL53 WESTLAKE TL Pneu"},"content":{"rendered":"<p>Le 12.5\/80-18-14PR EL53 WESTLAKE TL Pneu est un pneu diagonal TL con\u00e7u pour chargeuses. Il offre une performance stable, une bonne durabilit\u00e9 et une utilisation fiable pour les \u00e9quipements agricoles, industriels et de construction.<\/p>\n<p>Caract\u00e9ristiques principales : dimension 12.5\/80-18, marque WESTLAKE, mod\u00e8le EL53, construction diagonal, version TL. V\u00e9rifiez la disponibilit\u00e9 et les options de livraison avec AgroTech Solution.<\/p>\n","protected":false},"excerpt":{"rendered":"<p>Pneu pour engins de chantier pour chargeuses, con\u00e7u pour offrir des performances fiables dans des conditions exigeantes.<\/p>\n","protected":false},"featured_media":38288,"comment_status":"open","ping_status":"closed","template":"","meta":{"inline_featured_image":false},"product_brand":[],"product_cat":[2634],"product_tag":[1769,1677,1664,1662,1693,1672,1665,1670],"class_list":{"0":"post-42711","1":"product","2":"type-product","3":"status-publish","4":"has-post-thumbnail","6":"product_cat-pneus-de-construction","7":"product_tag-12-5-80-18","8":"product_tag-14pr","9":"product_tag-bias","10":"product_tag-construction","11":"product_tag-el53","12":"product_tag-loader","13":"product_tag-tl","14":"product_tag-westlake","15":"pa_application-chargeuse","16":"pa_brand-westlake","17":"pa_construction-diagonal","18":"pa_model-el53-fr","19":"pa_pr-14-fr","20":"pa_profile-80-fr-2","21":"pa_rim-diameter-18-fr-2","22":"pa_tl-tt-tl-fr","23":"pa_tread-type-l5-fr-2","24":"pa_tyre-size-12-5-80-18-fr","25":"pa_width-12-5-fr-2","27":"first","28":"instock","29":"taxable","30":"shipping-taxable","31":"purchasable","32":"product-type-simple"},"_links":{"self":[{"href":"https:\/\/agrotechtyres.com\/fr\/wp-json\/wp\/v2\/product\/42711","targetHints":{"allow":["GET"]}}],"collection":[{"href":"https:\/\/agrotechtyres.com\/fr\/wp-json\/wp\/v2\/product"}],"about":[{"href":"https:\/\/agrotechtyres.com\/fr\/wp-json\/wp\/v2\/types\/product"}],"replies":[{"embeddable":true,"href":"https:\/\/agrotechtyres.com\/fr\/wp-json\/wp\/v2\/comments?post=42711"}],"version-history":[{"count":0,"href":"https:\/\/agrotechtyres.com\/fr\/wp-json\/wp\/v2\/product\/42711\/revisions"}],"wp:featuredmedia":[{"embeddable":true,"href":"https:\/\/agrotechtyres.com\/fr\/wp-json\/wp\/v2\/media\/38288"}],"wp:attachment":[{"href":"https:\/\/agrotechtyres.com\/fr\/wp-json\/wp\/v2\/media?parent=42711"}],"wp:term":[{"taxonomy":"product_brand","embeddable":true,"href":"https:\/\/agrotechtyres.com\/fr\/wp-json\/wp\/v2\/product_brand?post=42711"},{"taxonomy":"product_cat","embeddable":true,"href":"https:\/\/agrotechtyres.com\/fr\/wp-json\/wp\/v2\/product_cat?post=42711"},{"taxonomy":"product_tag","embeddable":true,"href":"https:\/\/agrotechtyres.com\/fr\/wp-json\/wp\/v2\/product_tag?post=42711"}],"curies":[{"name":"wp","href":"https:\/\/api.w.org\/{rel}","templated":true}]}}