{"id":42689,"date":"2026-04-29T00:50:34","date_gmt":"2026-04-29T00:50:34","guid":{"rendered":"https:\/\/agrotechtyres.com\/product\/11-2-24-ceat-farmax-tt-8pr-pneu\/"},"modified":"2026-04-29T00:50:34","modified_gmt":"2026-04-29T00:50:34","slug":"11-2-24-ceat-farmax-tt-8pr-pneu","status":"publish","type":"product","link":"https:\/\/agrotechtyres.com\/fr\/produit\/11-2-24-ceat-farmax-tt-8pr-pneu\/","title":{"rendered":"11.2-24 CEAT FARMAX TT 8PR Pneu"},"content":{"rendered":"<p>Le 11.2-24 CEAT FARMAX TT 8PR Pneu est un pneu diagonal TT con\u00e7u pour tracteurs. Il offre une performance stable, une bonne durabilit\u00e9 et une utilisation fiable pour les \u00e9quipements agricoles, industriels et de construction.<\/p>\n<p>Caract\u00e9ristiques principales : dimension 11.2-24, marque CEAT, mod\u00e8le FARMAX, construction diagonal, version TT. V\u00e9rifiez la disponibilit\u00e9 et les options de livraison avec AgroTech Solution.<\/p>\n","protected":false},"excerpt":{"rendered":"<p>Pneu agricole pour tracteurs, con\u00e7u pour offrir des performances fiables dans des conditions exigeantes.<\/p>\n","protected":false},"featured_media":38540,"comment_status":"open","ping_status":"closed","template":"","meta":{"inline_featured_image":false},"product_brand":[],"product_cat":[1622],"product_tag":[1700,1704,1702,1664,1680,1701,1703,1687],"class_list":{"0":"post-42689","1":"product","2":"type-product","3":"status-publish","4":"has-post-thumbnail","6":"product_cat-pneus-agricoles","7":"product_tag-11-2-24","8":"product_tag-8pr","9":"product_tag-agriculture","10":"product_tag-bias","11":"product_tag-ceat","12":"product_tag-farmax","13":"product_tag-tractor","14":"product_tag-tt","15":"pa_application-tracteur","16":"pa_brand-ceat","17":"pa_construction-diagonal","18":"pa_model-farmax-fr","19":"pa_pr-8-fr-2","20":"pa_rim-diameter-24-fr-2","21":"pa_tl-tt-tt-fr-2","22":"pa_tyre-size-11-2-24-fr","23":"pa_width-11-2-fr-2","25":"first","26":"instock","27":"taxable","28":"shipping-taxable","29":"purchasable","30":"product-type-simple"},"_links":{"self":[{"href":"https:\/\/agrotechtyres.com\/fr\/wp-json\/wp\/v2\/product\/42689","targetHints":{"allow":["GET"]}}],"collection":[{"href":"https:\/\/agrotechtyres.com\/fr\/wp-json\/wp\/v2\/product"}],"about":[{"href":"https:\/\/agrotechtyres.com\/fr\/wp-json\/wp\/v2\/types\/product"}],"replies":[{"embeddable":true,"href":"https:\/\/agrotechtyres.com\/fr\/wp-json\/wp\/v2\/comments?post=42689"}],"version-history":[{"count":0,"href":"https:\/\/agrotechtyres.com\/fr\/wp-json\/wp\/v2\/product\/42689\/revisions"}],"wp:featuredmedia":[{"embeddable":true,"href":"https:\/\/agrotechtyres.com\/fr\/wp-json\/wp\/v2\/media\/38540"}],"wp:attachment":[{"href":"https:\/\/agrotechtyres.com\/fr\/wp-json\/wp\/v2\/media?parent=42689"}],"wp:term":[{"taxonomy":"product_brand","embeddable":true,"href":"https:\/\/agrotechtyres.com\/fr\/wp-json\/wp\/v2\/product_brand?post=42689"},{"taxonomy":"product_cat","embeddable":true,"href":"https:\/\/agrotechtyres.com\/fr\/wp-json\/wp\/v2\/product_cat?post=42689"},{"taxonomy":"product_tag","embeddable":true,"href":"https:\/\/agrotechtyres.com\/fr\/wp-json\/wp\/v2\/product_tag?post=42689"}],"curies":[{"name":"wp","href":"https:\/\/api.w.org\/{rel}","templated":true}]}}