{"id":42680,"date":"2026-04-29T00:50:31","date_gmt":"2026-04-29T00:50:31","guid":{"rendered":"https:\/\/agrotechtyres.com\/product\/10-0-75-15-3-ceat-14pr-mpt-808-tl-pneu\/"},"modified":"2026-04-29T00:50:31","modified_gmt":"2026-04-29T00:50:31","slug":"10-0-75-15-3-ceat-14pr-mpt-808-tl-pneu","status":"publish","type":"product","link":"https:\/\/agrotechtyres.com\/fr\/produit\/10-0-75-15-3-ceat-14pr-mpt-808-tl-pneu\/","title":{"rendered":"10.0\/75-15.3 CEAT 14PR MPT 808 TL Pneu"},"content":{"rendered":"<p>Le 10.0\/75-15.3 CEAT 14PR MPT 808 TL Pneu est un pneu diagonal TL con\u00e7u pour chariots t\u00e9lescopiques. Il offre une performance stable, une bonne durabilit\u00e9 et une utilisation fiable pour les \u00e9quipements agricoles, industriels et de construction.<\/p>\n<p>Caract\u00e9ristiques principales : dimension 10.0\/75-15.3, marque CEAT, mod\u00e8le MPT 808, construction diagonal, version TL. V\u00e9rifiez la disponibilit\u00e9 et les options de livraison avec AgroTech Solution.<\/p>\n","protected":false},"excerpt":{"rendered":"<p>Pneu pour engins de chantier pour chariots t\u00e9lescopiques, con\u00e7u pour offrir des performances fiables dans des conditions exigeantes.<\/p>\n","protected":false},"featured_media":38216,"comment_status":"open","ping_status":"closed","template":"","meta":{"inline_featured_image":false},"product_brand":[],"product_cat":[2634],"product_tag":[1673,1677,1664,1680,1662,1681,1682,1665],"class_list":{"0":"post-42680","1":"product","2":"type-product","3":"status-publish","4":"has-post-thumbnail","6":"product_cat-pneus-de-construction","7":"product_tag-10-0-75-15-3","8":"product_tag-14pr","9":"product_tag-bias","10":"product_tag-ceat","11":"product_tag-construction","12":"product_tag-mpt-808","13":"product_tag-telehandler","14":"product_tag-tl","15":"pa_application-chariot-telescopique","16":"pa_brand-ceat","17":"pa_construction-diagonal","18":"pa_model-mpt-808-fr","19":"pa_pr-14-fr","20":"pa_profile-75-fr-2","21":"pa_rim-diameter-15-3-fr-2","22":"pa_tl-tt-tl-fr","23":"pa_tyre-size-10-0-75-15-3-fr","24":"pa_width-10-fr-2","26":"first","27":"instock","28":"taxable","29":"shipping-taxable","30":"purchasable","31":"product-type-simple"},"_links":{"self":[{"href":"https:\/\/agrotechtyres.com\/fr\/wp-json\/wp\/v2\/product\/42680","targetHints":{"allow":["GET"]}}],"collection":[{"href":"https:\/\/agrotechtyres.com\/fr\/wp-json\/wp\/v2\/product"}],"about":[{"href":"https:\/\/agrotechtyres.com\/fr\/wp-json\/wp\/v2\/types\/product"}],"replies":[{"embeddable":true,"href":"https:\/\/agrotechtyres.com\/fr\/wp-json\/wp\/v2\/comments?post=42680"}],"version-history":[{"count":0,"href":"https:\/\/agrotechtyres.com\/fr\/wp-json\/wp\/v2\/product\/42680\/revisions"}],"wp:featuredmedia":[{"embeddable":true,"href":"https:\/\/agrotechtyres.com\/fr\/wp-json\/wp\/v2\/media\/38216"}],"wp:attachment":[{"href":"https:\/\/agrotechtyres.com\/fr\/wp-json\/wp\/v2\/media?parent=42680"}],"wp:term":[{"taxonomy":"product_brand","embeddable":true,"href":"https:\/\/agrotechtyres.com\/fr\/wp-json\/wp\/v2\/product_brand?post=42680"},{"taxonomy":"product_cat","embeddable":true,"href":"https:\/\/agrotechtyres.com\/fr\/wp-json\/wp\/v2\/product_cat?post=42680"},{"taxonomy":"product_tag","embeddable":true,"href":"https:\/\/agrotechtyres.com\/fr\/wp-json\/wp\/v2\/product_tag?post=42680"}],"curies":[{"name":"wp","href":"https:\/\/api.w.org\/{rel}","templated":true}]}}