{"id":42282,"date":"2026-04-27T01:46:27","date_gmt":"2026-04-27T01:46:27","guid":{"rendered":"https:\/\/agrotechtyres.com\/product\/vf750-75r46-ceat-torquemax-189d-tl-sb-reifen\/"},"modified":"2026-04-28T22:55:20","modified_gmt":"2026-04-28T22:55:20","slug":"vf750-75r46-ceat-torquemax-189d-tl-sb-reifen","status":"publish","type":"product","link":"https:\/\/agrotechtyres.com\/de\/produkt\/vf750-75r46-ceat-torquemax-189d-tl-sb-reifen\/","title":{"rendered":"VF750\/75R46 CEAT TORQUEMAX 189D TL SB Reifen"},"content":{"rendered":"<p>Der VF750\/75R46 CEAT TORQUEMAX 189D TL SB Reifen ist ein radialer TL Reifen f\u00fcr Traktor und professionelle Maschinenanwendungen.<\/p>\n<p>Das Modell VF750\/75R46 TORQUEMAX eignet sich f\u00fcr Eins\u00e4tze, bei denen zuverl\u00e4ssige Traktion, Stabilit\u00e4t und eine passende Tragf\u00e4higkeit wichtig sind. Wichtige technische Angaben: Tragf\u00e4higkeits-\/Geschwindigkeitsindex 189D, Profiltyp R4.<\/p>\n<p>AgroTech Solution liefert Landwirtschafts-, Industrie- und Baumaschinenreifen in Europa. Kontaktieren Sie uns, um aktuelle Verf\u00fcgbarkeit, Lieferoptionen und die passende Reifenl\u00f6sung f\u00fcr Ihre Maschine zu best\u00e4tigen.<\/p>\n","protected":false},"excerpt":{"rendered":"<p>Landwirtschaftsreifen f\u00fcr zuverl\u00e4ssige Traktion, Stabilit\u00e4t und Leistung unter anspruchsvollen Einsatzbedingungen.<\/p>\n","protected":false},"featured_media":37880,"comment_status":"open","ping_status":"closed","template":"","meta":{"inline_featured_image":false},"product_brand":[],"product_cat":[1623],"product_tag":[2541,2751,2749,2750,2748,2478,2752,2540],"class_list":{"0":"post-42282","1":"product","2":"type-product","3":"status-publish","4":"has-post-thumbnail","6":"product_cat-landwirtschaftsreifen","7":"product_tag-189d","8":"product_tag-agriculture","9":"product_tag-ceat","10":"product_tag-radial","11":"product_tag-tl","12":"product_tag-torquemax","13":"product_tag-tractor","14":"product_tag-vf750-75r46","15":"pa_application-traktor","16":"pa_brand-ceat","17":"pa_construction-radial","18":"pa_load-index-189d-de-2","19":"pa_model-vf750-75r46-torquemax-de","20":"pa_profile-75-de-2","21":"pa_rim-diameter-46-de","22":"pa_tl-tt-tl","23":"pa_tread-type-r4-de-2","24":"pa_tyre-size-vf750-75r46-de-2","25":"pa_width-750-de-2","27":"first","28":"instock","29":"taxable","30":"shipping-taxable","31":"purchasable","32":"product-type-simple"},"_links":{"self":[{"href":"https:\/\/agrotechtyres.com\/de\/wp-json\/wp\/v2\/product\/42282","targetHints":{"allow":["GET"]}}],"collection":[{"href":"https:\/\/agrotechtyres.com\/de\/wp-json\/wp\/v2\/product"}],"about":[{"href":"https:\/\/agrotechtyres.com\/de\/wp-json\/wp\/v2\/types\/product"}],"replies":[{"embeddable":true,"href":"https:\/\/agrotechtyres.com\/de\/wp-json\/wp\/v2\/comments?post=42282"}],"version-history":[{"count":1,"href":"https:\/\/agrotechtyres.com\/de\/wp-json\/wp\/v2\/product\/42282\/revisions"}],"predecessor-version":[{"id":42641,"href":"https:\/\/agrotechtyres.com\/de\/wp-json\/wp\/v2\/product\/42282\/revisions\/42641"}],"wp:featuredmedia":[{"embeddable":true,"href":"https:\/\/agrotechtyres.com\/de\/wp-json\/wp\/v2\/media\/37880"}],"wp:attachment":[{"href":"https:\/\/agrotechtyres.com\/de\/wp-json\/wp\/v2\/media?parent=42282"}],"wp:term":[{"taxonomy":"product_brand","embeddable":true,"href":"https:\/\/agrotechtyres.com\/de\/wp-json\/wp\/v2\/product_brand?post=42282"},{"taxonomy":"product_cat","embeddable":true,"href":"https:\/\/agrotechtyres.com\/de\/wp-json\/wp\/v2\/product_cat?post=42282"},{"taxonomy":"product_tag","embeddable":true,"href":"https:\/\/agrotechtyres.com\/de\/wp-json\/wp\/v2\/product_tag?post=42282"}],"curies":[{"name":"wp","href":"https:\/\/api.w.org\/{rel}","templated":true}]}}