{"id":42254,"date":"2026-04-27T01:46:12","date_gmt":"2026-04-27T01:46:12","guid":{"rendered":"https:\/\/agrotechtyres.com\/product\/8-25-15-14pr-edt-westlake-und-set-reifen\/"},"modified":"2026-04-28T22:55:05","modified_gmt":"2026-04-28T22:55:05","slug":"8-25-15-14pr-edt-westlake-und-set-reifen","status":"publish","type":"product","link":"https:\/\/agrotechtyres.com\/de\/produkt\/8-25-15-14pr-edt-westlake-und-set-reifen\/","title":{"rendered":"8.25-15-14PR EDT WESTLAKE&#038;SET Reifen"},"content":{"rendered":"<p>Der 8.25-15-14PR EDT WESTLAKE&amp;SET Reifen ist ein diagonaler TT Reifen f\u00fcr sonstige Industrie- und Baumaschinen und professionelle Maschinenanwendungen.<\/p>\n<p>Das Modell EDT eignet sich f\u00fcr Eins\u00e4tze, bei denen zuverl\u00e4ssige Traktion, Stabilit\u00e4t und eine passende Tragf\u00e4higkeit wichtig sind. Wichtige technische Angaben: 14PR.<\/p>\n<p>AgroTech Solution liefert Landwirtschafts-, Industrie- und Baumaschinenreifen in Europa. Kontaktieren Sie uns, um aktuelle Verf\u00fcgbarkeit, Lieferoptionen und die passende Reifenl\u00f6sung f\u00fcr Ihre Maschine zu best\u00e4tigen.<\/p>\n","protected":false},"excerpt":{"rendered":"<p>Baumaschinenreifen f\u00fcr Lader, Grader und Erdbewegungsmaschinen mit zuverl\u00e4ssiger Leistung im professionellen Einsatz.<\/p>\n","protected":false},"featured_media":38084,"comment_status":"open","ping_status":"closed","template":"","meta":{"inline_featured_image":false},"product_brand":[],"product_cat":[2628],"product_tag":[1677,2454,2771,2772,2773,2058,1687,1670],"class_list":{"0":"post-42254","1":"product","2":"type-product","3":"status-publish","4":"has-post-thumbnail","6":"product_cat-baumaschinenreifen","7":"product_tag-14pr","8":"product_tag-8-25-15","9":"product_tag-bau","10":"product_tag-cwl-sonstige-industrie-bau","11":"product_tag-diagonal-2","12":"product_tag-edt","13":"product_tag-tt","14":"product_tag-westlake","15":"pa_application-cwl-sonstige-industrie-und-baumaschinen","16":"pa_brand-westlake","17":"pa_construction-diagonal","18":"pa_model-edt-de","19":"pa_pr-14-de-2","20":"pa_rim-diameter-15-de-2","21":"pa_tl-tt-tt-de-2","22":"pa_tyre-size-8-25-15-de","23":"pa_width-8-25-de","25":"first","26":"instock","27":"taxable","28":"shipping-taxable","29":"purchasable","30":"product-type-simple"},"_links":{"self":[{"href":"https:\/\/agrotechtyres.com\/de\/wp-json\/wp\/v2\/product\/42254","targetHints":{"allow":["GET"]}}],"collection":[{"href":"https:\/\/agrotechtyres.com\/de\/wp-json\/wp\/v2\/product"}],"about":[{"href":"https:\/\/agrotechtyres.com\/de\/wp-json\/wp\/v2\/types\/product"}],"replies":[{"embeddable":true,"href":"https:\/\/agrotechtyres.com\/de\/wp-json\/wp\/v2\/comments?post=42254"}],"version-history":[{"count":1,"href":"https:\/\/agrotechtyres.com\/de\/wp-json\/wp\/v2\/product\/42254\/revisions"}],"predecessor-version":[{"id":42611,"href":"https:\/\/agrotechtyres.com\/de\/wp-json\/wp\/v2\/product\/42254\/revisions\/42611"}],"wp:featuredmedia":[{"embeddable":true,"href":"https:\/\/agrotechtyres.com\/de\/wp-json\/wp\/v2\/media\/38084"}],"wp:attachment":[{"href":"https:\/\/agrotechtyres.com\/de\/wp-json\/wp\/v2\/media?parent=42254"}],"wp:term":[{"taxonomy":"product_brand","embeddable":true,"href":"https:\/\/agrotechtyres.com\/de\/wp-json\/wp\/v2\/product_brand?post=42254"},{"taxonomy":"product_cat","embeddable":true,"href":"https:\/\/agrotechtyres.com\/de\/wp-json\/wp\/v2\/product_cat?post=42254"},{"taxonomy":"product_tag","embeddable":true,"href":"https:\/\/agrotechtyres.com\/de\/wp-json\/wp\/v2\/product_tag?post=42254"}],"curies":[{"name":"wp","href":"https:\/\/api.w.org\/{rel}","templated":true}]}}