{"id":42253,"date":"2026-04-27T01:46:11","date_gmt":"2026-04-27T01:46:11","guid":{"rendered":"https:\/\/agrotechtyres.com\/product\/775-65r29-195b-213a2-cb387-tl-westlake-e4-l4-reifen\/"},"modified":"2026-04-28T22:55:05","modified_gmt":"2026-04-28T22:55:05","slug":"775-65r29-195b-213a2-cb387-tl-westlake-e4-l4-reifen","status":"publish","type":"product","link":"https:\/\/agrotechtyres.com\/de\/produkt\/775-65r29-195b-213a2-cb387-tl-westlake-e4-l4-reifen\/","title":{"rendered":"775\/65R29 (195B\/213A2) CB387 TL WESTLAKE E4\/L4 Reifen"},"content":{"rendered":"<p>Der 775\/65R29 (195B\/213A2) CB387 TL WESTLAKE E4\/L4 Reifen ist ein radialer TL Reifen f\u00fcr sonstige Industrie- und Baumaschinen und professionelle Maschinenanwendungen.<\/p>\n<p>Das Modell CB387 E4\/L4 eignet sich f\u00fcr Eins\u00e4tze, bei denen zuverl\u00e4ssige Traktion, Stabilit\u00e4t und eine passende Tragf\u00e4higkeit wichtig sind. Wichtige technische Angaben: Tragf\u00e4higkeits-\/Geschwindigkeitsindex 195B\/213A2, Profiltyp E4\/L4.<\/p>\n<p>AgroTech Solution liefert Landwirtschafts-, Industrie- und Baumaschinenreifen in Europa. Kontaktieren Sie uns, um aktuelle Verf\u00fcgbarkeit, Lieferoptionen und die passende Reifenl\u00f6sung f\u00fcr Ihre Maschine zu best\u00e4tigen.<\/p>\n","protected":false},"excerpt":{"rendered":"<p>Baumaschinenreifen f\u00fcr Lader, Grader und Erdbewegungsmaschinen mit zuverl\u00e4ssiger Leistung im professionellen Einsatz.<\/p>\n","protected":false},"featured_media":37724,"comment_status":"open","ping_status":"closed","template":"","meta":{"inline_featured_image":false},"product_brand":[],"product_cat":[2628],"product_tag":[2453,2451,2771,2452,2772,2750,2748,1670],"class_list":{"0":"post-42253","1":"product","2":"type-product","3":"status-publish","4":"has-post-thumbnail","6":"product_cat-baumaschinenreifen","7":"product_tag-195b-213a2","8":"product_tag-775-65r29","9":"product_tag-bau","10":"product_tag-cb387-e4-l4","11":"product_tag-cwl-sonstige-industrie-bau","12":"product_tag-radial","13":"product_tag-tl","14":"product_tag-westlake","15":"pa_application-cwl-sonstige-industrie-und-baumaschinen","16":"pa_brand-westlake","17":"pa_construction-radial","18":"pa_load-index-195b-213a2-de-2","19":"pa_model-cb387-e4-l4-de","20":"pa_profile-65-de-2","21":"pa_rim-diameter-29-de-2","22":"pa_tl-tt-tl","23":"pa_tread-type-e4-l4-de-2","24":"pa_tyre-size-775-65r29-de","25":"pa_width-2499","27":"first","28":"instock","29":"taxable","30":"shipping-taxable","31":"purchasable","32":"product-type-simple"},"_links":{"self":[{"href":"https:\/\/agrotechtyres.com\/de\/wp-json\/wp\/v2\/product\/42253","targetHints":{"allow":["GET"]}}],"collection":[{"href":"https:\/\/agrotechtyres.com\/de\/wp-json\/wp\/v2\/product"}],"about":[{"href":"https:\/\/agrotechtyres.com\/de\/wp-json\/wp\/v2\/types\/product"}],"replies":[{"embeddable":true,"href":"https:\/\/agrotechtyres.com\/de\/wp-json\/wp\/v2\/comments?post=42253"}],"version-history":[{"count":1,"href":"https:\/\/agrotechtyres.com\/de\/wp-json\/wp\/v2\/product\/42253\/revisions"}],"predecessor-version":[{"id":42610,"href":"https:\/\/agrotechtyres.com\/de\/wp-json\/wp\/v2\/product\/42253\/revisions\/42610"}],"wp:featuredmedia":[{"embeddable":true,"href":"https:\/\/agrotechtyres.com\/de\/wp-json\/wp\/v2\/media\/37724"}],"wp:attachment":[{"href":"https:\/\/agrotechtyres.com\/de\/wp-json\/wp\/v2\/media?parent=42253"}],"wp:term":[{"taxonomy":"product_brand","embeddable":true,"href":"https:\/\/agrotechtyres.com\/de\/wp-json\/wp\/v2\/product_brand?post=42253"},{"taxonomy":"product_cat","embeddable":true,"href":"https:\/\/agrotechtyres.com\/de\/wp-json\/wp\/v2\/product_cat?post=42253"},{"taxonomy":"product_tag","embeddable":true,"href":"https:\/\/agrotechtyres.com\/de\/wp-json\/wp\/v2\/product_tag?post=42253"}],"curies":[{"name":"wp","href":"https:\/\/api.w.org\/{rel}","templated":true}]}}