{"id":42239,"date":"2026-04-27T01:46:02","date_gmt":"2026-04-27T01:46:02","guid":{"rendered":"https:\/\/agrotechtyres.com\/product\/7-50-16-8pr-vk106-imp-traction-reifen\/"},"modified":"2026-04-28T22:55:01","modified_gmt":"2026-04-28T22:55:01","slug":"7-50-16-8pr-vk106-imp-traction-reifen","status":"publish","type":"product","link":"https:\/\/agrotechtyres.com\/de\/produkt\/7-50-16-8pr-vk106-imp-traction-reifen\/","title":{"rendered":"7.50-16 8PR VK106 IMP TRACTION Reifen"},"content":{"rendered":"<p>Der 7.50-16 8PR VK106 IMP TRACTION Reifen ist ein diagonaler TL Reifen f\u00fcr landwirtschaftliche Ger\u00e4te und professionelle Maschinenanwendungen.<\/p>\n<p>Das Modell VK106 IMP TRACTION eignet sich f\u00fcr Eins\u00e4tze, bei denen zuverl\u00e4ssige Traktion, Stabilit\u00e4t und eine passende Tragf\u00e4higkeit wichtig sind. Wichtige technische Angaben: 8PR, Tragf\u00e4higkeits-\/Geschwindigkeitsindex 119A6\/115A8.<\/p>\n<p>AgroTech Solution liefert Landwirtschafts-, Industrie- und Baumaschinenreifen in Europa. Kontaktieren Sie uns, um aktuelle Verf\u00fcgbarkeit, Lieferoptionen und die passende Reifenl\u00f6sung f\u00fcr Ihre Maschine zu best\u00e4tigen.<\/p>\n","protected":false},"excerpt":{"rendered":"<p>Reifen f\u00fcr landwirtschaftliche Ger\u00e4te, ausgelegt f\u00fcr zuverl\u00e4ssige Leistung und professionelle Anwendungen.<\/p>\n","protected":false},"featured_media":38624,"comment_status":"open","ping_status":"closed","template":"","meta":{"inline_featured_image":false},"product_brand":[],"product_cat":[2627],"product_tag":[2417,2416,1704,1675,2773,1676,2748,1659,1678],"class_list":{"0":"post-42239","1":"product","2":"type-product","3":"status-publish","4":"has-post-thumbnail","6":"product_cat-agro-industrie-reifen","7":"product_tag-119a6-115a8","8":"product_tag-7-50-16","9":"product_tag-8pr","10":"product_tag-agro-industrial","11":"product_tag-diagonal-2","12":"product_tag-implement","13":"product_tag-tl","14":"product_tag-vk","15":"product_tag-vk106-imp-traction","16":"pa_application-landwirtschaftliche-gerate","17":"pa_brand-vk","18":"pa_construction-diagonal","19":"pa_load-index-119a6-115a8-de-2","20":"pa_model-vk106-imp-traction-de","21":"pa_pr-8-de-2","22":"pa_rim-diameter-16-de-2","23":"pa_tl-tt-tl","24":"pa_tyre-size-7-50-16-de","25":"pa_width-7-5-de-2","27":"first","28":"outofstock","29":"taxable","30":"shipping-taxable","31":"purchasable","32":"product-type-simple"},"_links":{"self":[{"href":"https:\/\/agrotechtyres.com\/de\/wp-json\/wp\/v2\/product\/42239","targetHints":{"allow":["GET"]}}],"collection":[{"href":"https:\/\/agrotechtyres.com\/de\/wp-json\/wp\/v2\/product"}],"about":[{"href":"https:\/\/agrotechtyres.com\/de\/wp-json\/wp\/v2\/types\/product"}],"replies":[{"embeddable":true,"href":"https:\/\/agrotechtyres.com\/de\/wp-json\/wp\/v2\/comments?post=42239"}],"version-history":[{"count":1,"href":"https:\/\/agrotechtyres.com\/de\/wp-json\/wp\/v2\/product\/42239\/revisions"}],"predecessor-version":[{"id":42597,"href":"https:\/\/agrotechtyres.com\/de\/wp-json\/wp\/v2\/product\/42239\/revisions\/42597"}],"wp:featuredmedia":[{"embeddable":true,"href":"https:\/\/agrotechtyres.com\/de\/wp-json\/wp\/v2\/media\/38624"}],"wp:attachment":[{"href":"https:\/\/agrotechtyres.com\/de\/wp-json\/wp\/v2\/media?parent=42239"}],"wp:term":[{"taxonomy":"product_brand","embeddable":true,"href":"https:\/\/agrotechtyres.com\/de\/wp-json\/wp\/v2\/product_brand?post=42239"},{"taxonomy":"product_cat","embeddable":true,"href":"https:\/\/agrotechtyres.com\/de\/wp-json\/wp\/v2\/product_cat?post=42239"},{"taxonomy":"product_tag","embeddable":true,"href":"https:\/\/agrotechtyres.com\/de\/wp-json\/wp\/v2\/product_tag?post=42239"}],"curies":[{"name":"wp","href":"https:\/\/api.w.org\/{rel}","templated":true}]}}