{"id":42234,"date":"2026-04-27T01:46:02","date_gmt":"2026-04-27T01:46:02","guid":{"rendered":"https:\/\/agrotechtyres.com\/product\/650-75r32-ceat-yieldmax-172a8-tl-reifen\/"},"modified":"2026-04-28T22:54:59","modified_gmt":"2026-04-28T22:54:59","slug":"650-75r32-ceat-yieldmax-172a8-tl-reifen","status":"publish","type":"product","link":"https:\/\/agrotechtyres.com\/de\/produkt\/650-75r32-ceat-yieldmax-172a8-tl-reifen\/","title":{"rendered":"650\/75R32 CEAT YIELDMAX 172A8 TL Reifen"},"content":{"rendered":"<p>Der 650\/75R32 CEAT YIELDMAX 172A8 TL Reifen ist ein radialer TL Reifen f\u00fcr landwirtschaftliche Ger\u00e4te und professionelle Maschinenanwendungen.<\/p>\n<p>Das Modell YIELDMAX eignet sich f\u00fcr Eins\u00e4tze, bei denen zuverl\u00e4ssige Traktion, Stabilit\u00e4t und eine passende Tragf\u00e4higkeit wichtig sind. Wichtige technische Angaben: Tragf\u00e4higkeits-\/Geschwindigkeitsindex 172A8, Profiltyp R3.<\/p>\n<p>AgroTech Solution liefert Landwirtschafts-, Industrie- und Baumaschinenreifen in Europa. Kontaktieren Sie uns, um aktuelle Verf\u00fcgbarkeit, Lieferoptionen und die passende Reifenl\u00f6sung f\u00fcr Ihre Maschine zu best\u00e4tigen.<\/p>\n","protected":false},"excerpt":{"rendered":"<p>Reifen f\u00fcr landwirtschaftliche Ger\u00e4te, ausgelegt f\u00fcr zuverl\u00e4ssige Leistung und professionelle Anwendungen.<\/p>\n","protected":false},"featured_media":37784,"comment_status":"open","ping_status":"closed","template":"","meta":{"inline_featured_image":false},"product_brand":[],"product_cat":[2627],"product_tag":[2412,2411,1675,2749,1676,2750,2748,1992],"class_list":{"0":"post-42234","1":"product","2":"type-product","3":"status-publish","4":"has-post-thumbnail","6":"product_cat-agro-industrie-reifen","7":"product_tag-172a8","8":"product_tag-650-75r32","9":"product_tag-agro-industrial","10":"product_tag-ceat","11":"product_tag-implement","12":"product_tag-radial","13":"product_tag-tl","14":"product_tag-yieldmax","15":"pa_application-landwirtschaftliche-gerate","16":"pa_brand-ceat","17":"pa_construction-radial","18":"pa_load-index-172a8-de-2","19":"pa_model-yieldmax-de","20":"pa_profile-75-de-2","21":"pa_rim-diameter-32-de-2","22":"pa_tl-tt-tl","23":"pa_tread-type-r3","24":"pa_tyre-size-650-75r32-de","25":"pa_width-650-de-2","27":"first","28":"instock","29":"taxable","30":"shipping-taxable","31":"purchasable","32":"product-type-simple"},"_links":{"self":[{"href":"https:\/\/agrotechtyres.com\/de\/wp-json\/wp\/v2\/product\/42234","targetHints":{"allow":["GET"]}}],"collection":[{"href":"https:\/\/agrotechtyres.com\/de\/wp-json\/wp\/v2\/product"}],"about":[{"href":"https:\/\/agrotechtyres.com\/de\/wp-json\/wp\/v2\/types\/product"}],"replies":[{"embeddable":true,"href":"https:\/\/agrotechtyres.com\/de\/wp-json\/wp\/v2\/comments?post=42234"}],"version-history":[{"count":1,"href":"https:\/\/agrotechtyres.com\/de\/wp-json\/wp\/v2\/product\/42234\/revisions"}],"predecessor-version":[{"id":42592,"href":"https:\/\/agrotechtyres.com\/de\/wp-json\/wp\/v2\/product\/42234\/revisions\/42592"}],"wp:featuredmedia":[{"embeddable":true,"href":"https:\/\/agrotechtyres.com\/de\/wp-json\/wp\/v2\/media\/37784"}],"wp:attachment":[{"href":"https:\/\/agrotechtyres.com\/de\/wp-json\/wp\/v2\/media?parent=42234"}],"wp:term":[{"taxonomy":"product_brand","embeddable":true,"href":"https:\/\/agrotechtyres.com\/de\/wp-json\/wp\/v2\/product_brand?post=42234"},{"taxonomy":"product_cat","embeddable":true,"href":"https:\/\/agrotechtyres.com\/de\/wp-json\/wp\/v2\/product_cat?post=42234"},{"taxonomy":"product_tag","embeddable":true,"href":"https:\/\/agrotechtyres.com\/de\/wp-json\/wp\/v2\/product_tag?post=42234"}],"curies":[{"name":"wp","href":"https:\/\/api.w.org\/{rel}","templated":true}]}}