{"id":42220,"date":"2026-04-27T01:45:51","date_gmt":"2026-04-27T01:45:51","guid":{"rendered":"https:\/\/agrotechtyres.com\/product\/600-65r38-ceat-farmax-r65-tl-153d-reifen\/"},"modified":"2026-04-28T22:54:47","modified_gmt":"2026-04-28T22:54:47","slug":"600-65r38-ceat-farmax-r65-tl-153d-reifen","status":"publish","type":"product","link":"https:\/\/agrotechtyres.com\/de\/produkt\/600-65r38-ceat-farmax-r65-tl-153d-reifen\/","title":{"rendered":"600\/65R38 CEAT FARMAX R65 TL 153D Reifen"},"content":{"rendered":"<p>Der 600\/65R38 CEAT FARMAX R65 TL 153D Reifen ist ein radialer TL Reifen f\u00fcr Traktor und professionelle Maschinenanwendungen.<\/p>\n<p>Das Modell FARMAX R65 eignet sich f\u00fcr Eins\u00e4tze, bei denen zuverl\u00e4ssige Traktion, Stabilit\u00e4t und eine passende Tragf\u00e4higkeit wichtig sind. Wichtige technische Angaben: Tragf\u00e4higkeits-\/Geschwindigkeitsindex 153D, Profiltyp R3.<\/p>\n<p>AgroTech Solution liefert Landwirtschafts-, Industrie- und Baumaschinenreifen in Europa. Kontaktieren Sie uns, um aktuelle Verf\u00fcgbarkeit, Lieferoptionen und die passende Reifenl\u00f6sung f\u00fcr Ihre Maschine zu best\u00e4tigen.<\/p>\n","protected":false},"excerpt":{"rendered":"<p>Landwirtschaftsreifen f\u00fcr zuverl\u00e4ssige Traktion, Stabilit\u00e4t und Leistung unter anspruchsvollen Einsatzbedingungen.<\/p>\n","protected":false},"featured_media":38044,"comment_status":"open","ping_status":"closed","template":"","meta":{"inline_featured_image":false},"product_brand":[],"product_cat":[1623],"product_tag":[2342,2372,2751,2749,2281,2750,2748,2752],"class_list":{"0":"post-42220","1":"product","2":"type-product","3":"status-publish","4":"has-post-thumbnail","6":"product_cat-landwirtschaftsreifen","7":"product_tag-153d","8":"product_tag-600-65r38","9":"product_tag-agriculture","10":"product_tag-ceat","11":"product_tag-farmax-r65","12":"product_tag-radial","13":"product_tag-tl","14":"product_tag-tractor","15":"pa_application-traktor","16":"pa_brand-ceat","17":"pa_construction-radial","18":"pa_load-index-153d-de-2","19":"pa_model-farmax-r65-de","20":"pa_profile-65-de-2","21":"pa_rim-diameter-2743","22":"pa_tl-tt-tl","23":"pa_tread-type-r3","24":"pa_tyre-size-600-65r38-de","25":"pa_width-600-de-2","27":"first","28":"instock","29":"taxable","30":"shipping-taxable","31":"purchasable","32":"product-type-simple"},"_links":{"self":[{"href":"https:\/\/agrotechtyres.com\/de\/wp-json\/wp\/v2\/product\/42220","targetHints":{"allow":["GET"]}}],"collection":[{"href":"https:\/\/agrotechtyres.com\/de\/wp-json\/wp\/v2\/product"}],"about":[{"href":"https:\/\/agrotechtyres.com\/de\/wp-json\/wp\/v2\/types\/product"}],"replies":[{"embeddable":true,"href":"https:\/\/agrotechtyres.com\/de\/wp-json\/wp\/v2\/comments?post=42220"}],"version-history":[{"count":1,"href":"https:\/\/agrotechtyres.com\/de\/wp-json\/wp\/v2\/product\/42220\/revisions"}],"predecessor-version":[{"id":42578,"href":"https:\/\/agrotechtyres.com\/de\/wp-json\/wp\/v2\/product\/42220\/revisions\/42578"}],"wp:featuredmedia":[{"embeddable":true,"href":"https:\/\/agrotechtyres.com\/de\/wp-json\/wp\/v2\/media\/38044"}],"wp:attachment":[{"href":"https:\/\/agrotechtyres.com\/de\/wp-json\/wp\/v2\/media?parent=42220"}],"wp:term":[{"taxonomy":"product_brand","embeddable":true,"href":"https:\/\/agrotechtyres.com\/de\/wp-json\/wp\/v2\/product_brand?post=42220"},{"taxonomy":"product_cat","embeddable":true,"href":"https:\/\/agrotechtyres.com\/de\/wp-json\/wp\/v2\/product_cat?post=42220"},{"taxonomy":"product_tag","embeddable":true,"href":"https:\/\/agrotechtyres.com\/de\/wp-json\/wp\/v2\/product_tag?post=42220"}],"curies":[{"name":"wp","href":"https:\/\/api.w.org\/{rel}","templated":true}]}}