{"id":42202,"date":"2026-04-27T01:45:44","date_gmt":"2026-04-27T01:45:44","guid":{"rendered":"https:\/\/agrotechtyres.com\/product\/560-60r22-5-ceat-floatmax-ft-164d-tl-sb-reifen\/"},"modified":"2026-04-28T22:54:42","modified_gmt":"2026-04-28T22:54:42","slug":"560-60r22-5-ceat-floatmax-ft-164d-tl-sb-reifen","status":"publish","type":"product","link":"https:\/\/agrotechtyres.com\/de\/produkt\/560-60r22-5-ceat-floatmax-ft-164d-tl-sb-reifen\/","title":{"rendered":"560\/60R22.5 CEAT FLOATMAX FT 164D TL SB Reifen"},"content":{"rendered":"<p>Der 560\/60R22.5 CEAT FLOATMAX FT 164D TL SB Reifen ist ein radialer TL Reifen f\u00fcr Flotation und professionelle Maschinenanwendungen.<\/p>\n<p>Das Modell FLOATMAX FT eignet sich f\u00fcr Eins\u00e4tze, bei denen zuverl\u00e4ssige Traktion, Stabilit\u00e4t und eine passende Tragf\u00e4higkeit wichtig sind. Wichtige technische Angaben: Tragf\u00e4higkeits-\/Geschwindigkeitsindex 164D.<\/p>\n<p>AgroTech Solution liefert Landwirtschafts-, Industrie- und Baumaschinenreifen in Europa. Kontaktieren Sie uns, um aktuelle Verf\u00fcgbarkeit, Lieferoptionen und die passende Reifenl\u00f6sung f\u00fcr Ihre Maschine zu best\u00e4tigen.<\/p>\n","protected":false},"excerpt":{"rendered":"<p>Reifen f\u00fcr Flotation, ausgelegt f\u00fcr zuverl\u00e4ssige Leistung und professionelle Anwendungen.<\/p>\n","protected":false},"featured_media":38004,"comment_status":"open","ping_status":"closed","template":"","meta":{"inline_featured_image":false},"product_brand":[],"product_cat":[2627],"product_tag":[2156,2347,1675,2749,2346,1929,2750,2748],"class_list":{"0":"post-42202","1":"product","2":"type-product","3":"status-publish","4":"has-post-thumbnail","6":"product_cat-agro-industrie-reifen","7":"product_tag-164d","8":"product_tag-560-60r22-5","9":"product_tag-agro-industrial","10":"product_tag-ceat","11":"product_tag-floatmax-ft","12":"product_tag-flotation","13":"product_tag-radial","14":"product_tag-tl","15":"pa_application-flotation","16":"pa_brand-ceat","17":"pa_construction-radial","18":"pa_load-index-164d-de-2","19":"pa_model-floatmax-ft-de","20":"pa_profile-60-de","21":"pa_rim-diameter-22-5-de-2","22":"pa_tl-tt-tl","23":"pa_tyre-size-560-60r22-5-de","24":"pa_width-560-de-2","26":"first","27":"instock","28":"taxable","29":"shipping-taxable","30":"purchasable","31":"product-type-simple"},"_links":{"self":[{"href":"https:\/\/agrotechtyres.com\/de\/wp-json\/wp\/v2\/product\/42202","targetHints":{"allow":["GET"]}}],"collection":[{"href":"https:\/\/agrotechtyres.com\/de\/wp-json\/wp\/v2\/product"}],"about":[{"href":"https:\/\/agrotechtyres.com\/de\/wp-json\/wp\/v2\/types\/product"}],"replies":[{"embeddable":true,"href":"https:\/\/agrotechtyres.com\/de\/wp-json\/wp\/v2\/comments?post=42202"}],"version-history":[{"count":1,"href":"https:\/\/agrotechtyres.com\/de\/wp-json\/wp\/v2\/product\/42202\/revisions"}],"predecessor-version":[{"id":42558,"href":"https:\/\/agrotechtyres.com\/de\/wp-json\/wp\/v2\/product\/42202\/revisions\/42558"}],"wp:featuredmedia":[{"embeddable":true,"href":"https:\/\/agrotechtyres.com\/de\/wp-json\/wp\/v2\/media\/38004"}],"wp:attachment":[{"href":"https:\/\/agrotechtyres.com\/de\/wp-json\/wp\/v2\/media?parent=42202"}],"wp:term":[{"taxonomy":"product_brand","embeddable":true,"href":"https:\/\/agrotechtyres.com\/de\/wp-json\/wp\/v2\/product_brand?post=42202"},{"taxonomy":"product_cat","embeddable":true,"href":"https:\/\/agrotechtyres.com\/de\/wp-json\/wp\/v2\/product_cat?post=42202"},{"taxonomy":"product_tag","embeddable":true,"href":"https:\/\/agrotechtyres.com\/de\/wp-json\/wp\/v2\/product_tag?post=42202"}],"curies":[{"name":"wp","href":"https:\/\/api.w.org\/{rel}","templated":true}]}}