{"id":42198,"date":"2026-04-27T01:45:42","date_gmt":"2026-04-27T01:45:42","guid":{"rendered":"https:\/\/agrotechtyres.com\/product\/550-45-22-5-ceat-flotation-t422-tl-20pr-reifen\/"},"modified":"2026-04-28T22:54:40","modified_gmt":"2026-04-28T22:54:40","slug":"550-45-22-5-ceat-flotation-t422-tl-20pr-reifen","status":"publish","type":"product","link":"https:\/\/agrotechtyres.com\/de\/produkt\/550-45-22-5-ceat-flotation-t422-tl-20pr-reifen\/","title":{"rendered":"550\/45-22.5 CEAT FLOTATION T422 TL 20PR Reifen"},"content":{"rendered":"<p>Der 550\/45-22.5 CEAT FLOTATION T422 TL 20PR Reifen ist ein diagonaler TL Reifen f\u00fcr Flotation und professionelle Maschinenanwendungen.<\/p>\n<p>Das Modell FLOTATION T422 eignet sich f\u00fcr Eins\u00e4tze, bei denen zuverl\u00e4ssige Traktion, Stabilit\u00e4t und eine passende Tragf\u00e4higkeit wichtig sind. Wichtige technische Angaben: 20PR.<\/p>\n<p>AgroTech Solution liefert Landwirtschafts-, Industrie- und Baumaschinenreifen in Europa. Kontaktieren Sie uns, um aktuelle Verf\u00fcgbarkeit, Lieferoptionen und die passende Reifenl\u00f6sung f\u00fcr Ihre Maschine zu best\u00e4tigen.<\/p>\n","protected":false},"excerpt":{"rendered":"<p>Reifen f\u00fcr Flotation, ausgelegt f\u00fcr zuverl\u00e4ssige Leistung und professionelle Anwendungen.<\/p>\n","protected":false},"featured_media":38526,"comment_status":"open","ping_status":"closed","template":"","meta":{"inline_featured_image":false},"product_brand":[],"product_cat":[2627],"product_tag":[2774,2343,1675,2749,2773,1929,2301,2748],"class_list":{"0":"post-42198","1":"product","2":"type-product","3":"status-publish","4":"has-post-thumbnail","6":"product_cat-agro-industrie-reifen","7":"product_tag-20pr","8":"product_tag-550-45-22-5","9":"product_tag-agro-industrial","10":"product_tag-ceat","11":"product_tag-diagonal-2","12":"product_tag-flotation","13":"product_tag-flotation-t422","14":"product_tag-tl","15":"pa_application-flotation","16":"pa_brand-ceat","17":"pa_construction-diagonal","18":"pa_model-flotation-t422-de","19":"pa_pr-2766","20":"pa_profile-2767","21":"pa_rim-diameter-22-5-de-2","22":"pa_tl-tt-tl","23":"pa_tyre-size-550-45-22-5-de","24":"pa_width-550-de-2","26":"first","27":"outofstock","28":"taxable","29":"shipping-taxable","30":"purchasable","31":"product-type-simple"},"_links":{"self":[{"href":"https:\/\/agrotechtyres.com\/de\/wp-json\/wp\/v2\/product\/42198","targetHints":{"allow":["GET"]}}],"collection":[{"href":"https:\/\/agrotechtyres.com\/de\/wp-json\/wp\/v2\/product"}],"about":[{"href":"https:\/\/agrotechtyres.com\/de\/wp-json\/wp\/v2\/types\/product"}],"replies":[{"embeddable":true,"href":"https:\/\/agrotechtyres.com\/de\/wp-json\/wp\/v2\/comments?post=42198"}],"version-history":[{"count":1,"href":"https:\/\/agrotechtyres.com\/de\/wp-json\/wp\/v2\/product\/42198\/revisions"}],"predecessor-version":[{"id":42554,"href":"https:\/\/agrotechtyres.com\/de\/wp-json\/wp\/v2\/product\/42198\/revisions\/42554"}],"wp:featuredmedia":[{"embeddable":true,"href":"https:\/\/agrotechtyres.com\/de\/wp-json\/wp\/v2\/media\/38526"}],"wp:attachment":[{"href":"https:\/\/agrotechtyres.com\/de\/wp-json\/wp\/v2\/media?parent=42198"}],"wp:term":[{"taxonomy":"product_brand","embeddable":true,"href":"https:\/\/agrotechtyres.com\/de\/wp-json\/wp\/v2\/product_brand?post=42198"},{"taxonomy":"product_cat","embeddable":true,"href":"https:\/\/agrotechtyres.com\/de\/wp-json\/wp\/v2\/product_cat?post=42198"},{"taxonomy":"product_tag","embeddable":true,"href":"https:\/\/agrotechtyres.com\/de\/wp-json\/wp\/v2\/product_tag?post=42198"}],"curies":[{"name":"wp","href":"https:\/\/api.w.org\/{rel}","templated":true}]}}