{"id":42192,"date":"2026-04-27T01:45:39","date_gmt":"2026-04-27T01:45:39","guid":{"rendered":"https:\/\/agrotechtyres.com\/product\/520-85r46-ceat-farmax-r85-tl-158d-161a8-reifen\/"},"modified":"2026-04-28T22:54:38","modified_gmt":"2026-04-28T22:54:38","slug":"520-85r46-ceat-farmax-r85-tl-158d-161a8-reifen","status":"publish","type":"product","link":"https:\/\/agrotechtyres.com\/de\/produkt\/520-85r46-ceat-farmax-r85-tl-158d-161a8-reifen\/","title":{"rendered":"520\/85R46 CEAT FARMAX R85 TL 158D\/161A8 Reifen"},"content":{"rendered":"<p>Der 520\/85R46 CEAT FARMAX R85 TL 158D\/161A8 Reifen ist ein radialer TL Reifen f\u00fcr Traktor und professionelle Maschinenanwendungen.<\/p>\n<p>Das Modell FARMAX R85 eignet sich f\u00fcr Eins\u00e4tze, bei denen zuverl\u00e4ssige Traktion, Stabilit\u00e4t und eine passende Tragf\u00e4higkeit wichtig sind. Wichtige technische Angaben: Tragf\u00e4higkeits-\/Geschwindigkeitsindex 158D\/161A8, Profiltyp R4.<\/p>\n<p>AgroTech Solution liefert Landwirtschafts-, Industrie- und Baumaschinenreifen in Europa. Kontaktieren Sie uns, um aktuelle Verf\u00fcgbarkeit, Lieferoptionen und die passende Reifenl\u00f6sung f\u00fcr Ihre Maschine zu best\u00e4tigen.<\/p>\n","protected":false},"excerpt":{"rendered":"<p>Landwirtschaftsreifen f\u00fcr zuverl\u00e4ssige Traktion, Stabilit\u00e4t und Leistung unter anspruchsvollen Einsatzbedingungen.<\/p>\n","protected":false},"featured_media":37900,"comment_status":"open","ping_status":"closed","template":"","meta":{"inline_featured_image":false},"product_brand":[],"product_cat":[1623],"product_tag":[2333,2332,2751,2749,2047,2750,2748,2752],"class_list":{"0":"post-42192","1":"product","2":"type-product","3":"status-publish","4":"has-post-thumbnail","6":"product_cat-landwirtschaftsreifen","7":"product_tag-158d-161a8","8":"product_tag-520-85r46","9":"product_tag-agriculture","10":"product_tag-ceat","11":"product_tag-farmax-r85","12":"product_tag-radial","13":"product_tag-tl","14":"product_tag-tractor","15":"pa_application-traktor","16":"pa_brand-ceat","17":"pa_construction-radial","18":"pa_load-index-158d-161a8-de-2","19":"pa_model-farmax-r85-de","20":"pa_profile-2742","21":"pa_rim-diameter-46-de","22":"pa_tl-tt-tl","23":"pa_tread-type-r4-de-2","24":"pa_tyre-size-520-85r46-de","25":"pa_width-520-de-2","27":"first","28":"instock","29":"taxable","30":"shipping-taxable","31":"purchasable","32":"product-type-simple"},"_links":{"self":[{"href":"https:\/\/agrotechtyres.com\/de\/wp-json\/wp\/v2\/product\/42192","targetHints":{"allow":["GET"]}}],"collection":[{"href":"https:\/\/agrotechtyres.com\/de\/wp-json\/wp\/v2\/product"}],"about":[{"href":"https:\/\/agrotechtyres.com\/de\/wp-json\/wp\/v2\/types\/product"}],"replies":[{"embeddable":true,"href":"https:\/\/agrotechtyres.com\/de\/wp-json\/wp\/v2\/comments?post=42192"}],"version-history":[{"count":1,"href":"https:\/\/agrotechtyres.com\/de\/wp-json\/wp\/v2\/product\/42192\/revisions"}],"predecessor-version":[{"id":42547,"href":"https:\/\/agrotechtyres.com\/de\/wp-json\/wp\/v2\/product\/42192\/revisions\/42547"}],"wp:featuredmedia":[{"embeddable":true,"href":"https:\/\/agrotechtyres.com\/de\/wp-json\/wp\/v2\/media\/37900"}],"wp:attachment":[{"href":"https:\/\/agrotechtyres.com\/de\/wp-json\/wp\/v2\/media?parent=42192"}],"wp:term":[{"taxonomy":"product_brand","embeddable":true,"href":"https:\/\/agrotechtyres.com\/de\/wp-json\/wp\/v2\/product_brand?post=42192"},{"taxonomy":"product_cat","embeddable":true,"href":"https:\/\/agrotechtyres.com\/de\/wp-json\/wp\/v2\/product_cat?post=42192"},{"taxonomy":"product_tag","embeddable":true,"href":"https:\/\/agrotechtyres.com\/de\/wp-json\/wp\/v2\/product_tag?post=42192"}],"curies":[{"name":"wp","href":"https:\/\/api.w.org\/{rel}","templated":true}]}}