{"id":42186,"date":"2026-04-27T01:45:30","date_gmt":"2026-04-27T01:45:30","guid":{"rendered":"https:\/\/agrotechtyres.com\/product\/500-70r24-19-5lr24-ceat-loadpro-164a8-b-sb-reifen\/"},"modified":"2026-04-28T22:54:36","modified_gmt":"2026-04-28T22:54:36","slug":"500-70r24-19-5lr24-ceat-loadpro-164a8-b-sb-reifen","status":"publish","type":"product","link":"https:\/\/agrotechtyres.com\/de\/produkt\/500-70r24-19-5lr24-ceat-loadpro-164a8-b-sb-reifen\/","title":{"rendered":"500\/70R24(19.5LR24) CEAT LOADPRO 164A8\/B SB Reifen"},"content":{"rendered":"<p>Der 500\/70R24(19.5LR24) CEAT LOADPRO 164A8\/B SB Reifen ist ein radialer TL Reifen f\u00fcr sonstige Industrie- und Baumaschinen und professionelle Maschinenanwendungen.<\/p>\n<p>Das Modell LOADPRO \/B eignet sich f\u00fcr Eins\u00e4tze, bei denen zuverl\u00e4ssige Traktion, Stabilit\u00e4t und eine passende Tragf\u00e4higkeit wichtig sind. Wichtige technische Angaben: Tragf\u00e4higkeits-\/Geschwindigkeitsindex 164A8.<\/p>\n<p>AgroTech Solution liefert Landwirtschafts-, Industrie- und Baumaschinenreifen in Europa. Kontaktieren Sie uns, um aktuelle Verf\u00fcgbarkeit, Lieferoptionen und die passende Reifenl\u00f6sung f\u00fcr Ihre Maschine zu best\u00e4tigen.<\/p>\n","protected":false},"excerpt":{"rendered":"<p>Baumaschinenreifen f\u00fcr Lader, Grader und Erdbewegungsmaschinen mit zuverl\u00e4ssiger Leistung im professionellen Einsatz.<\/p>\n","protected":false},"featured_media":38088,"comment_status":"open","ping_status":"closed","template":"","meta":{"inline_featured_image":false},"product_brand":[],"product_cat":[2628],"product_tag":[2305,2303,2771,2749,2772,2116,2750,2748],"class_list":{"0":"post-42186","1":"product","2":"type-product","3":"status-publish","4":"has-post-thumbnail","6":"product_cat-baumaschinenreifen","7":"product_tag-164a8","8":"product_tag-500-70r24","9":"product_tag-bau","10":"product_tag-ceat","11":"product_tag-cwl-sonstige-industrie-bau","12":"product_tag-loadpro-b","13":"product_tag-radial","14":"product_tag-tl","15":"pa_application-cwl-sonstige-industrie-und-baumaschinen","16":"pa_brand-ceat","17":"pa_construction-radial","18":"pa_load-index-164a8-de-2","19":"pa_model-loadpro-b-de","20":"pa_profile-70-de-2","21":"pa_rim-diameter-24-de-2","22":"pa_tl-tt-tl","23":"pa_tyre-size-500-70r24-de","24":"pa_width-500-de-2","26":"first","27":"instock","28":"taxable","29":"shipping-taxable","30":"purchasable","31":"product-type-simple"},"_links":{"self":[{"href":"https:\/\/agrotechtyres.com\/de\/wp-json\/wp\/v2\/product\/42186","targetHints":{"allow":["GET"]}}],"collection":[{"href":"https:\/\/agrotechtyres.com\/de\/wp-json\/wp\/v2\/product"}],"about":[{"href":"https:\/\/agrotechtyres.com\/de\/wp-json\/wp\/v2\/types\/product"}],"replies":[{"embeddable":true,"href":"https:\/\/agrotechtyres.com\/de\/wp-json\/wp\/v2\/comments?post=42186"}],"version-history":[{"count":1,"href":"https:\/\/agrotechtyres.com\/de\/wp-json\/wp\/v2\/product\/42186\/revisions"}],"predecessor-version":[{"id":42541,"href":"https:\/\/agrotechtyres.com\/de\/wp-json\/wp\/v2\/product\/42186\/revisions\/42541"}],"wp:featuredmedia":[{"embeddable":true,"href":"https:\/\/agrotechtyres.com\/de\/wp-json\/wp\/v2\/media\/38088"}],"wp:attachment":[{"href":"https:\/\/agrotechtyres.com\/de\/wp-json\/wp\/v2\/media?parent=42186"}],"wp:term":[{"taxonomy":"product_brand","embeddable":true,"href":"https:\/\/agrotechtyres.com\/de\/wp-json\/wp\/v2\/product_brand?post=42186"},{"taxonomy":"product_cat","embeddable":true,"href":"https:\/\/agrotechtyres.com\/de\/wp-json\/wp\/v2\/product_cat?post=42186"},{"taxonomy":"product_tag","embeddable":true,"href":"https:\/\/agrotechtyres.com\/de\/wp-json\/wp\/v2\/product_tag?post=42186"}],"curies":[{"name":"wp","href":"https:\/\/api.w.org\/{rel}","templated":true}]}}