{"id":42179,"date":"2026-04-27T02:03:17","date_gmt":"2026-04-27T02:03:17","guid":{"rendered":"https:\/\/agrotechtyres.com\/product\/500-50-17-18pr-vk103-implement-aw-reifen\/"},"modified":"2026-04-28T22:54:34","modified_gmt":"2026-04-28T22:54:34","slug":"500-50-17-18pr-vk103-implement-aw-reifen","status":"publish","type":"product","link":"https:\/\/agrotechtyres.com\/de\/produkt\/500-50-17-18pr-vk103-implement-aw-reifen\/","title":{"rendered":"500\/50-17 18PR VK103 IMPLEMENT-AW Reifen"},"content":{"rendered":"<p>Der 500\/50-17 18PR VK103 IMPLEMENT-AW Reifen ist ein diagonaler TL Reifen f\u00fcr landwirtschaftliche Ger\u00e4te und professionelle Maschinenanwendungen.<\/p>\n<p>Das Modell VK103 IMPLEMENT-AW eignet sich f\u00fcr Eins\u00e4tze, bei denen zuverl\u00e4ssige Traktion, Stabilit\u00e4t und eine passende Tragf\u00e4higkeit wichtig sind. Wichtige technische Angaben: 18PR.<\/p>\n<p>AgroTech Solution liefert Landwirtschafts-, Industrie- und Baumaschinenreifen in Europa. Kontaktieren Sie uns, um aktuelle Verf\u00fcgbarkeit, Lieferoptionen und die passende Reifenl\u00f6sung f\u00fcr Ihre Maschine zu best\u00e4tigen.<\/p>\n","protected":false},"excerpt":{"rendered":"<p>Reifen f\u00fcr landwirtschaftliche Ger\u00e4te, ausgelegt f\u00fcr zuverl\u00e4ssige Leistung und professionelle Anwendungen.<\/p>\n","protected":false},"featured_media":41113,"comment_status":"open","ping_status":"closed","template":"","meta":{"inline_featured_image":false},"product_brand":[],"product_cat":[2627],"product_tag":[1691,2299,1675,2773,1676,2748,1659,1804],"class_list":{"0":"post-42179","1":"product","2":"type-product","3":"status-publish","4":"has-post-thumbnail","6":"product_cat-agro-industrie-reifen","7":"product_tag-18pr","8":"product_tag-500-50-17","9":"product_tag-agro-industrial","10":"product_tag-diagonal-2","11":"product_tag-implement","12":"product_tag-tl","13":"product_tag-vk","14":"product_tag-vk103-implement-aw","15":"pa_application-landwirtschaftliche-gerate","16":"pa_brand-vk","17":"pa_construction-diagonal","18":"pa_model-vk103-implement-aw-de","19":"pa_pr-18-de-2","20":"pa_profile-50-de-2","21":"pa_rim-diameter-17-de","22":"pa_tl-tt-tl","23":"pa_tyre-size-500-50-17-de","24":"pa_width-500-de-2","26":"first","27":"instock","28":"taxable","29":"shipping-taxable","30":"purchasable","31":"product-type-simple"},"_links":{"self":[{"href":"https:\/\/agrotechtyres.com\/de\/wp-json\/wp\/v2\/product\/42179","targetHints":{"allow":["GET"]}}],"collection":[{"href":"https:\/\/agrotechtyres.com\/de\/wp-json\/wp\/v2\/product"}],"about":[{"href":"https:\/\/agrotechtyres.com\/de\/wp-json\/wp\/v2\/types\/product"}],"replies":[{"embeddable":true,"href":"https:\/\/agrotechtyres.com\/de\/wp-json\/wp\/v2\/comments?post=42179"}],"version-history":[{"count":1,"href":"https:\/\/agrotechtyres.com\/de\/wp-json\/wp\/v2\/product\/42179\/revisions"}],"predecessor-version":[{"id":42534,"href":"https:\/\/agrotechtyres.com\/de\/wp-json\/wp\/v2\/product\/42179\/revisions\/42534"}],"wp:featuredmedia":[{"embeddable":true,"href":"https:\/\/agrotechtyres.com\/de\/wp-json\/wp\/v2\/media\/41113"}],"wp:attachment":[{"href":"https:\/\/agrotechtyres.com\/de\/wp-json\/wp\/v2\/media?parent=42179"}],"wp:term":[{"taxonomy":"product_brand","embeddable":true,"href":"https:\/\/agrotechtyres.com\/de\/wp-json\/wp\/v2\/product_brand?post=42179"},{"taxonomy":"product_cat","embeddable":true,"href":"https:\/\/agrotechtyres.com\/de\/wp-json\/wp\/v2\/product_cat?post=42179"},{"taxonomy":"product_tag","embeddable":true,"href":"https:\/\/agrotechtyres.com\/de\/wp-json\/wp\/v2\/product_tag?post=42179"}],"curies":[{"name":"wp","href":"https:\/\/api.w.org\/{rel}","templated":true}]}}