{"id":42176,"date":"2026-04-27T01:45:26","date_gmt":"2026-04-27T01:45:26","guid":{"rendered":"https:\/\/agrotechtyres.com\/product\/5-00-8-3-0r-cl403s-simple-chaoyang-reifen\/"},"modified":"2026-04-28T22:54:33","modified_gmt":"2026-04-28T22:54:33","slug":"5-00-8-3-0r-cl403s-simple-chaoyang-reifen","status":"publish","type":"product","link":"https:\/\/agrotechtyres.com\/de\/produkt\/5-00-8-3-0r-cl403s-simple-chaoyang-reifen\/","title":{"rendered":"5.00-8\/3.0R CL403S SIMPLE CHAOYANG Reifen"},"content":{"rendered":"<p>Der 5.00-8\/3.0R CL403S SIMPLE CHAOYANG Reifen ist ein diagonaler TL Reifen f\u00fcr Gabelstapler und professionelle Maschinenanwendungen.<\/p>\n<p>Das Modell \/3.0R CL403S SIMPLE eignet sich f\u00fcr Eins\u00e4tze, bei denen zuverl\u00e4ssige Traktion, Stabilit\u00e4t und eine passende Tragf\u00e4higkeit wichtig sind. Wichtige technische Angaben: Profiltyp L4.<\/p>\n<p>AgroTech Solution liefert Landwirtschafts-, Industrie- und Baumaschinenreifen in Europa. Kontaktieren Sie uns, um aktuelle Verf\u00fcgbarkeit, Lieferoptionen und die passende Reifenl\u00f6sung f\u00fcr Ihre Maschine zu best\u00e4tigen.<\/p>\n","protected":false},"excerpt":{"rendered":"<p>Industriereifen f\u00fcr Materialtransport, Nutzfahrzeuge und professionelle Arbeitsmaschinen.<\/p>\n","protected":false},"featured_media":38619,"comment_status":"open","ping_status":"closed","template":"","meta":{"inline_featured_image":false},"product_brand":[],"product_cat":[2629],"product_tag":[2297,2295,2773,1857,1856,2748,2296],"class_list":{"0":"post-42176","1":"product","2":"type-product","3":"status-publish","4":"has-post-thumbnail","6":"product_cat-industriereifen","7":"product_tag-3-0r-cl403s-simple","8":"product_tag-5-00-8","9":"product_tag-diagonal-2","10":"product_tag-forklift","11":"product_tag-industrial","12":"product_tag-tl","13":"product_tag-west-lake","14":"pa_application-gabelstapler","15":"pa_brand-west-lake","16":"pa_construction-diagonal","17":"pa_model-3-0r-cl403s-simple-de","18":"pa_rim-diameter-1888","19":"pa_tl-tt-tl","20":"pa_tread-type-l4-de","21":"pa_tyre-size-5-00-8-de","22":"pa_width-5-de-2","24":"first","25":"instock","26":"taxable","27":"shipping-taxable","28":"purchasable","29":"product-type-simple"},"_links":{"self":[{"href":"https:\/\/agrotechtyres.com\/de\/wp-json\/wp\/v2\/product\/42176","targetHints":{"allow":["GET"]}}],"collection":[{"href":"https:\/\/agrotechtyres.com\/de\/wp-json\/wp\/v2\/product"}],"about":[{"href":"https:\/\/agrotechtyres.com\/de\/wp-json\/wp\/v2\/types\/product"}],"replies":[{"embeddable":true,"href":"https:\/\/agrotechtyres.com\/de\/wp-json\/wp\/v2\/comments?post=42176"}],"version-history":[{"count":1,"href":"https:\/\/agrotechtyres.com\/de\/wp-json\/wp\/v2\/product\/42176\/revisions"}],"predecessor-version":[{"id":42531,"href":"https:\/\/agrotechtyres.com\/de\/wp-json\/wp\/v2\/product\/42176\/revisions\/42531"}],"wp:featuredmedia":[{"embeddable":true,"href":"https:\/\/agrotechtyres.com\/de\/wp-json\/wp\/v2\/media\/38619"}],"wp:attachment":[{"href":"https:\/\/agrotechtyres.com\/de\/wp-json\/wp\/v2\/media?parent=42176"}],"wp:term":[{"taxonomy":"product_brand","embeddable":true,"href":"https:\/\/agrotechtyres.com\/de\/wp-json\/wp\/v2\/product_brand?post=42176"},{"taxonomy":"product_cat","embeddable":true,"href":"https:\/\/agrotechtyres.com\/de\/wp-json\/wp\/v2\/product_cat?post=42176"},{"taxonomy":"product_tag","embeddable":true,"href":"https:\/\/agrotechtyres.com\/de\/wp-json\/wp\/v2\/product_tag?post=42176"}],"curies":[{"name":"wp","href":"https:\/\/api.w.org\/{rel}","templated":true}]}}