{"id":42160,"date":"2026-04-27T01:45:13","date_gmt":"2026-04-27T01:45:13","guid":{"rendered":"https:\/\/agrotechtyres.com\/product\/460-70r24-ceat-loadpro-159a8-b-tl-sb-reifen\/"},"modified":"2026-04-28T22:54:17","modified_gmt":"2026-04-28T22:54:17","slug":"460-70r24-ceat-loadpro-159a8-b-tl-sb-reifen","status":"publish","type":"product","link":"https:\/\/agrotechtyres.com\/de\/produkt\/460-70r24-ceat-loadpro-159a8-b-tl-sb-reifen\/","title":{"rendered":"460\/70R24 CEAT LOADPRO 159A8\/B TL SB Reifen"},"content":{"rendered":"<p>Der 460\/70R24 CEAT LOADPRO 159A8\/B TL SB Reifen ist ein radialer TL Reifen f\u00fcr sonstige Industrie- und Baumaschinen und professionelle Maschinenanwendungen.<\/p>\n<p>Das Modell LOADPRO \/B eignet sich f\u00fcr Eins\u00e4tze, bei denen zuverl\u00e4ssige Traktion, Stabilit\u00e4t und eine passende Tragf\u00e4higkeit wichtig sind. Wichtige technische Angaben: 12PR, Tragf\u00e4higkeits-\/Geschwindigkeitsindex 159A8.<\/p>\n<p>AgroTech Solution liefert Landwirtschafts-, Industrie- und Baumaschinenreifen in Europa. Kontaktieren Sie uns, um aktuelle Verf\u00fcgbarkeit, Lieferoptionen und die passende Reifenl\u00f6sung f\u00fcr Ihre Maschine zu best\u00e4tigen.<\/p>\n","protected":false},"excerpt":{"rendered":"<p>Baumaschinenreifen f\u00fcr Lader, Grader und Erdbewegungsmaschinen mit zuverl\u00e4ssiger Leistung im professionellen Einsatz.<\/p>\n","protected":false},"featured_media":37868,"comment_status":"open","ping_status":"closed","template":"","meta":{"inline_featured_image":false},"product_brand":[],"product_cat":[2628],"product_tag":[1668,2234,2242,2771,2749,2772,2116,2750,2748],"class_list":{"0":"post-42160","1":"product","2":"type-product","3":"status-publish","4":"has-post-thumbnail","6":"product_cat-baumaschinenreifen","7":"product_tag-12pr","8":"product_tag-159a8","9":"product_tag-460-70r24","10":"product_tag-bau","11":"product_tag-ceat","12":"product_tag-cwl-sonstige-industrie-bau","13":"product_tag-loadpro-b","14":"product_tag-radial","15":"product_tag-tl","16":"pa_application-cwl-sonstige-industrie-und-baumaschinen","17":"pa_brand-ceat","18":"pa_construction-radial","19":"pa_load-index-159a8-de-2","20":"pa_model-loadpro-b-de","21":"pa_pr-12-de-2","22":"pa_profile-70-de-2","23":"pa_rim-diameter-24-de-2","24":"pa_tl-tt-tl","25":"pa_tyre-size-460-70r24-de","26":"pa_width-460-de-2","28":"first","29":"instock","30":"taxable","31":"shipping-taxable","32":"purchasable","33":"product-type-simple"},"_links":{"self":[{"href":"https:\/\/agrotechtyres.com\/de\/wp-json\/wp\/v2\/product\/42160","targetHints":{"allow":["GET"]}}],"collection":[{"href":"https:\/\/agrotechtyres.com\/de\/wp-json\/wp\/v2\/product"}],"about":[{"href":"https:\/\/agrotechtyres.com\/de\/wp-json\/wp\/v2\/types\/product"}],"replies":[{"embeddable":true,"href":"https:\/\/agrotechtyres.com\/de\/wp-json\/wp\/v2\/comments?post=42160"}],"version-history":[{"count":1,"href":"https:\/\/agrotechtyres.com\/de\/wp-json\/wp\/v2\/product\/42160\/revisions"}],"predecessor-version":[{"id":42514,"href":"https:\/\/agrotechtyres.com\/de\/wp-json\/wp\/v2\/product\/42160\/revisions\/42514"}],"wp:featuredmedia":[{"embeddable":true,"href":"https:\/\/agrotechtyres.com\/de\/wp-json\/wp\/v2\/media\/37868"}],"wp:attachment":[{"href":"https:\/\/agrotechtyres.com\/de\/wp-json\/wp\/v2\/media?parent=42160"}],"wp:term":[{"taxonomy":"product_brand","embeddable":true,"href":"https:\/\/agrotechtyres.com\/de\/wp-json\/wp\/v2\/product_brand?post=42160"},{"taxonomy":"product_cat","embeddable":true,"href":"https:\/\/agrotechtyres.com\/de\/wp-json\/wp\/v2\/product_cat?post=42160"},{"taxonomy":"product_tag","embeddable":true,"href":"https:\/\/agrotechtyres.com\/de\/wp-json\/wp\/v2\/product_tag?post=42160"}],"curies":[{"name":"wp","href":"https:\/\/api.w.org\/{rel}","templated":true}]}}