{"id":42157,"date":"2026-04-27T01:45:13","date_gmt":"2026-04-27T01:45:13","guid":{"rendered":"https:\/\/agrotechtyres.com\/product\/440-80-28-16-9-28-loadpro-tl-156a8-reifen\/"},"modified":"2026-04-28T22:54:16","modified_gmt":"2026-04-28T22:54:16","slug":"440-80-28-16-9-28-loadpro-tl-156a8-reifen","status":"publish","type":"product","link":"https:\/\/agrotechtyres.com\/de\/produkt\/440-80-28-16-9-28-loadpro-tl-156a8-reifen\/","title":{"rendered":"440\/80-28 (16.9-28) LOADPRO TL 156A8 Reifen"},"content":{"rendered":"<p>Der 440\/80-28 (16.9-28) LOADPRO TL 156A8 Reifen ist ein diagonaler TL Reifen f\u00fcr sonstige Industrie- und Baumaschinen und professionelle Maschinenanwendungen.<\/p>\n<p>Das Modell LOADPRO eignet sich f\u00fcr Eins\u00e4tze, bei denen zuverl\u00e4ssige Traktion, Stabilit\u00e4t und eine passende Tragf\u00e4higkeit wichtig sind. Wichtige technische Angaben: Tragf\u00e4higkeits-\/Geschwindigkeitsindex 156A8.<\/p>\n<p>AgroTech Solution liefert Landwirtschafts-, Industrie- und Baumaschinenreifen in Europa. Kontaktieren Sie uns, um aktuelle Verf\u00fcgbarkeit, Lieferoptionen und die passende Reifenl\u00f6sung f\u00fcr Ihre Maschine zu best\u00e4tigen.<\/p>\n","protected":false},"excerpt":{"rendered":"<p>Baumaschinenreifen f\u00fcr Lader, Grader und Erdbewegungsmaschinen mit zuverl\u00e4ssiger Leistung im professionellen Einsatz.<\/p>\n","protected":false},"featured_media":37868,"comment_status":"open","ping_status":"closed","template":"","meta":{"inline_featured_image":false},"product_brand":[],"product_cat":[2628],"product_tag":[2239,2238,2771,2772,2773,2236,2748],"class_list":{"0":"post-42157","1":"product","2":"type-product","3":"status-publish","4":"has-post-thumbnail","6":"product_cat-baumaschinenreifen","7":"product_tag-156a8","8":"product_tag-440-80-28","9":"product_tag-bau","10":"product_tag-cwl-sonstige-industrie-bau","11":"product_tag-diagonal-2","12":"product_tag-loadpro","13":"product_tag-tl","14":"pa_application-cwl-sonstige-industrie-und-baumaschinen","15":"pa_construction-diagonal","16":"pa_load-index-156a8-de-2","17":"pa_model-loadpro-de","18":"pa_profile-80-de-2","19":"pa_rim-diameter-28-de","20":"pa_tl-tt-tl","21":"pa_tyre-size-440-80-28-de","22":"pa_width-440-de-2","24":"first","25":"instock","26":"taxable","27":"shipping-taxable","28":"purchasable","29":"product-type-simple"},"_links":{"self":[{"href":"https:\/\/agrotechtyres.com\/de\/wp-json\/wp\/v2\/product\/42157","targetHints":{"allow":["GET"]}}],"collection":[{"href":"https:\/\/agrotechtyres.com\/de\/wp-json\/wp\/v2\/product"}],"about":[{"href":"https:\/\/agrotechtyres.com\/de\/wp-json\/wp\/v2\/types\/product"}],"replies":[{"embeddable":true,"href":"https:\/\/agrotechtyres.com\/de\/wp-json\/wp\/v2\/comments?post=42157"}],"version-history":[{"count":1,"href":"https:\/\/agrotechtyres.com\/de\/wp-json\/wp\/v2\/product\/42157\/revisions"}],"predecessor-version":[{"id":42511,"href":"https:\/\/agrotechtyres.com\/de\/wp-json\/wp\/v2\/product\/42157\/revisions\/42511"}],"wp:featuredmedia":[{"embeddable":true,"href":"https:\/\/agrotechtyres.com\/de\/wp-json\/wp\/v2\/media\/37868"}],"wp:attachment":[{"href":"https:\/\/agrotechtyres.com\/de\/wp-json\/wp\/v2\/media?parent=42157"}],"wp:term":[{"taxonomy":"product_brand","embeddable":true,"href":"https:\/\/agrotechtyres.com\/de\/wp-json\/wp\/v2\/product_brand?post=42157"},{"taxonomy":"product_cat","embeddable":true,"href":"https:\/\/agrotechtyres.com\/de\/wp-json\/wp\/v2\/product_cat?post=42157"},{"taxonomy":"product_tag","embeddable":true,"href":"https:\/\/agrotechtyres.com\/de\/wp-json\/wp\/v2\/product_tag?post=42157"}],"curies":[{"name":"wp","href":"https:\/\/api.w.org\/{rel}","templated":true}]}}