{"id":42154,"date":"2026-04-27T01:45:12","date_gmt":"2026-04-27T01:45:12","guid":{"rendered":"https:\/\/agrotechtyres.com\/product\/440-55r18-ceat-farm-implement-800r-159a8-b-sb-tl-reifen\/"},"modified":"2026-04-28T22:54:15","modified_gmt":"2026-04-28T22:54:15","slug":"440-55r18-ceat-farm-implement-800r-159a8-b-sb-tl-reifen","status":"publish","type":"product","link":"https:\/\/agrotechtyres.com\/de\/produkt\/440-55r18-ceat-farm-implement-800r-159a8-b-sb-tl-reifen\/","title":{"rendered":"440\/55R18 CEAT FARM IMPLEMENT 800R 159A8\/B SB TL Reifen"},"content":{"rendered":"<p>Der 440\/55R18 CEAT FARM IMPLEMENT 800R 159A8\/B SB TL Reifen ist ein radialer TL Reifen f\u00fcr landwirtschaftliche Ger\u00e4te und professionelle Maschinenanwendungen.<\/p>\n<p>Das Modell FARM IMPLEMENT \/B eignet sich f\u00fcr Eins\u00e4tze, bei denen zuverl\u00e4ssige Traktion, Stabilit\u00e4t und eine passende Tragf\u00e4higkeit wichtig sind. Wichtige technische Angaben: Tragf\u00e4higkeits-\/Geschwindigkeitsindex 159A8, Profiltyp R1.<\/p>\n<p>AgroTech Solution liefert Landwirtschafts-, Industrie- und Baumaschinenreifen in Europa. Kontaktieren Sie uns, um aktuelle Verf\u00fcgbarkeit, Lieferoptionen und die passende Reifenl\u00f6sung f\u00fcr Ihre Maschine zu best\u00e4tigen.<\/p>\n","protected":false},"excerpt":{"rendered":"<p>Reifen f\u00fcr landwirtschaftliche Ger\u00e4te, ausgelegt f\u00fcr zuverl\u00e4ssige Leistung und professionelle Anwendungen.<\/p>\n","protected":false},"featured_media":37756,"comment_status":"open","ping_status":"closed","template":"","meta":{"inline_featured_image":false},"product_brand":[],"product_cat":[2627],"product_tag":[2234,2232,1675,2749,2233,1676,2750,2748],"class_list":{"0":"post-42154","1":"product","2":"type-product","3":"status-publish","4":"has-post-thumbnail","6":"product_cat-agro-industrie-reifen","7":"product_tag-159a8","8":"product_tag-440-55r18","9":"product_tag-agro-industrial","10":"product_tag-ceat","11":"product_tag-farm-implement-b","12":"product_tag-implement","13":"product_tag-radial","14":"product_tag-tl","15":"pa_application-landwirtschaftliche-gerate","16":"pa_brand-ceat","17":"pa_construction-radial","18":"pa_load-index-159a8-de-2","19":"pa_model-farm-implement-b-de","20":"pa_profile-55-de-2","21":"pa_rim-diameter-18-de-2","22":"pa_tl-tt-tl","23":"pa_tread-type-r1-de-2","24":"pa_tyre-size-440-55r18-de","25":"pa_width-440-de-2","27":"first","28":"instock","29":"taxable","30":"shipping-taxable","31":"purchasable","32":"product-type-simple"},"_links":{"self":[{"href":"https:\/\/agrotechtyres.com\/de\/wp-json\/wp\/v2\/product\/42154","targetHints":{"allow":["GET"]}}],"collection":[{"href":"https:\/\/agrotechtyres.com\/de\/wp-json\/wp\/v2\/product"}],"about":[{"href":"https:\/\/agrotechtyres.com\/de\/wp-json\/wp\/v2\/types\/product"}],"replies":[{"embeddable":true,"href":"https:\/\/agrotechtyres.com\/de\/wp-json\/wp\/v2\/comments?post=42154"}],"version-history":[{"count":1,"href":"https:\/\/agrotechtyres.com\/de\/wp-json\/wp\/v2\/product\/42154\/revisions"}],"predecessor-version":[{"id":42508,"href":"https:\/\/agrotechtyres.com\/de\/wp-json\/wp\/v2\/product\/42154\/revisions\/42508"}],"wp:featuredmedia":[{"embeddable":true,"href":"https:\/\/agrotechtyres.com\/de\/wp-json\/wp\/v2\/media\/37756"}],"wp:attachment":[{"href":"https:\/\/agrotechtyres.com\/de\/wp-json\/wp\/v2\/media?parent=42154"}],"wp:term":[{"taxonomy":"product_brand","embeddable":true,"href":"https:\/\/agrotechtyres.com\/de\/wp-json\/wp\/v2\/product_brand?post=42154"},{"taxonomy":"product_cat","embeddable":true,"href":"https:\/\/agrotechtyres.com\/de\/wp-json\/wp\/v2\/product_cat?post=42154"},{"taxonomy":"product_tag","embeddable":true,"href":"https:\/\/agrotechtyres.com\/de\/wp-json\/wp\/v2\/product_tag?post=42154"}],"curies":[{"name":"wp","href":"https:\/\/api.w.org\/{rel}","templated":true}]}}