{"id":42139,"date":"2026-04-27T01:45:08","date_gmt":"2026-04-27T01:45:08","guid":{"rendered":"https:\/\/agrotechtyres.com\/product\/400-80-24-20pr-vk500-ultra-grip-reifen\/"},"modified":"2026-04-28T22:54:10","modified_gmt":"2026-04-28T22:54:10","slug":"400-80-24-20pr-vk500-ultra-grip-reifen","status":"publish","type":"product","link":"https:\/\/agrotechtyres.com\/de\/produkt\/400-80-24-20pr-vk500-ultra-grip-reifen\/","title":{"rendered":"400\/80-24 20PR VK500 ULTRA GRIP Reifen"},"content":{"rendered":"<p>Der 400\/80-24 20PR VK500 ULTRA GRIP Reifen ist ein diagonaler TL Reifen f\u00fcr sonstige Industrie- und Baumaschinen und professionelle Maschinenanwendungen.<\/p>\n<p>Das Modell VK500 ULTRA GRIP eignet sich f\u00fcr Eins\u00e4tze, bei denen zuverl\u00e4ssige Traktion, Stabilit\u00e4t und eine passende Tragf\u00e4higkeit wichtig sind. Wichtige technische Angaben: 20PR.<\/p>\n<p>AgroTech Solution liefert Landwirtschafts-, Industrie- und Baumaschinenreifen in Europa. Kontaktieren Sie uns, um aktuelle Verf\u00fcgbarkeit, Lieferoptionen und die passende Reifenl\u00f6sung f\u00fcr Ihre Maschine zu best\u00e4tigen.<\/p>\n","protected":false},"excerpt":{"rendered":"<p>Baumaschinenreifen f\u00fcr Lader, Grader und Erdbewegungsmaschinen mit zuverl\u00e4ssiger Leistung im professionellen Einsatz.<\/p>\n","protected":false},"featured_media":38737,"comment_status":"open","ping_status":"closed","template":"","meta":{"inline_featured_image":false},"product_brand":[],"product_cat":[2628],"product_tag":[2774,2207,2771,2772,2773,2748,1659,1845],"class_list":{"0":"post-42139","1":"product","2":"type-product","3":"status-publish","4":"has-post-thumbnail","6":"product_cat-baumaschinenreifen","7":"product_tag-20pr","8":"product_tag-400-80-24","9":"product_tag-bau","10":"product_tag-cwl-sonstige-industrie-bau","11":"product_tag-diagonal-2","12":"product_tag-tl","13":"product_tag-vk","14":"product_tag-vk500-ultra-grip","15":"pa_application-cwl-sonstige-industrie-und-baumaschinen","16":"pa_brand-vk","17":"pa_construction-diagonal","18":"pa_model-vk500-ultra-grip-de","19":"pa_pr-2766","20":"pa_profile-80-de-2","21":"pa_rim-diameter-24-de-2","22":"pa_tl-tt-tl","23":"pa_tyre-size-400-80-24-de","24":"pa_width-400-de-2","26":"first","27":"instock","28":"taxable","29":"shipping-taxable","30":"purchasable","31":"product-type-simple"},"_links":{"self":[{"href":"https:\/\/agrotechtyres.com\/de\/wp-json\/wp\/v2\/product\/42139","targetHints":{"allow":["GET"]}}],"collection":[{"href":"https:\/\/agrotechtyres.com\/de\/wp-json\/wp\/v2\/product"}],"about":[{"href":"https:\/\/agrotechtyres.com\/de\/wp-json\/wp\/v2\/types\/product"}],"replies":[{"embeddable":true,"href":"https:\/\/agrotechtyres.com\/de\/wp-json\/wp\/v2\/comments?post=42139"}],"version-history":[{"count":1,"href":"https:\/\/agrotechtyres.com\/de\/wp-json\/wp\/v2\/product\/42139\/revisions"}],"predecessor-version":[{"id":42494,"href":"https:\/\/agrotechtyres.com\/de\/wp-json\/wp\/v2\/product\/42139\/revisions\/42494"}],"wp:featuredmedia":[{"embeddable":true,"href":"https:\/\/agrotechtyres.com\/de\/wp-json\/wp\/v2\/media\/38737"}],"wp:attachment":[{"href":"https:\/\/agrotechtyres.com\/de\/wp-json\/wp\/v2\/media?parent=42139"}],"wp:term":[{"taxonomy":"product_brand","embeddable":true,"href":"https:\/\/agrotechtyres.com\/de\/wp-json\/wp\/v2\/product_brand?post=42139"},{"taxonomy":"product_cat","embeddable":true,"href":"https:\/\/agrotechtyres.com\/de\/wp-json\/wp\/v2\/product_cat?post=42139"},{"taxonomy":"product_tag","embeddable":true,"href":"https:\/\/agrotechtyres.com\/de\/wp-json\/wp\/v2\/product_tag?post=42139"}],"curies":[{"name":"wp","href":"https:\/\/api.w.org\/{rel}","templated":true}]}}