{"id":42120,"date":"2026-04-27T01:44:56","date_gmt":"2026-04-27T01:44:56","guid":{"rendered":"https:\/\/agrotechtyres.com\/product\/365-70r18-146a2-135b-cb796-westlake-tl-eu-reifen\/"},"modified":"2026-04-28T22:53:59","modified_gmt":"2026-04-28T22:53:59","slug":"365-70r18-146a2-135b-cb796-westlake-tl-eu-reifen","status":"publish","type":"product","link":"https:\/\/agrotechtyres.com\/de\/produkt\/365-70r18-146a2-135b-cb796-westlake-tl-eu-reifen\/","title":{"rendered":"365\/70R18 (146A2\/135B) CB796 WESTLAKE TL EU Reifen"},"content":{"rendered":"<p>Der 365\/70R18 (146A2\/135B) CB796 WESTLAKE TL EU Reifen ist ein radialer TL Reifen f\u00fcr Erdbewegungsmaschinen und professionelle Maschinenanwendungen.<\/p>\n<p>Das Modell CB796 EU eignet sich f\u00fcr Eins\u00e4tze, bei denen zuverl\u00e4ssige Traktion, Stabilit\u00e4t und eine passende Tragf\u00e4higkeit wichtig sind. Wichtige technische Angaben: Tragf\u00e4higkeits-\/Geschwindigkeitsindex 146A2\/135B, Profiltyp R1.<\/p>\n<p>AgroTech Solution liefert Landwirtschafts-, Industrie- und Baumaschinenreifen in Europa. Kontaktieren Sie uns, um aktuelle Verf\u00fcgbarkeit, Lieferoptionen und die passende Reifenl\u00f6sung f\u00fcr Ihre Maschine zu best\u00e4tigen.<\/p>\n","protected":false},"excerpt":{"rendered":"<p>Reifen f\u00fcr anspruchsvolle Mining- und Schwerlasteins\u00e4tze mit zuverl\u00e4ssiger Leistung unter harten Bedingungen.<\/p>\n","protected":false},"featured_media":37712,"comment_status":"open","ping_status":"closed","template":"","meta":{"inline_featured_image":false},"product_brand":[],"product_cat":[2631],"product_tag":[2137,2135,2136,1867,1866,2750,2748,1670],"class_list":{"0":"post-42120","1":"product","2":"type-product","3":"status-publish","4":"has-post-thumbnail","6":"product_cat-bergbaureifen","7":"product_tag-146a2-135b","8":"product_tag-365-70r18","9":"product_tag-cb796-eu","10":"product_tag-earthmover","11":"product_tag-mining","12":"product_tag-radial","13":"product_tag-tl","14":"product_tag-westlake","15":"pa_application-erdbewegungsmaschinen","16":"pa_brand-westlake","17":"pa_construction-radial","18":"pa_load-index-146a2-135b-de-2","19":"pa_model-cb796-eu-de","20":"pa_profile-70-de-2","21":"pa_rim-diameter-18-de-2","22":"pa_tl-tt-tl","23":"pa_tread-type-r1-de-2","24":"pa_tyre-size-365-70r18-de","25":"pa_width-365-de-2","27":"first","28":"instock","29":"taxable","30":"shipping-taxable","31":"purchasable","32":"product-type-simple"},"_links":{"self":[{"href":"https:\/\/agrotechtyres.com\/de\/wp-json\/wp\/v2\/product\/42120","targetHints":{"allow":["GET"]}}],"collection":[{"href":"https:\/\/agrotechtyres.com\/de\/wp-json\/wp\/v2\/product"}],"about":[{"href":"https:\/\/agrotechtyres.com\/de\/wp-json\/wp\/v2\/types\/product"}],"replies":[{"embeddable":true,"href":"https:\/\/agrotechtyres.com\/de\/wp-json\/wp\/v2\/comments?post=42120"}],"version-history":[{"count":1,"href":"https:\/\/agrotechtyres.com\/de\/wp-json\/wp\/v2\/product\/42120\/revisions"}],"predecessor-version":[{"id":42473,"href":"https:\/\/agrotechtyres.com\/de\/wp-json\/wp\/v2\/product\/42120\/revisions\/42473"}],"wp:featuredmedia":[{"embeddable":true,"href":"https:\/\/agrotechtyres.com\/de\/wp-json\/wp\/v2\/media\/37712"}],"wp:attachment":[{"href":"https:\/\/agrotechtyres.com\/de\/wp-json\/wp\/v2\/media?parent=42120"}],"wp:term":[{"taxonomy":"product_brand","embeddable":true,"href":"https:\/\/agrotechtyres.com\/de\/wp-json\/wp\/v2\/product_brand?post=42120"},{"taxonomy":"product_cat","embeddable":true,"href":"https:\/\/agrotechtyres.com\/de\/wp-json\/wp\/v2\/product_cat?post=42120"},{"taxonomy":"product_tag","embeddable":true,"href":"https:\/\/agrotechtyres.com\/de\/wp-json\/wp\/v2\/product_tag?post=42120"}],"curies":[{"name":"wp","href":"https:\/\/api.w.org\/{rel}","templated":true}]}}