{"id":42119,"date":"2026-04-27T01:44:56","date_gmt":"2026-04-27T01:44:56","guid":{"rendered":"https:\/\/agrotechtyres.com\/product\/360-70r24-ceat-farmax-r70-tl-122d-125a8-reifen\/"},"modified":"2026-04-28T22:53:59","modified_gmt":"2026-04-28T22:53:59","slug":"360-70r24-ceat-farmax-r70-tl-122d-125a8-reifen","status":"publish","type":"product","link":"https:\/\/agrotechtyres.com\/de\/produkt\/360-70r24-ceat-farmax-r70-tl-122d-125a8-reifen\/","title":{"rendered":"360\/70R24 CEAT FARMAX R70 TL 122D\/125A8 Reifen"},"content":{"rendered":"<p>Der 360\/70R24 CEAT FARMAX R70 TL 122D\/125A8 Reifen ist ein radialer TL Reifen f\u00fcr Traktor und professionelle Maschinenanwendungen.<\/p>\n<p>Das Modell FARMAX R70 eignet sich f\u00fcr Eins\u00e4tze, bei denen zuverl\u00e4ssige Traktion, Stabilit\u00e4t und eine passende Tragf\u00e4higkeit wichtig sind. Wichtige technische Angaben: Tragf\u00e4higkeits-\/Geschwindigkeitsindex 122D\/125A8.<\/p>\n<p>AgroTech Solution liefert Landwirtschafts-, Industrie- und Baumaschinenreifen in Europa. Kontaktieren Sie uns, um aktuelle Verf\u00fcgbarkeit, Lieferoptionen und die passende Reifenl\u00f6sung f\u00fcr Ihre Maschine zu best\u00e4tigen.<\/p>\n","protected":false},"excerpt":{"rendered":"<p>Landwirtschaftsreifen f\u00fcr zuverl\u00e4ssige Traktion, Stabilit\u00e4t und Leistung unter anspruchsvollen Einsatzbedingungen.<\/p>\n","protected":false},"featured_media":37736,"comment_status":"open","ping_status":"closed","template":"","meta":{"inline_featured_image":false},"product_brand":[],"product_cat":[1623],"product_tag":[2134,2131,2751,2749,2044,2750,2748,2752],"class_list":{"0":"post-42119","1":"product","2":"type-product","3":"status-publish","4":"has-post-thumbnail","6":"product_cat-landwirtschaftsreifen","7":"product_tag-122d-125a8","8":"product_tag-360-70r24","9":"product_tag-agriculture","10":"product_tag-ceat","11":"product_tag-farmax-r70","12":"product_tag-radial","13":"product_tag-tl","14":"product_tag-tractor","15":"pa_application-traktor","16":"pa_brand-ceat","17":"pa_construction-radial","18":"pa_load-index-122d-125a8-de-2","19":"pa_model-farmax-r70-de","20":"pa_profile-70-de-2","21":"pa_rim-diameter-24-de-2","22":"pa_tl-tt-tl","23":"pa_tyre-size-360-70r24-de","24":"pa_width-360-de-2","26":"first","27":"instock","28":"taxable","29":"shipping-taxable","30":"purchasable","31":"product-type-simple"},"_links":{"self":[{"href":"https:\/\/agrotechtyres.com\/de\/wp-json\/wp\/v2\/product\/42119","targetHints":{"allow":["GET"]}}],"collection":[{"href":"https:\/\/agrotechtyres.com\/de\/wp-json\/wp\/v2\/product"}],"about":[{"href":"https:\/\/agrotechtyres.com\/de\/wp-json\/wp\/v2\/types\/product"}],"replies":[{"embeddable":true,"href":"https:\/\/agrotechtyres.com\/de\/wp-json\/wp\/v2\/comments?post=42119"}],"version-history":[{"count":1,"href":"https:\/\/agrotechtyres.com\/de\/wp-json\/wp\/v2\/product\/42119\/revisions"}],"predecessor-version":[{"id":42472,"href":"https:\/\/agrotechtyres.com\/de\/wp-json\/wp\/v2\/product\/42119\/revisions\/42472"}],"wp:featuredmedia":[{"embeddable":true,"href":"https:\/\/agrotechtyres.com\/de\/wp-json\/wp\/v2\/media\/37736"}],"wp:attachment":[{"href":"https:\/\/agrotechtyres.com\/de\/wp-json\/wp\/v2\/media?parent=42119"}],"wp:term":[{"taxonomy":"product_brand","embeddable":true,"href":"https:\/\/agrotechtyres.com\/de\/wp-json\/wp\/v2\/product_brand?post=42119"},{"taxonomy":"product_cat","embeddable":true,"href":"https:\/\/agrotechtyres.com\/de\/wp-json\/wp\/v2\/product_cat?post=42119"},{"taxonomy":"product_tag","embeddable":true,"href":"https:\/\/agrotechtyres.com\/de\/wp-json\/wp\/v2\/product_tag?post=42119"}],"curies":[{"name":"wp","href":"https:\/\/api.w.org\/{rel}","templated":true}]}}