{"id":42115,"date":"2026-04-27T01:44:54","date_gmt":"2026-04-27T01:44:54","guid":{"rendered":"https:\/\/agrotechtyres.com\/product\/35-65-33-36pr-el27-westlake-tl-und-set-air-seal-ring-reifen\/"},"modified":"2026-04-28T22:53:58","modified_gmt":"2026-04-28T22:53:58","slug":"35-65-33-36pr-el27-westlake-tl-und-set-air-seal-ring-reifen","status":"publish","type":"product","link":"https:\/\/agrotechtyres.com\/de\/produkt\/35-65-33-36pr-el27-westlake-tl-und-set-air-seal-ring-reifen\/","title":{"rendered":"35\/65-33-36PR EL27 WESTLAKE TL&#038;SET Air Seal Ring Reifen"},"content":{"rendered":"<p>Der 35\/65-33-36PR EL27 WESTLAKE TL&amp;SET Air Seal Ring Reifen ist ein diagonaler TL Reifen f\u00fcr sonstige Industrie- und Baumaschinen und professionelle Maschinenanwendungen.<\/p>\n<p>Das Modell EL27 &amp; Air Seal Ring eignet sich f\u00fcr Eins\u00e4tze, bei denen zuverl\u00e4ssige Traktion, Stabilit\u00e4t und eine passende Tragf\u00e4higkeit wichtig sind. Wichtige technische Angaben: 36PR.<\/p>\n<p>AgroTech Solution liefert Landwirtschafts-, Industrie- und Baumaschinenreifen in Europa. Kontaktieren Sie uns, um aktuelle Verf\u00fcgbarkeit, Lieferoptionen und die passende Reifenl\u00f6sung f\u00fcr Ihre Maschine zu best\u00e4tigen.<\/p>\n","protected":false},"excerpt":{"rendered":"<p>Baumaschinenreifen f\u00fcr Lader, Grader und Erdbewegungsmaschinen mit zuverl\u00e4ssiger Leistung im professionellen Einsatz.<\/p>\n","protected":false},"featured_media":38316,"comment_status":"open","ping_status":"closed","template":"","meta":{"inline_featured_image":false},"product_brand":[],"product_cat":[2628],"product_tag":[2125,1836,2771,2772,2773,2126,2748,1670],"class_list":{"0":"post-42115","1":"product","2":"type-product","3":"status-publish","4":"has-post-thumbnail","6":"product_cat-baumaschinenreifen","7":"product_tag-35-65-33","8":"product_tag-36pr","9":"product_tag-bau","10":"product_tag-cwl-sonstige-industrie-bau","11":"product_tag-diagonal-2","12":"product_tag-el27-air-seal-ring","13":"product_tag-tl","14":"product_tag-westlake","15":"pa_application-cwl-sonstige-industrie-und-baumaschinen","16":"pa_brand-westlake","17":"pa_construction-diagonal","18":"pa_model-el27-air-seal-ring-de","19":"pa_pr-36-de-2","20":"pa_profile-65-de-2","21":"pa_rim-diameter-33-de","22":"pa_tl-tt-tl","23":"pa_tyre-size-35-65-33-de","24":"pa_width-35-de-2","26":"first","27":"instock","28":"taxable","29":"shipping-taxable","30":"purchasable","31":"product-type-simple"},"_links":{"self":[{"href":"https:\/\/agrotechtyres.com\/de\/wp-json\/wp\/v2\/product\/42115","targetHints":{"allow":["GET"]}}],"collection":[{"href":"https:\/\/agrotechtyres.com\/de\/wp-json\/wp\/v2\/product"}],"about":[{"href":"https:\/\/agrotechtyres.com\/de\/wp-json\/wp\/v2\/types\/product"}],"replies":[{"embeddable":true,"href":"https:\/\/agrotechtyres.com\/de\/wp-json\/wp\/v2\/comments?post=42115"}],"version-history":[{"count":1,"href":"https:\/\/agrotechtyres.com\/de\/wp-json\/wp\/v2\/product\/42115\/revisions"}],"predecessor-version":[{"id":42467,"href":"https:\/\/agrotechtyres.com\/de\/wp-json\/wp\/v2\/product\/42115\/revisions\/42467"}],"wp:featuredmedia":[{"embeddable":true,"href":"https:\/\/agrotechtyres.com\/de\/wp-json\/wp\/v2\/media\/38316"}],"wp:attachment":[{"href":"https:\/\/agrotechtyres.com\/de\/wp-json\/wp\/v2\/media?parent=42115"}],"wp:term":[{"taxonomy":"product_brand","embeddable":true,"href":"https:\/\/agrotechtyres.com\/de\/wp-json\/wp\/v2\/product_brand?post=42115"},{"taxonomy":"product_cat","embeddable":true,"href":"https:\/\/agrotechtyres.com\/de\/wp-json\/wp\/v2\/product_cat?post=42115"},{"taxonomy":"product_tag","embeddable":true,"href":"https:\/\/agrotechtyres.com\/de\/wp-json\/wp\/v2\/product_tag?post=42115"}],"curies":[{"name":"wp","href":"https:\/\/api.w.org\/{rel}","templated":true}]}}