{"id":42107,"date":"2026-04-27T01:44:52","date_gmt":"2026-04-27T01:44:52","guid":{"rendered":"https:\/\/agrotechtyres.com\/product\/320-90r50-ceat-farmax-rc-150d-tl-reifen\/"},"modified":"2026-04-28T22:53:55","modified_gmt":"2026-04-28T22:53:55","slug":"320-90r50-ceat-farmax-rc-150d-tl-reifen","status":"publish","type":"product","link":"https:\/\/agrotechtyres.com\/de\/produkt\/320-90r50-ceat-farmax-rc-150d-tl-reifen\/","title":{"rendered":"320\/90R50 CEAT FARMAX RC 150D TL Reifen"},"content":{"rendered":"<p>Der 320\/90R50 CEAT FARMAX RC 150D TL Reifen ist ein radialer TL Reifen f\u00fcr Traktor und professionelle Maschinenanwendungen.<\/p>\n<p>Das Modell FARMAX RC eignet sich f\u00fcr Eins\u00e4tze, bei denen zuverl\u00e4ssige Traktion, Stabilit\u00e4t und eine passende Tragf\u00e4higkeit wichtig sind. Wichtige technische Angaben: Tragf\u00e4higkeits-\/Geschwindigkeitsindex 150D.<\/p>\n<p>AgroTech Solution liefert Landwirtschafts-, Industrie- und Baumaschinenreifen in Europa. Kontaktieren Sie uns, um aktuelle Verf\u00fcgbarkeit, Lieferoptionen und die passende Reifenl\u00f6sung f\u00fcr Ihre Maschine zu best\u00e4tigen.<\/p>\n","protected":false},"excerpt":{"rendered":"<p>Landwirtschaftsreifen f\u00fcr zuverl\u00e4ssige Traktion, Stabilit\u00e4t und Leistung unter anspruchsvollen Einsatzbedingungen.<\/p>\n","protected":false},"featured_media":38304,"comment_status":"open","ping_status":"closed","template":"","meta":{"inline_featured_image":false},"product_brand":[],"product_cat":[1623],"product_tag":[2111,2110,2751,2749,1980,2750,2748,2752],"class_list":{"0":"post-42107","1":"product","2":"type-product","3":"status-publish","4":"has-post-thumbnail","6":"product_cat-landwirtschaftsreifen","7":"product_tag-150d","8":"product_tag-320-90r50","9":"product_tag-agriculture","10":"product_tag-ceat","11":"product_tag-farmax-rc","12":"product_tag-radial","13":"product_tag-tl","14":"product_tag-tractor","15":"pa_application-traktor","16":"pa_brand-ceat","17":"pa_construction-radial","18":"pa_load-index-150d-de-2","19":"pa_model-farmax-rc-de","20":"pa_profile-2778","21":"pa_rim-diameter-50-de-2","22":"pa_tl-tt-tl","23":"pa_tyre-size-320-90r50-de","24":"pa_width-320-de-2","26":"first","27":"instock","28":"taxable","29":"shipping-taxable","30":"purchasable","31":"product-type-simple"},"_links":{"self":[{"href":"https:\/\/agrotechtyres.com\/de\/wp-json\/wp\/v2\/product\/42107","targetHints":{"allow":["GET"]}}],"collection":[{"href":"https:\/\/agrotechtyres.com\/de\/wp-json\/wp\/v2\/product"}],"about":[{"href":"https:\/\/agrotechtyres.com\/de\/wp-json\/wp\/v2\/types\/product"}],"replies":[{"embeddable":true,"href":"https:\/\/agrotechtyres.com\/de\/wp-json\/wp\/v2\/comments?post=42107"}],"version-history":[{"count":1,"href":"https:\/\/agrotechtyres.com\/de\/wp-json\/wp\/v2\/product\/42107\/revisions"}],"predecessor-version":[{"id":42459,"href":"https:\/\/agrotechtyres.com\/de\/wp-json\/wp\/v2\/product\/42107\/revisions\/42459"}],"wp:featuredmedia":[{"embeddable":true,"href":"https:\/\/agrotechtyres.com\/de\/wp-json\/wp\/v2\/media\/38304"}],"wp:attachment":[{"href":"https:\/\/agrotechtyres.com\/de\/wp-json\/wp\/v2\/media?parent=42107"}],"wp:term":[{"taxonomy":"product_brand","embeddable":true,"href":"https:\/\/agrotechtyres.com\/de\/wp-json\/wp\/v2\/product_brand?post=42107"},{"taxonomy":"product_cat","embeddable":true,"href":"https:\/\/agrotechtyres.com\/de\/wp-json\/wp\/v2\/product_cat?post=42107"},{"taxonomy":"product_tag","embeddable":true,"href":"https:\/\/agrotechtyres.com\/de\/wp-json\/wp\/v2\/product_tag?post=42107"}],"curies":[{"name":"wp","href":"https:\/\/api.w.org\/{rel}","templated":true}]}}