{"id":42098,"date":"2026-04-27T01:44:38","date_gmt":"2026-04-27T01:44:38","guid":{"rendered":"https:\/\/agrotechtyres.com\/product\/31x15-5-15-8pr-vk106-marshal-reifen\/"},"modified":"2026-04-28T22:53:53","modified_gmt":"2026-04-28T22:53:53","slug":"31x15-5-15-8pr-vk106-marshal-reifen","status":"publish","type":"product","link":"https:\/\/agrotechtyres.com\/de\/produkt\/31x15-5-15-8pr-vk106-marshal-reifen\/","title":{"rendered":"31&#215;15.5-15 8PR VK106 MARSHAL Reifen"},"content":{"rendered":"<p>Der 31&#215;15.5-15 8PR VK106 MARSHAL Reifen ist ein diagonaler TL Reifen f\u00fcr sonstige Industrie- und Baumaschinen und professionelle Maschinenanwendungen.<\/p>\n<p>Das Modell VK106 MARSHAL eignet sich f\u00fcr Eins\u00e4tze, bei denen zuverl\u00e4ssige Traktion, Stabilit\u00e4t und eine passende Tragf\u00e4higkeit wichtig sind. Wichtige technische Angaben: 8PR, Tragf\u00e4higkeits-\/Geschwindigkeitsindex 116B.<\/p>\n<p>AgroTech Solution liefert Landwirtschafts-, Industrie- und Baumaschinenreifen in Europa. Kontaktieren Sie uns, um aktuelle Verf\u00fcgbarkeit, Lieferoptionen und die passende Reifenl\u00f6sung f\u00fcr Ihre Maschine zu best\u00e4tigen.<\/p>\n","protected":false},"excerpt":{"rendered":"<p>Baumaschinenreifen f\u00fcr Lader, Grader und Erdbewegungsmaschinen mit zuverl\u00e4ssiger Leistung im professionellen Einsatz.<\/p>\n","protected":false},"featured_media":38765,"comment_status":"open","ping_status":"closed","template":"","meta":{"inline_featured_image":false},"product_brand":[],"product_cat":[2628],"product_tag":[2077,2075,1704,2771,2772,2773,2748,1659,2076],"class_list":{"0":"post-42098","1":"product","2":"type-product","3":"status-publish","4":"has-post-thumbnail","6":"product_cat-baumaschinenreifen","7":"product_tag-116b","8":"product_tag-31x15-5-15","9":"product_tag-8pr","10":"product_tag-bau","11":"product_tag-cwl-sonstige-industrie-bau","12":"product_tag-diagonal-2","13":"product_tag-tl","14":"product_tag-vk","15":"product_tag-vk106-marshal","16":"pa_application-cwl-sonstige-industrie-und-baumaschinen","17":"pa_brand-vk","18":"pa_construction-diagonal","19":"pa_load-index-116b-de-2","20":"pa_model-vk106-marshal-de","21":"pa_pr-8-de-2","22":"pa_rim-diameter-15-de-2","23":"pa_tl-tt-tl","24":"pa_tyre-size-31x15-5-15-de","25":"pa_width-15-5-de-2","27":"first","28":"instock","29":"taxable","30":"shipping-taxable","31":"purchasable","32":"product-type-simple"},"_links":{"self":[{"href":"https:\/\/agrotechtyres.com\/de\/wp-json\/wp\/v2\/product\/42098","targetHints":{"allow":["GET"]}}],"collection":[{"href":"https:\/\/agrotechtyres.com\/de\/wp-json\/wp\/v2\/product"}],"about":[{"href":"https:\/\/agrotechtyres.com\/de\/wp-json\/wp\/v2\/types\/product"}],"replies":[{"embeddable":true,"href":"https:\/\/agrotechtyres.com\/de\/wp-json\/wp\/v2\/comments?post=42098"}],"version-history":[{"count":1,"href":"https:\/\/agrotechtyres.com\/de\/wp-json\/wp\/v2\/product\/42098\/revisions"}],"predecessor-version":[{"id":42448,"href":"https:\/\/agrotechtyres.com\/de\/wp-json\/wp\/v2\/product\/42098\/revisions\/42448"}],"wp:featuredmedia":[{"embeddable":true,"href":"https:\/\/agrotechtyres.com\/de\/wp-json\/wp\/v2\/media\/38765"}],"wp:attachment":[{"href":"https:\/\/agrotechtyres.com\/de\/wp-json\/wp\/v2\/media?parent=42098"}],"wp:term":[{"taxonomy":"product_brand","embeddable":true,"href":"https:\/\/agrotechtyres.com\/de\/wp-json\/wp\/v2\/product_brand?post=42098"},{"taxonomy":"product_cat","embeddable":true,"href":"https:\/\/agrotechtyres.com\/de\/wp-json\/wp\/v2\/product_cat?post=42098"},{"taxonomy":"product_tag","embeddable":true,"href":"https:\/\/agrotechtyres.com\/de\/wp-json\/wp\/v2\/product_tag?post=42098"}],"curies":[{"name":"wp","href":"https:\/\/api.w.org\/{rel}","templated":true}]}}