{"id":42093,"date":"2026-04-27T02:03:03","date_gmt":"2026-04-27T02:03:03","guid":{"rendered":"https:\/\/agrotechtyres.com\/product\/30-5l-32-18pr-cb558-westlake-tl-reifen\/"},"modified":"2026-04-28T22:53:51","modified_gmt":"2026-04-28T22:53:51","slug":"30-5l-32-18pr-cb558-westlake-tl-reifen","status":"publish","type":"product","link":"https:\/\/agrotechtyres.com\/de\/produkt\/30-5l-32-18pr-cb558-westlake-tl-reifen\/","title":{"rendered":"30.5L-32-18PR CB558 WESTLAKE TL Reifen"},"content":{"rendered":"<p>Der 30.5L-32-18PR CB558 WESTLAKE TL Reifen ist ein diagonaler TL Reifen f\u00fcr sonstige Industrie- und Baumaschinen und professionelle Maschinenanwendungen.<\/p>\n<p>Das Modell CB558 eignet sich f\u00fcr Eins\u00e4tze, bei denen zuverl\u00e4ssige Traktion, Stabilit\u00e4t und eine passende Tragf\u00e4higkeit wichtig sind. Wichtige technische Angaben: 18PR.<\/p>\n<p>AgroTech Solution liefert Landwirtschafts-, Industrie- und Baumaschinenreifen in Europa. Kontaktieren Sie uns, um aktuelle Verf\u00fcgbarkeit, Lieferoptionen und die passende Reifenl\u00f6sung f\u00fcr Ihre Maschine zu best\u00e4tigen.<\/p>\n","protected":false},"excerpt":{"rendered":"<p>Baumaschinenreifen f\u00fcr Lader, Grader und Erdbewegungsmaschinen mit zuverl\u00e4ssiger Leistung im professionellen Einsatz.<\/p>\n","protected":false},"featured_media":41103,"comment_status":"open","ping_status":"closed","template":"","meta":{"inline_featured_image":false},"product_brand":[],"product_cat":[2628],"product_tag":[1691,2067,2771,2068,2772,2773,2748,1670],"class_list":{"0":"post-42093","1":"product","2":"type-product","3":"status-publish","4":"has-post-thumbnail","6":"product_cat-baumaschinenreifen","7":"product_tag-18pr","8":"product_tag-30-5l-32","9":"product_tag-bau","10":"product_tag-cb558","11":"product_tag-cwl-sonstige-industrie-bau","12":"product_tag-diagonal-2","13":"product_tag-tl","14":"product_tag-westlake","15":"pa_application-cwl-sonstige-industrie-und-baumaschinen","16":"pa_brand-westlake","17":"pa_construction-diagonal","18":"pa_model-cb558-de","19":"pa_pr-18-de-2","20":"pa_rim-diameter-32-de-2","21":"pa_tl-tt-tl","22":"pa_tyre-size-30-5l-32-de","23":"pa_width-30-5-de-2","25":"first","26":"instock","27":"taxable","28":"shipping-taxable","29":"purchasable","30":"product-type-simple"},"_links":{"self":[{"href":"https:\/\/agrotechtyres.com\/de\/wp-json\/wp\/v2\/product\/42093","targetHints":{"allow":["GET"]}}],"collection":[{"href":"https:\/\/agrotechtyres.com\/de\/wp-json\/wp\/v2\/product"}],"about":[{"href":"https:\/\/agrotechtyres.com\/de\/wp-json\/wp\/v2\/types\/product"}],"replies":[{"embeddable":true,"href":"https:\/\/agrotechtyres.com\/de\/wp-json\/wp\/v2\/comments?post=42093"}],"version-history":[{"count":1,"href":"https:\/\/agrotechtyres.com\/de\/wp-json\/wp\/v2\/product\/42093\/revisions"}],"predecessor-version":[{"id":42443,"href":"https:\/\/agrotechtyres.com\/de\/wp-json\/wp\/v2\/product\/42093\/revisions\/42443"}],"wp:featuredmedia":[{"embeddable":true,"href":"https:\/\/agrotechtyres.com\/de\/wp-json\/wp\/v2\/media\/41103"}],"wp:attachment":[{"href":"https:\/\/agrotechtyres.com\/de\/wp-json\/wp\/v2\/media?parent=42093"}],"wp:term":[{"taxonomy":"product_brand","embeddable":true,"href":"https:\/\/agrotechtyres.com\/de\/wp-json\/wp\/v2\/product_brand?post=42093"},{"taxonomy":"product_cat","embeddable":true,"href":"https:\/\/agrotechtyres.com\/de\/wp-json\/wp\/v2\/product_cat?post=42093"},{"taxonomy":"product_tag","embeddable":true,"href":"https:\/\/agrotechtyres.com\/de\/wp-json\/wp\/v2\/product_tag?post=42093"}],"curies":[{"name":"wp","href":"https:\/\/api.w.org\/{rel}","templated":true}]}}