{"id":42092,"date":"2026-04-27T01:44:35","date_gmt":"2026-04-27T01:44:35","guid":{"rendered":"https:\/\/agrotechtyres.com\/product\/29-5r25-216a2-cb790-westlake-tl-cutting-resistance-eu-und-set-air-reifen\/"},"modified":"2026-04-28T22:53:51","modified_gmt":"2026-04-28T22:53:51","slug":"29-5r25-216a2-cb790-westlake-tl-cutting-resistance-eu-und-set-air-reifen","status":"publish","type":"product","link":"https:\/\/agrotechtyres.com\/de\/produkt\/29-5r25-216a2-cb790-westlake-tl-cutting-resistance-eu-und-set-air-reifen\/","title":{"rendered":"29.5R25 (216A2) CB790 WESTLAKE TL CUTTING RESISTANCE EU&#038;SET Air Reifen"},"content":{"rendered":"<p>Der 29.5R25 (216A2) CB790 WESTLAKE TL CUTTING RESISTANCE EU&amp;SET Air Reifen ist ein radialer TL Reifen f\u00fcr Erdbewegungsmaschinen und professionelle Maschinenanwendungen.<\/p>\n<p>Das Modell CB790 CUTTING RESISTANCE Air eignet sich f\u00fcr Eins\u00e4tze, bei denen zuverl\u00e4ssige Traktion, Stabilit\u00e4t und eine passende Tragf\u00e4higkeit wichtig sind. Wichtige technische Angaben: Tragf\u00e4higkeits-\/Geschwindigkeitsindex 216A2.<\/p>\n<p>AgroTech Solution liefert Landwirtschafts-, Industrie- und Baumaschinenreifen in Europa. Kontaktieren Sie uns, um aktuelle Verf\u00fcgbarkeit, Lieferoptionen und die passende Reifenl\u00f6sung f\u00fcr Ihre Maschine zu best\u00e4tigen.<\/p>\n","protected":false},"excerpt":{"rendered":"<p>Reifen f\u00fcr anspruchsvolle Mining- und Schwerlasteins\u00e4tze mit zuverl\u00e4ssiger Leistung unter harten Bedingungen.<\/p>\n","protected":false},"featured_media":38866,"comment_status":"open","ping_status":"closed","template":"","meta":{"inline_featured_image":false},"product_brand":[],"product_cat":[2631],"product_tag":[2063,2062,2066,1867,1866,2750,2748,1670],"class_list":{"0":"post-42092","1":"product","2":"type-product","3":"status-publish","4":"has-post-thumbnail","6":"product_cat-bergbaureifen","7":"product_tag-216a2","8":"product_tag-29-5r25","9":"product_tag-cb790-cutting-resistance-air","10":"product_tag-earthmover","11":"product_tag-mining","12":"product_tag-radial","13":"product_tag-tl","14":"product_tag-westlake","15":"pa_application-erdbewegungsmaschinen","16":"pa_brand-westlake","17":"pa_construction-radial","18":"pa_load-index-216a2-de-2","19":"pa_model-cb790-cutting-resistance-air-de","20":"pa_tl-tt-tl","21":"pa_tyre-size-29-5r25-de","23":"first","24":"instock","25":"taxable","26":"shipping-taxable","27":"purchasable","28":"product-type-simple"},"_links":{"self":[{"href":"https:\/\/agrotechtyres.com\/de\/wp-json\/wp\/v2\/product\/42092","targetHints":{"allow":["GET"]}}],"collection":[{"href":"https:\/\/agrotechtyres.com\/de\/wp-json\/wp\/v2\/product"}],"about":[{"href":"https:\/\/agrotechtyres.com\/de\/wp-json\/wp\/v2\/types\/product"}],"replies":[{"embeddable":true,"href":"https:\/\/agrotechtyres.com\/de\/wp-json\/wp\/v2\/comments?post=42092"}],"version-history":[{"count":1,"href":"https:\/\/agrotechtyres.com\/de\/wp-json\/wp\/v2\/product\/42092\/revisions"}],"predecessor-version":[{"id":42441,"href":"https:\/\/agrotechtyres.com\/de\/wp-json\/wp\/v2\/product\/42092\/revisions\/42441"}],"wp:featuredmedia":[{"embeddable":true,"href":"https:\/\/agrotechtyres.com\/de\/wp-json\/wp\/v2\/media\/38866"}],"wp:attachment":[{"href":"https:\/\/agrotechtyres.com\/de\/wp-json\/wp\/v2\/media?parent=42092"}],"wp:term":[{"taxonomy":"product_brand","embeddable":true,"href":"https:\/\/agrotechtyres.com\/de\/wp-json\/wp\/v2\/product_brand?post=42092"},{"taxonomy":"product_cat","embeddable":true,"href":"https:\/\/agrotechtyres.com\/de\/wp-json\/wp\/v2\/product_cat?post=42092"},{"taxonomy":"product_tag","embeddable":true,"href":"https:\/\/agrotechtyres.com\/de\/wp-json\/wp\/v2\/product_tag?post=42092"}],"curies":[{"name":"wp","href":"https:\/\/api.w.org\/{rel}","templated":true}]}}