{"id":42086,"date":"2026-04-27T02:03:01","date_gmt":"2026-04-27T02:03:01","guid":{"rendered":"https:\/\/agrotechtyres.com\/product\/28l-26-ceat-logger-xl-20pr-tl-steel-shield-reifen\/"},"modified":"2026-04-28T22:53:49","modified_gmt":"2026-04-28T22:53:49","slug":"28l-26-ceat-logger-xl-20pr-tl-steel-shield-reifen","status":"publish","type":"product","link":"https:\/\/agrotechtyres.com\/de\/produkt\/28l-26-ceat-logger-xl-20pr-tl-steel-shield-reifen\/","title":{"rendered":"28L-26 CEAT LOGGER XL 20PR TL STEEL SHIELD Reifen"},"content":{"rendered":"<p>Der 28L-26 CEAT LOGGER XL 20PR TL STEEL SHIELD Reifen ist ein diagonaler TL Reifen f\u00fcr sonstige Industrie- und Baumaschinen und professionelle Maschinenanwendungen.<\/p>\n<p>Das Modell LOGGER XL STEEL SHIELD eignet sich f\u00fcr Eins\u00e4tze, bei denen zuverl\u00e4ssige Traktion, Stabilit\u00e4t und eine passende Tragf\u00e4higkeit wichtig sind. Wichtige technische Angaben: 20PR, Tragf\u00e4higkeits-\/Geschwindigkeitsindex 28L.<\/p>\n<p>AgroTech Solution liefert Landwirtschafts-, Industrie- und Baumaschinenreifen in Europa. Kontaktieren Sie uns, um aktuelle Verf\u00fcgbarkeit, Lieferoptionen und die passende Reifenl\u00f6sung f\u00fcr Ihre Maschine zu best\u00e4tigen.<\/p>\n","protected":false},"excerpt":{"rendered":"<p>Baumaschinenreifen f\u00fcr Lader, Grader und Erdbewegungsmaschinen mit zuverl\u00e4ssiger Leistung im professionellen Einsatz.<\/p>\n","protected":false},"featured_media":41109,"comment_status":"open","ping_status":"closed","template":"","meta":{"inline_featured_image":false},"product_brand":[],"product_cat":[2628],"product_tag":[2774,2055,2053,2771,2749,2772,2773,2056,2748],"class_list":{"0":"post-42086","1":"product","2":"type-product","3":"status-publish","4":"has-post-thumbnail","6":"product_cat-baumaschinenreifen","7":"product_tag-20pr","8":"product_tag-28l","9":"product_tag-28l-26","10":"product_tag-bau","11":"product_tag-ceat","12":"product_tag-cwl-sonstige-industrie-bau","13":"product_tag-diagonal-2","14":"product_tag-logger-xl-steel-shield","15":"product_tag-tl","16":"pa_application-cwl-sonstige-industrie-und-baumaschinen","17":"pa_brand-ceat","18":"pa_construction-diagonal","19":"pa_load-index-28l-de","20":"pa_model-logger-xl-steel-shield-de","21":"pa_pr-2766","22":"pa_rim-diameter-26-de-2","23":"pa_tl-tt-tl","24":"pa_tyre-size-28l-26-de","25":"pa_width-28-de-2","27":"first","28":"instock","29":"taxable","30":"shipping-taxable","31":"purchasable","32":"product-type-simple"},"_links":{"self":[{"href":"https:\/\/agrotechtyres.com\/de\/wp-json\/wp\/v2\/product\/42086","targetHints":{"allow":["GET"]}}],"collection":[{"href":"https:\/\/agrotechtyres.com\/de\/wp-json\/wp\/v2\/product"}],"about":[{"href":"https:\/\/agrotechtyres.com\/de\/wp-json\/wp\/v2\/types\/product"}],"replies":[{"embeddable":true,"href":"https:\/\/agrotechtyres.com\/de\/wp-json\/wp\/v2\/comments?post=42086"}],"version-history":[{"count":1,"href":"https:\/\/agrotechtyres.com\/de\/wp-json\/wp\/v2\/product\/42086\/revisions"}],"predecessor-version":[{"id":42434,"href":"https:\/\/agrotechtyres.com\/de\/wp-json\/wp\/v2\/product\/42086\/revisions\/42434"}],"wp:featuredmedia":[{"embeddable":true,"href":"https:\/\/agrotechtyres.com\/de\/wp-json\/wp\/v2\/media\/41109"}],"wp:attachment":[{"href":"https:\/\/agrotechtyres.com\/de\/wp-json\/wp\/v2\/media?parent=42086"}],"wp:term":[{"taxonomy":"product_brand","embeddable":true,"href":"https:\/\/agrotechtyres.com\/de\/wp-json\/wp\/v2\/product_brand?post=42086"},{"taxonomy":"product_cat","embeddable":true,"href":"https:\/\/agrotechtyres.com\/de\/wp-json\/wp\/v2\/product_cat?post=42086"},{"taxonomy":"product_tag","embeddable":true,"href":"https:\/\/agrotechtyres.com\/de\/wp-json\/wp\/v2\/product_tag?post=42086"}],"curies":[{"name":"wp","href":"https:\/\/api.w.org\/{rel}","templated":true}]}}