{"id":42079,"date":"2026-04-27T01:44:28","date_gmt":"2026-04-27T01:44:28","guid":{"rendered":"https:\/\/agrotechtyres.com\/product\/27-10-12-8-0r-cl403s-westlake-simple-reifen\/"},"modified":"2026-04-28T22:53:47","modified_gmt":"2026-04-28T22:53:47","slug":"27-10-12-8-0r-cl403s-westlake-simple-reifen","status":"publish","type":"product","link":"https:\/\/agrotechtyres.com\/de\/produkt\/27-10-12-8-0r-cl403s-westlake-simple-reifen\/","title":{"rendered":"27?10-12\/8.0R CL403S WESTLAKE SIMPLE Reifen"},"content":{"rendered":"<p>Der 27?10-12\/8.0R CL403S WESTLAKE SIMPLE Reifen ist ein diagonaler TL Reifen f\u00fcr Gabelstapler und professionelle Maschinenanwendungen.<\/p>\n<p>Das Modell 27?10-12\/8.0R CL403S SIMPLE eignet sich f\u00fcr Eins\u00e4tze, bei denen zuverl\u00e4ssige Traktion, Stabilit\u00e4t und eine passende Tragf\u00e4higkeit wichtig sind. Wichtige technische Angaben: Profiltyp L4.<\/p>\n<p>AgroTech Solution liefert Landwirtschafts-, Industrie- und Baumaschinenreifen in Europa. Kontaktieren Sie uns, um aktuelle Verf\u00fcgbarkeit, Lieferoptionen und die passende Reifenl\u00f6sung f\u00fcr Ihre Maschine zu best\u00e4tigen.<\/p>\n","protected":false},"excerpt":{"rendered":"<p>Industriereifen f\u00fcr Materialtransport, Nutzfahrzeuge und professionelle Arbeitsmaschinen.<\/p>\n","protected":false},"featured_media":38619,"comment_status":"open","ping_status":"closed","template":"","meta":{"inline_featured_image":false},"product_brand":[],"product_cat":[2629],"product_tag":[2040,2773,1857,1856,2748,1670],"class_list":{"0":"post-42079","1":"product","2":"type-product","3":"status-publish","4":"has-post-thumbnail","6":"product_cat-industriereifen","7":"product_tag-2710-12-8-0r-cl403s-simple","8":"product_tag-diagonal-2","9":"product_tag-forklift","10":"product_tag-industrial","11":"product_tag-tl","12":"product_tag-westlake","13":"pa_application-gabelstapler","14":"pa_brand-westlake","15":"pa_construction-diagonal","16":"pa_model-2710-12-8-0r-cl403s-simple-de","17":"pa_tl-tt-tl","18":"pa_tread-type-l4-de","20":"first","21":"outofstock","22":"taxable","23":"shipping-taxable","24":"purchasable","25":"product-type-simple"},"_links":{"self":[{"href":"https:\/\/agrotechtyres.com\/de\/wp-json\/wp\/v2\/product\/42079","targetHints":{"allow":["GET"]}}],"collection":[{"href":"https:\/\/agrotechtyres.com\/de\/wp-json\/wp\/v2\/product"}],"about":[{"href":"https:\/\/agrotechtyres.com\/de\/wp-json\/wp\/v2\/types\/product"}],"replies":[{"embeddable":true,"href":"https:\/\/agrotechtyres.com\/de\/wp-json\/wp\/v2\/comments?post=42079"}],"version-history":[{"count":1,"href":"https:\/\/agrotechtyres.com\/de\/wp-json\/wp\/v2\/product\/42079\/revisions"}],"predecessor-version":[{"id":42426,"href":"https:\/\/agrotechtyres.com\/de\/wp-json\/wp\/v2\/product\/42079\/revisions\/42426"}],"wp:featuredmedia":[{"embeddable":true,"href":"https:\/\/agrotechtyres.com\/de\/wp-json\/wp\/v2\/media\/38619"}],"wp:attachment":[{"href":"https:\/\/agrotechtyres.com\/de\/wp-json\/wp\/v2\/media?parent=42079"}],"wp:term":[{"taxonomy":"product_brand","embeddable":true,"href":"https:\/\/agrotechtyres.com\/de\/wp-json\/wp\/v2\/product_brand?post=42079"},{"taxonomy":"product_cat","embeddable":true,"href":"https:\/\/agrotechtyres.com\/de\/wp-json\/wp\/v2\/product_cat?post=42079"},{"taxonomy":"product_tag","embeddable":true,"href":"https:\/\/agrotechtyres.com\/de\/wp-json\/wp\/v2\/product_tag?post=42079"}],"curies":[{"name":"wp","href":"https:\/\/api.w.org\/{rel}","templated":true}]}}