{"id":42074,"date":"2026-04-27T01:44:28","date_gmt":"2026-04-27T01:44:28","guid":{"rendered":"https:\/\/agrotechtyres.com\/product\/270-95r32-ceat-farmax-rc-tl-133d-reifen\/"},"modified":"2026-04-28T22:53:46","modified_gmt":"2026-04-28T22:53:46","slug":"270-95r32-ceat-farmax-rc-tl-133d-reifen","status":"publish","type":"product","link":"https:\/\/agrotechtyres.com\/de\/produkt\/270-95r32-ceat-farmax-rc-tl-133d-reifen\/","title":{"rendered":"270\/95R32 CEAT FARMAX RC TL 133D Reifen"},"content":{"rendered":"<p>Der 270\/95R32 CEAT FARMAX RC TL 133D Reifen ist ein radialer TL Reifen f\u00fcr Traktor und professionelle Maschinenanwendungen.<\/p>\n<p>Das Modell FARMAX RC eignet sich f\u00fcr Eins\u00e4tze, bei denen zuverl\u00e4ssige Traktion, Stabilit\u00e4t und eine passende Tragf\u00e4higkeit wichtig sind. Wichtige technische Angaben: Tragf\u00e4higkeits-\/Geschwindigkeitsindex 133D, Profiltyp R3.<\/p>\n<p>AgroTech Solution liefert Landwirtschafts-, Industrie- und Baumaschinenreifen in Europa. Kontaktieren Sie uns, um aktuelle Verf\u00fcgbarkeit, Lieferoptionen und die passende Reifenl\u00f6sung f\u00fcr Ihre Maschine zu best\u00e4tigen.<\/p>\n","protected":false},"excerpt":{"rendered":"<p>Landwirtschaftsreifen f\u00fcr zuverl\u00e4ssige Traktion, Stabilit\u00e4t und Leistung unter anspruchsvollen Einsatzbedingungen.<\/p>\n","protected":false},"featured_media":38080,"comment_status":"open","ping_status":"closed","template":"","meta":{"inline_featured_image":false},"product_brand":[],"product_cat":[1623],"product_tag":[1985,2031,2751,2749,1980,2750,2748,2752],"class_list":{"0":"post-42074","1":"product","2":"type-product","3":"status-publish","4":"has-post-thumbnail","6":"product_cat-landwirtschaftsreifen","7":"product_tag-133d","8":"product_tag-270-95r32","9":"product_tag-agriculture","10":"product_tag-ceat","11":"product_tag-farmax-rc","12":"product_tag-radial","13":"product_tag-tl","14":"product_tag-tractor","15":"pa_application-traktor","16":"pa_brand-ceat","17":"pa_construction-radial","18":"pa_load-index-133d-de-2","19":"pa_model-farmax-rc-de","20":"pa_profile-95-de","21":"pa_rim-diameter-32-de-2","22":"pa_tl-tt-tl","23":"pa_tread-type-r3","24":"pa_tyre-size-270-95r32-de","25":"pa_width-270-de-2","27":"first","28":"outofstock","29":"taxable","30":"shipping-taxable","31":"purchasable","32":"product-type-simple"},"_links":{"self":[{"href":"https:\/\/agrotechtyres.com\/de\/wp-json\/wp\/v2\/product\/42074","targetHints":{"allow":["GET"]}}],"collection":[{"href":"https:\/\/agrotechtyres.com\/de\/wp-json\/wp\/v2\/product"}],"about":[{"href":"https:\/\/agrotechtyres.com\/de\/wp-json\/wp\/v2\/types\/product"}],"replies":[{"embeddable":true,"href":"https:\/\/agrotechtyres.com\/de\/wp-json\/wp\/v2\/comments?post=42074"}],"version-history":[{"count":1,"href":"https:\/\/agrotechtyres.com\/de\/wp-json\/wp\/v2\/product\/42074\/revisions"}],"predecessor-version":[{"id":42421,"href":"https:\/\/agrotechtyres.com\/de\/wp-json\/wp\/v2\/product\/42074\/revisions\/42421"}],"wp:featuredmedia":[{"embeddable":true,"href":"https:\/\/agrotechtyres.com\/de\/wp-json\/wp\/v2\/media\/38080"}],"wp:attachment":[{"href":"https:\/\/agrotechtyres.com\/de\/wp-json\/wp\/v2\/media?parent=42074"}],"wp:term":[{"taxonomy":"product_brand","embeddable":true,"href":"https:\/\/agrotechtyres.com\/de\/wp-json\/wp\/v2\/product_brand?post=42074"},{"taxonomy":"product_cat","embeddable":true,"href":"https:\/\/agrotechtyres.com\/de\/wp-json\/wp\/v2\/product_cat?post=42074"},{"taxonomy":"product_tag","embeddable":true,"href":"https:\/\/agrotechtyres.com\/de\/wp-json\/wp\/v2\/product_tag?post=42074"}],"curies":[{"name":"wp","href":"https:\/\/api.w.org\/{rel}","templated":true}]}}