{"id":42070,"date":"2026-04-27T01:44:21","date_gmt":"2026-04-27T01:44:21","guid":{"rendered":"https:\/\/agrotechtyres.com\/product\/26-5r25-193b-209a2-pr-cb763-westlake-e4-l4-tl-cutting-resistance-eu-und-set-air-seal-ring-reifen\/"},"modified":"2026-04-28T22:53:26","modified_gmt":"2026-04-28T22:53:26","slug":"26-5r25-193b-209a2-pr-cb763-westlake-e4-l4-tl-cutting-resistance-eu-und-set-air-seal-ring-reifen","status":"publish","type":"product","link":"https:\/\/agrotechtyres.com\/de\/produkt\/26-5r25-193b-209a2-pr-cb763-westlake-e4-l4-tl-cutting-resistance-eu-und-set-air-seal-ring-reifen\/","title":{"rendered":"26.5R25 (193B\/209A2) PR CB763 WESTLAKE E4\/L4 TL Cutting Resistance EU&#038;SET Air Seal Ring Reifen"},"content":{"rendered":"<p>Der 26.5R25 (193B\/209A2) PR CB763 WESTLAKE E4\/L4 TL Cutting Resistance EU&amp;SET Air Seal Ring Reifen ist ein radialer TL Reifen f\u00fcr Erdbewegungsmaschinen und professionelle Maschinenanwendungen.<\/p>\n<p>Das Modell PR CB763 E4\/L4 Cutting Resistance Air Seal Ring eignet sich f\u00fcr Eins\u00e4tze, bei denen zuverl\u00e4ssige Traktion, Stabilit\u00e4t und eine passende Tragf\u00e4higkeit wichtig sind. Wichtige technische Angaben: Tragf\u00e4higkeits-\/Geschwindigkeitsindex 193B\/209A2, Profiltyp E4\/L4.<\/p>\n<p>AgroTech Solution liefert Landwirtschafts-, Industrie- und Baumaschinenreifen in Europa. Kontaktieren Sie uns, um aktuelle Verf\u00fcgbarkeit, Lieferoptionen und die passende Reifenl\u00f6sung f\u00fcr Ihre Maschine zu best\u00e4tigen.<\/p>\n","protected":false},"excerpt":{"rendered":"<p>Reifen f\u00fcr anspruchsvolle Mining- und Schwerlasteins\u00e4tze mit zuverl\u00e4ssiger Leistung unter harten Bedingungen.<\/p>\n","protected":false},"featured_media":38857,"comment_status":"open","ping_status":"closed","template":"","meta":{"inline_featured_image":false},"product_brand":[],"product_cat":[2631],"product_tag":[2000,1998,1867,1866,1999,2750,2748,1670],"class_list":{"0":"post-42070","1":"product","2":"type-product","3":"status-publish","4":"has-post-thumbnail","6":"product_cat-bergbaureifen","7":"product_tag-193b-209a2","8":"product_tag-26-5r25","9":"product_tag-earthmover","10":"product_tag-mining","11":"product_tag-pr-cb763-e4-l4-cutting-resistance-air-seal-ring","12":"product_tag-radial","13":"product_tag-tl","14":"product_tag-westlake","15":"pa_application-erdbewegungsmaschinen","16":"pa_brand-westlake","17":"pa_construction-radial","18":"pa_load-index-193b-209a2-de-2","19":"pa_model-pr-cb763-e4-l4-cutting-resistance-air-seal-ring-de","20":"pa_tl-tt-tl","21":"pa_tread-type-e4-l4-de-2","22":"pa_tyre-size-26-5r25-de","24":"first","25":"instock","26":"taxable","27":"shipping-taxable","28":"purchasable","29":"product-type-simple"},"_links":{"self":[{"href":"https:\/\/agrotechtyres.com\/de\/wp-json\/wp\/v2\/product\/42070","targetHints":{"allow":["GET"]}}],"collection":[{"href":"https:\/\/agrotechtyres.com\/de\/wp-json\/wp\/v2\/product"}],"about":[{"href":"https:\/\/agrotechtyres.com\/de\/wp-json\/wp\/v2\/types\/product"}],"replies":[{"embeddable":true,"href":"https:\/\/agrotechtyres.com\/de\/wp-json\/wp\/v2\/comments?post=42070"}],"version-history":[{"count":1,"href":"https:\/\/agrotechtyres.com\/de\/wp-json\/wp\/v2\/product\/42070\/revisions"}],"predecessor-version":[{"id":42417,"href":"https:\/\/agrotechtyres.com\/de\/wp-json\/wp\/v2\/product\/42070\/revisions\/42417"}],"wp:featuredmedia":[{"embeddable":true,"href":"https:\/\/agrotechtyres.com\/de\/wp-json\/wp\/v2\/media\/38857"}],"wp:attachment":[{"href":"https:\/\/agrotechtyres.com\/de\/wp-json\/wp\/v2\/media?parent=42070"}],"wp:term":[{"taxonomy":"product_brand","embeddable":true,"href":"https:\/\/agrotechtyres.com\/de\/wp-json\/wp\/v2\/product_brand?post=42070"},{"taxonomy":"product_cat","embeddable":true,"href":"https:\/\/agrotechtyres.com\/de\/wp-json\/wp\/v2\/product_cat?post=42070"},{"taxonomy":"product_tag","embeddable":true,"href":"https:\/\/agrotechtyres.com\/de\/wp-json\/wp\/v2\/product_tag?post=42070"}],"curies":[{"name":"wp","href":"https:\/\/api.w.org\/{rel}","templated":true}]}}