{"id":42058,"date":"2026-04-27T01:44:12","date_gmt":"2026-04-27T01:44:12","guid":{"rendered":"https:\/\/agrotechtyres.com\/product\/23-5r25-185b-201a2-cb761-westlake-e3-l3-tl-cutting-resistance-eu-und-set-air-seal-ring-reifen\/"},"modified":"2026-04-28T22:53:21","modified_gmt":"2026-04-28T22:53:21","slug":"23-5r25-185b-201a2-cb761-westlake-e3-l3-tl-cutting-resistance-eu-und-set-air-seal-ring-reifen","status":"publish","type":"product","link":"https:\/\/agrotechtyres.com\/de\/produkt\/23-5r25-185b-201a2-cb761-westlake-e3-l3-tl-cutting-resistance-eu-und-set-air-seal-ring-reifen\/","title":{"rendered":"23.5R25(185B\/201A2) CB761 WESTLAKE E3\/L3 TL Cutting Resistance EU&#038;SET Air Seal Ring Reifen"},"content":{"rendered":"<p>Der 23.5R25(185B\/201A2) CB761 WESTLAKE E3\/L3 TL Cutting Resistance EU&amp;SET Air Seal Ring Reifen ist ein radialer TL Reifen f\u00fcr Lader und professionelle Maschinenanwendungen.<\/p>\n<p>Das Modell CB761 E3\/L3 Cutting Resistance Air Seal Ring eignet sich f\u00fcr Eins\u00e4tze, bei denen zuverl\u00e4ssige Traktion, Stabilit\u00e4t und eine passende Tragf\u00e4higkeit wichtig sind. Wichtige technische Angaben: Tragf\u00e4higkeits-\/Geschwindigkeitsindex 185B\/201A2, Profiltyp E3\/L3.<\/p>\n<p>AgroTech Solution liefert Landwirtschafts-, Industrie- und Baumaschinenreifen in Europa. Kontaktieren Sie uns, um aktuelle Verf\u00fcgbarkeit, Lieferoptionen und die passende Reifenl\u00f6sung f\u00fcr Ihre Maschine zu best\u00e4tigen.<\/p>\n","protected":false},"excerpt":{"rendered":"<p>Baumaschinenreifen f\u00fcr Lader, Grader und Erdbewegungsmaschinen mit zuverl\u00e4ssiger Leistung im professionellen Einsatz.<\/p>\n","protected":false},"featured_media":38657,"comment_status":"open","ping_status":"closed","template":"","meta":{"inline_featured_image":false},"product_brand":[],"product_cat":[2628],"product_tag":[1974,1972,2771,1977,1672,2750,2748,1670],"class_list":{"0":"post-42058","1":"product","2":"type-product","3":"status-publish","4":"has-post-thumbnail","6":"product_cat-baumaschinenreifen","7":"product_tag-185b-201a2","8":"product_tag-23-5r25","9":"product_tag-bau","10":"product_tag-cb761-e3-l3-cutting-resistance-air-seal-ring","11":"product_tag-loader","12":"product_tag-radial","13":"product_tag-tl","14":"product_tag-westlake","15":"pa_application-lader","16":"pa_brand-westlake","17":"pa_construction-radial","18":"pa_load-index-185b-201a2-de-2","19":"pa_model-cb761-e3-l3-cutting-resistance-air-seal-ring-de","20":"pa_tl-tt-tl","21":"pa_tread-type-e3-l3-de","22":"pa_tyre-size-23-5r25-de","24":"first","25":"outofstock","26":"taxable","27":"shipping-taxable","28":"purchasable","29":"product-type-simple"},"_links":{"self":[{"href":"https:\/\/agrotechtyres.com\/de\/wp-json\/wp\/v2\/product\/42058","targetHints":{"allow":["GET"]}}],"collection":[{"href":"https:\/\/agrotechtyres.com\/de\/wp-json\/wp\/v2\/product"}],"about":[{"href":"https:\/\/agrotechtyres.com\/de\/wp-json\/wp\/v2\/types\/product"}],"replies":[{"embeddable":true,"href":"https:\/\/agrotechtyres.com\/de\/wp-json\/wp\/v2\/comments?post=42058"}],"version-history":[{"count":1,"href":"https:\/\/agrotechtyres.com\/de\/wp-json\/wp\/v2\/product\/42058\/revisions"}],"predecessor-version":[{"id":42404,"href":"https:\/\/agrotechtyres.com\/de\/wp-json\/wp\/v2\/product\/42058\/revisions\/42404"}],"wp:featuredmedia":[{"embeddable":true,"href":"https:\/\/agrotechtyres.com\/de\/wp-json\/wp\/v2\/media\/38657"}],"wp:attachment":[{"href":"https:\/\/agrotechtyres.com\/de\/wp-json\/wp\/v2\/media?parent=42058"}],"wp:term":[{"taxonomy":"product_brand","embeddable":true,"href":"https:\/\/agrotechtyres.com\/de\/wp-json\/wp\/v2\/product_brand?post=42058"},{"taxonomy":"product_cat","embeddable":true,"href":"https:\/\/agrotechtyres.com\/de\/wp-json\/wp\/v2\/product_cat?post=42058"},{"taxonomy":"product_tag","embeddable":true,"href":"https:\/\/agrotechtyres.com\/de\/wp-json\/wp\/v2\/product_tag?post=42058"}],"curies":[{"name":"wp","href":"https:\/\/api.w.org\/{rel}","templated":true}]}}