{"id":42053,"date":"2026-04-27T01:44:12","date_gmt":"2026-04-27T01:44:12","guid":{"rendered":"https:\/\/agrotechtyres.com\/product\/23-5-25-ttf-24-e3-l3-hawkway-reifen\/"},"modified":"2026-04-28T22:53:19","modified_gmt":"2026-04-28T22:53:19","slug":"23-5-25-ttf-24-e3-l3-hawkway-reifen","status":"publish","type":"product","link":"https:\/\/agrotechtyres.com\/de\/produkt\/23-5-25-ttf-24-e3-l3-hawkway-reifen\/","title":{"rendered":"23.5-25 TTF 24 E3\/L3 HAWKWAY Reifen"},"content":{"rendered":"<p>Der 23.5-25 TTF 24 E3\/L3 HAWKWAY Reifen ist ein diagonaler TT Reifen f\u00fcr Lader und professionelle Maschinenanwendungen.<\/p>\n<p>Das Modell 24 E3\/L3 HAWKWAY eignet sich f\u00fcr Eins\u00e4tze, bei denen zuverl\u00e4ssige Traktion, Stabilit\u00e4t und eine passende Tragf\u00e4higkeit wichtig sind. Wichtige technische Angaben: Profiltyp E3\/L3.<\/p>\n<p>AgroTech Solution liefert Landwirtschafts-, Industrie- und Baumaschinenreifen in Europa. Kontaktieren Sie uns, um aktuelle Verf\u00fcgbarkeit, Lieferoptionen und die passende Reifenl\u00f6sung f\u00fcr Ihre Maschine zu best\u00e4tigen.<\/p>\n","protected":false},"excerpt":{"rendered":"<p>Baumaschinenreifen f\u00fcr Lader, Grader und Erdbewegungsmaschinen mit zuverl\u00e4ssiger Leistung im professionellen Einsatz.<\/p>\n","protected":false},"featured_media":38320,"comment_status":"open","ping_status":"closed","template":"","meta":{"inline_featured_image":false},"product_brand":[],"product_cat":[2628],"product_tag":[1969,1970,2771,2773,1912,1672,1687],"class_list":{"0":"post-42053","1":"product","2":"type-product","3":"status-publish","4":"has-post-thumbnail","6":"product_cat-baumaschinenreifen","7":"product_tag-23-5-25","8":"product_tag-24-e3-l3-hawkway","9":"product_tag-bau","10":"product_tag-diagonal-2","11":"product_tag-hawkway","12":"product_tag-loader","13":"product_tag-tt","14":"pa_application-lader","15":"pa_brand-hawkway","16":"pa_construction-diagonal","17":"pa_model-24-e3-l3-hawkway-de","18":"pa_rim-diameter-25-de-2","19":"pa_tl-tt-tt-de-2","20":"pa_tread-type-e3-l3-de","21":"pa_tyre-size-23-5-25-de","22":"pa_width-23-5-de-2","24":"first","25":"outofstock","26":"taxable","27":"shipping-taxable","28":"purchasable","29":"product-type-simple"},"_links":{"self":[{"href":"https:\/\/agrotechtyres.com\/de\/wp-json\/wp\/v2\/product\/42053","targetHints":{"allow":["GET"]}}],"collection":[{"href":"https:\/\/agrotechtyres.com\/de\/wp-json\/wp\/v2\/product"}],"about":[{"href":"https:\/\/agrotechtyres.com\/de\/wp-json\/wp\/v2\/types\/product"}],"replies":[{"embeddable":true,"href":"https:\/\/agrotechtyres.com\/de\/wp-json\/wp\/v2\/comments?post=42053"}],"version-history":[{"count":1,"href":"https:\/\/agrotechtyres.com\/de\/wp-json\/wp\/v2\/product\/42053\/revisions"}],"predecessor-version":[{"id":42399,"href":"https:\/\/agrotechtyres.com\/de\/wp-json\/wp\/v2\/product\/42053\/revisions\/42399"}],"wp:featuredmedia":[{"embeddable":true,"href":"https:\/\/agrotechtyres.com\/de\/wp-json\/wp\/v2\/media\/38320"}],"wp:attachment":[{"href":"https:\/\/agrotechtyres.com\/de\/wp-json\/wp\/v2\/media?parent=42053"}],"wp:term":[{"taxonomy":"product_brand","embeddable":true,"href":"https:\/\/agrotechtyres.com\/de\/wp-json\/wp\/v2\/product_brand?post=42053"},{"taxonomy":"product_cat","embeddable":true,"href":"https:\/\/agrotechtyres.com\/de\/wp-json\/wp\/v2\/product_cat?post=42053"},{"taxonomy":"product_tag","embeddable":true,"href":"https:\/\/agrotechtyres.com\/de\/wp-json\/wp\/v2\/product_tag?post=42053"}],"curies":[{"name":"wp","href":"https:\/\/api.w.org\/{rel}","templated":true}]}}